{"id":1083,"date":"2019-05-06T11:08:05","date_gmt":"2019-05-06T09:08:05","guid":{"rendered":"https:\/\/omnex-panels.com\/faq\/"},"modified":"2019-05-23T11:09:40","modified_gmt":"2019-05-23T09:09:40","slug":"faq","status":"publish","type":"page","link":"https:\/\/omnex-panels.com\/de\/faq\/","title":{"rendered":"FAQ"},"content":{"rendered":"<p>[vc_row css_animation=&#8220;&#8220; row_type=&#8220;row&#8220; use_row_as_full_screen_section=&#8220;no&#8220; type=&#8220;grid&#8220; angled_section=&#8220;no&#8220; text_align=&#8220;left&#8220; background_image_as_pattern=&#8220;without_pattern&#8220; z_index=&#8220;&#8220; el_class=&#8220;faq&#8220; el_id=&#8220;overons&#8220;][vc_column][vc_column_text]<\/p>\n<h1>F.A.Q&#8217;s<\/h1>\n<p>[\/vc_column_text][vc_column_text]<span style=\"font-weight: 400;\">Nachfolgend finden Sie h\u00e4ufig gestellte Fragen zu den Omnex-Platten. Sie k\u00f6nnen uns gerne auch eine Frage mit dem Kontaktformular schicken. Wir antworten Ihnen umgehend. <\/span>[\/vc_column_text][vc_empty_space height=&#8220;40px&#8220;][vc_column_text]<\/p>\n<h4><strong>Kann ich an einer Wand aus Omnex-Platten schwere Objekte aufh\u00e4ngen? <\/strong><\/h4>\n<p>Leichte bis mittelschwere Gegenst\u00e4nde bis maximal 70 kg k\u00f6nnen direkt an einer Wand aus Omnex-Platten aufgeh\u00e4ngt werden. Sie m\u00fcssen dabei geeignete Hohlraumd\u00fcbel und Schrauben verwenden. Weitere Informationen dazu finden Sie in den Verarbeitungshinweisen.<\/p>\n<hr \/>\n<h4><strong>Haben Omnex-Platten eine gute Schallabsorption? <\/strong><\/h4>\n<p>Tests mit der 12 mm Platte haben gezeigt, dass eine Omnex-Platte je nach Frequenz zwei- bis dreimal mehr Schall absorbiert als eine herk\u00f6mmliche Gipskartonplatte.<\/p>\n<hr \/>\n<h4><strong>Kann ich Omnex-Platten direkt auf das Mauerwerk kleben?<\/strong><\/h4>\n<p>Ja, da die Omnex-Platte ein mineralisches Erzeugnis ist, kann man die Platte mit Haftputz oder M\u00f6rtel entsprechend den Herstelleranweisungen direkt auf das Mauerwerk kleben.<br \/>\nWir empfehlen dies jedoch nur f\u00fcr Anwendungen im Innenbereich. F\u00fcr Au\u00dfenanwendungen empfehlen wir immer eine Befestigung der Platten.<\/p>\n<hr \/>\n<h4><strong>Wie l\u00e4sst sich die Schalld\u00e4mmung verbessern?<\/strong><\/h4>\n<p>Bei einer doppelseitigen Wand mit einer Schicht Platten und 100 mm Mineralwolld\u00e4mmung dazwischen erreicht man eine Schalld\u00e4mmung von 47 dB.<br \/>\nDas Verkleben der Fugen zwischen den St\u00f6\u00dfen tr\u00e4gt auch zur Verbesserung der Schalld\u00e4mmung bei.<\/p>\n<hr \/>\n<h4><strong>Kann ich die Omnex-Platten f\u00fcr B\u00f6den verwenden? <\/strong><\/h4>\n<p>Ja, wenn die Platte auf der gesamten Fl\u00e4che aufliegt. Die Platte muss befestigt werden und darf nicht zu gro\u00dfer Feuchte ausgesetzt sein. In Nasszellen muss eine vollst\u00e4ndige Abdichtung vorgenommen werden, wenn die Platte f\u00fcr den Boden verwendet wird.<\/p>\n<hr \/>\n<h4><strong>Eignet sich Omnex als Untergrund f\u00fcr Fliesen und Naturstein?<\/strong><\/h4>\n<p>Ja, Omnex-Platten eignen sich f\u00fcr Keramikverkleidungen und Naturstein.<\/p>\n<hr \/>\n<h4><strong>Brauche ich f\u00fcr die Omnex-Platten eine Grundierung?<\/strong><\/h4>\n<p>Wenn die Platte verputzt oder gefliest werden soll, ist meist keine Vorbehandlung erforderlich. Es k\u00f6nnen alle Anstrichsysteme f\u00fcr mineralisch basierte Platten verwendet werden.<br \/>\nF\u00fcr D\u00fcnnschichtanstriche ist jedoch m\u00f6glicherweise eine Vorbehandlung gem\u00e4\u00df den Verarbeitungshinweisen des Herstellers erforderlich.<\/p>\n<hr \/>\n<h4><strong>K\u00f6nnen Omnex-Platten direkt an OSB-Platten angebracht werden?<\/strong><\/h4>\n<p>Sie k\u00f6nnen Omnex-Platten mit Gipskartonschrauben direkt an OSB-Boards befestigen.[\/vc_column_text][vc_empty_space height=&#8220;40px&#8220;][\/vc_column][\/vc_row]<\/p>\n","protected":false},"excerpt":{"rendered":"<p>[vc_row css_animation=&#8220;&#8220; row_type=&#8220;row&#8220; use_row_as_full_screen_section=&#8220;no&#8220; type=&#8220;grid&#8220; angled_section=&#8220;no&#8220; text_align=&#8220;left&#8220; background_image_as_pattern=&#8220;without_pattern&#8220; z_index=&#8220;&#8220; el_class=&#8220;faq&#8220; el_id=&#8220;overons&#8220;][vc_column][vc_column_text] F.A.Q&#8217;s [\/vc_column_text][vc_column_text]Nachfolgend finden Sie h\u00e4ufig gestellte Fragen zu den Omnex-Platten. Sie k\u00f6nnen uns gerne auch eine Frage mit dem Kontaktformular schicken. Wir antworten Ihnen umgehend. [\/vc_column_text][vc_empty_space height=&#8220;40px&#8220;][vc_column_text] Kann ich an einer Wand aus Omnex-Platten&#8230;<\/p>\n","protected":false},"author":4,"featured_media":0,"parent":0,"menu_order":0,"comment_status":"closed","ping_status":"closed","template":"","meta":[],"acf":[],"_links":{"self":[{"href":"https:\/\/omnex-panels.com\/de\/wp-json\/wp\/v2\/pages\/1083"}],"collection":[{"href":"https:\/\/omnex-panels.com\/de\/wp-json\/wp\/v2\/pages"}],"about":[{"href":"https:\/\/omnex-panels.com\/de\/wp-json\/wp\/v2\/types\/page"}],"author":[{"embeddable":true,"href":"https:\/\/omnex-panels.com\/de\/wp-json\/wp\/v2\/users\/4"}],"replies":[{"embeddable":true,"href":"https:\/\/omnex-panels.com\/de\/wp-json\/wp\/v2\/comments?post=1083"}],"version-history":[{"count":5,"href":"https:\/\/omnex-panels.com\/de\/wp-json\/wp\/v2\/pages\/1083\/revisions"}],"predecessor-version":[{"id":1119,"href":"https:\/\/omnex-panels.com\/de\/wp-json\/wp\/v2\/pages\/1083\/revisions\/1119"}],"wp:attachment":[{"href":"https:\/\/omnex-panels.com\/de\/wp-json\/wp\/v2\/media?parent=1083"}],"curies":[{"name":"wp","href":"https:\/\/api.w.org\/{rel}","templated":true}]}}