{"id":1191,"date":"2019-07-29T09:30:37","date_gmt":"2019-07-29T07:30:37","guid":{"rendered":"https:\/\/omnex-panels.com\/omnex-stone\/"},"modified":"2019-07-29T10:42:42","modified_gmt":"2019-07-29T08:42:42","slug":"omnex-stone","status":"publish","type":"page","link":"https:\/\/omnex-panels.com\/de\/omnex-stone\/","title":{"rendered":"Omnex stone"},"content":{"rendered":"<p>[vc_row css_animation=&#8220;&#8220; row_type=&#8220;row&#8220; use_row_as_full_screen_section=&#8220;no&#8220; type=&#8220;grid&#8220; angled_section=&#8220;no&#8220; text_align=&#8220;left&#8220; background_image_as_pattern=&#8220;without_pattern&#8220; background_color=&#8220;#f3f3f3&#8243; z_index=&#8220;&#8220;][vc_column][vc_column_text el_class=&#8220;text-home&#8220;]<\/p>\n<h1>Omnex stone<\/h1>\n<p>[\/vc_column_text][vc_column_text]Sie finden das Omnex-Paneel jetzt auch in Ihrer Inneneinrichtung.<br \/>\nUnsere Platten werden mit einer d\u00fcnnen Natursteinschicht bearbeitet.<br \/>\nBeeindruckendes Ergebnis!<br \/>\nIdeal f\u00fcr die Innenausstattung von B\u00e4dern, K\u00fcchen, Fenstertabletts und M\u00f6beln.[\/vc_column_text][vc_empty_space height=&#8220;60px&#8220;][\/vc_column][\/vc_row][vc_row css_animation=&#8220;&#8220; row_type=&#8220;row&#8220; use_row_as_full_screen_section=&#8220;no&#8220; type=&#8220;grid&#8220; angled_section=&#8220;no&#8220; text_align=&#8220;left&#8220; background_image_as_pattern=&#8220;without_pattern&#8220; background_color=&#8220;#f3f3f3&#8243; z_index=&#8220;&#8220;][vc_column width=&#8220;1\/2&#8243; el_class=&#8220;vignet-omnex-stone&#8220;][vc_single_image image=&#8220;1163&#8243; img_size=&#8220;full&#8220; qode_css_animation=&#8220;&#8220;][\/vc_column][vc_column width=&#8220;1\/2&#8243; el_class=&#8220;vignet-omnex-stone&#8220;][vc_single_image image=&#8220;1167&#8243; img_size=&#8220;full&#8220; qode_css_animation=&#8220;&#8220;][\/vc_column][\/vc_row][vc_row css_animation=&#8220;&#8220; row_type=&#8220;row&#8220; use_row_as_full_screen_section=&#8220;no&#8220; type=&#8220;full_width&#8220; angled_section=&#8220;no&#8220; text_align=&#8220;left&#8220; background_image_as_pattern=&#8220;without_pattern&#8220; background_color=&#8220;#f3f3f3&#8243; z_index=&#8220;&#8220;][vc_column][vc_empty_space height=&#8220;30px&#8220;][\/vc_column][\/vc_row][vc_row css_animation=&#8220;&#8220; row_type=&#8220;row&#8220; use_row_as_full_screen_section=&#8220;no&#8220; type=&#8220;grid&#8220; angled_section=&#8220;no&#8220; text_align=&#8220;left&#8220; background_image_as_pattern=&#8220;without_pattern&#8220; background_color=&#8220;#f3f3f3&#8243; z_index=&#8220;&#8220;][vc_column width=&#8220;1\/2&#8243; el_class=&#8220;vignet-omnex-stone&#8220;][vc_single_image image=&#8220;1171&#8243; img_size=&#8220;full&#8220; qode_css_animation=&#8220;&#8220;][\/vc_column][vc_column width=&#8220;1\/2&#8243; el_class=&#8220;vignet-omnex-stone&#8220;][vc_single_image image=&#8220;1175&#8243; img_size=&#8220;full&#8220; qode_css_animation=&#8220;&#8220;][\/vc_column][\/vc_row][vc_row css_animation=&#8220;&#8220; row_type=&#8220;row&#8220; use_row_as_full_screen_section=&#8220;no&#8220; type=&#8220;full_width&#8220; angled_section=&#8220;no&#8220; text_align=&#8220;left&#8220; background_image_as_pattern=&#8220;without_pattern&#8220; background_color=&#8220;#f3f3f3&#8243; z_index=&#8220;&#8220;][vc_column][vc_empty_space height=&#8220;50px&#8220;][\/vc_column][\/vc_row]<\/p>\n","protected":false},"excerpt":{"rendered":"<p>[vc_row css_animation=&#8220;&#8220; row_type=&#8220;row&#8220; use_row_as_full_screen_section=&#8220;no&#8220; type=&#8220;grid&#8220; angled_section=&#8220;no&#8220; text_align=&#8220;left&#8220; background_image_as_pattern=&#8220;without_pattern&#8220; background_color=&#8220;#f3f3f3&#8243; z_index=&#8220;&#8220;][vc_column][vc_column_text el_class=&#8220;text-home&#8220;] Omnex stone [\/vc_column_text][vc_column_text]Sie finden das Omnex-Paneel jetzt auch in Ihrer Inneneinrichtung. Unsere Platten werden mit einer d\u00fcnnen Natursteinschicht bearbeitet. Beeindruckendes Ergebnis! Ideal f\u00fcr die Innenausstattung von B\u00e4dern, K\u00fcchen, Fenstertabletts und M\u00f6beln.[\/vc_column_text][vc_empty_space height=&#8220;60px&#8220;][\/vc_column][\/vc_row][vc_row css_animation=&#8220;&#8220; row_type=&#8220;row&#8220;&#8230;<\/p>\n","protected":false},"author":4,"featured_media":0,"parent":0,"menu_order":0,"comment_status":"closed","ping_status":"closed","template":"full_width.php","meta":[],"acf":[],"_links":{"self":[{"href":"https:\/\/omnex-panels.com\/de\/wp-json\/wp\/v2\/pages\/1191"}],"collection":[{"href":"https:\/\/omnex-panels.com\/de\/wp-json\/wp\/v2\/pages"}],"about":[{"href":"https:\/\/omnex-panels.com\/de\/wp-json\/wp\/v2\/types\/page"}],"author":[{"embeddable":true,"href":"https:\/\/omnex-panels.com\/de\/wp-json\/wp\/v2\/users\/4"}],"replies":[{"embeddable":true,"href":"https:\/\/omnex-panels.com\/de\/wp-json\/wp\/v2\/comments?post=1191"}],"version-history":[{"count":1,"href":"https:\/\/omnex-panels.com\/de\/wp-json\/wp\/v2\/pages\/1191\/revisions"}],"predecessor-version":[{"id":1193,"href":"https:\/\/omnex-panels.com\/de\/wp-json\/wp\/v2\/pages\/1191\/revisions\/1193"}],"wp:attachment":[{"href":"https:\/\/omnex-panels.com\/de\/wp-json\/wp\/v2\/media?parent=1191"}],"curies":[{"name":"wp","href":"https:\/\/api.w.org\/{rel}","templated":true}]}}