{"id":1605,"date":"2020-04-10T13:13:26","date_gmt":"2020-04-10T11:13:26","guid":{"rendered":"https:\/\/omnex-panels.com\/omnex-thermo\/"},"modified":"2025-02-04T14:02:54","modified_gmt":"2025-02-04T13:02:54","slug":"omnex-thermo","status":"publish","type":"page","link":"https:\/\/omnex-panels.com\/de\/omnex-thermo\/","title":{"rendered":"Omnex Thermo"},"content":{"rendered":"<p>[vc_row css_animation=&#8220;&#8220; row_type=&#8220;row&#8220; use_row_as_full_screen_section=&#8220;no&#8220; type=&#8220;grid&#8220; angled_section=&#8220;no&#8220; text_align=&#8220;left&#8220; background_image_as_pattern=&#8220;without_pattern&#8220; background_color=&#8220;#383a35&#8243; el_id=&#8220;tech-zone1&#8243; z_index=&#8220;&#8220;][vc_column width=&#8220;1\/2&#8243;][vc_empty_space height=&#8220;30px&#8220; el_class=&#8220;space-zone1&#8243;][vc_column_text el_class=&#8220;text-home&#8220;]<\/p>\n<h1>Omnex Thermo<\/h1>\n<p>Die Omnex Thermo Platte is eine Wasserbest\u00e4ndig Isolierplatte aus einer Kombination von recyceltem Glas un Mineralien. Die Platte ist auf der einen Seite mit Glasfaser und auf der anderen Seite mit einem Glasschleier bedect.<\/p>\n<p>Die Platte kann direkt geklebt werden, ist dampfdurchl\u00e4ssig, einfach zu handhaben und kann in feuchten R\u00e4umen platziert werden.<\/p>\n<p>Das Paneel kann auch mit einem beidseitigen Glasgewebe ausgestattet werden.<\/p>\n<p>[\/vc_column_text][\/vc_column][vc_column width=&#8220;1\/2&#8243;][vc_empty_space height=&#8220;95px&#8220; el_class=&#8220;space-zone1&#8243;][vc_single_image image=&#8220;1586&#8243; img_size=&#8220;full&#8220; qode_css_animation=&#8220;&#8220;][\/vc_column][\/vc_row][vc_row css_animation=&#8220;&#8220; row_type=&#8220;row&#8220; use_row_as_full_screen_section=&#8220;no&#8220; type=&#8220;grid&#8220; angled_section=&#8220;no&#8220; text_align=&#8220;left&#8220; background_image_as_pattern=&#8220;without_pattern&#8220; background_color=&#8220;#383a35&#8243; el_id=&#8220;tech-zone1-mobile&#8220; z_index=&#8220;&#8220;][vc_column width=&#8220;1\/2&#8243;][vc_empty_space height=&#8220;65px&#8220; el_class=&#8220;space-zone1&#8243;][vc_single_image image=&#8220;1586&#8243; img_size=&#8220;full&#8220; qode_css_animation=&#8220;&#8220;][\/vc_column][vc_column width=&#8220;1\/2&#8243;][vc_empty_space height=&#8220;30px&#8220; el_class=&#8220;space-zone1&#8243;][vc_column_text el_class=&#8220;text-home&#8220;]<\/p>\n<h1>Omnex Thermo<\/h1>\n<p>Die Omnex Thermo Platte is eine Wasserbest\u00e4ndig Isolierplatte aus einer Kombination von recyceltem Glas un Mineralien. Die Platte ist auf der einen Seite mit Glasfaser und auf der anderen Seite mit einem Glasschleier bedect.<\/p>\n<p>Die Platte kann direkt geklebt werden, ist dampfdurchl\u00e4ssig, einfach zu handhaben und kann in feuchten R\u00e4umen platziert werden.[\/vc_column_text][\/vc_column][\/vc_row][vc_row css_animation=&#8220;&#8220; row_type=&#8220;row&#8220; use_row_as_full_screen_section=&#8220;no&#8220; type=&#8220;grid&#8220; angled_section=&#8220;no&#8220; text_align=&#8220;left&#8220; background_image_as_pattern=&#8220;without_pattern&#8220; background_color=&#8220;#ffffff&#8220; el_id=&#8220;prod-zonethermo&#8220; z_index=&#8220;&#8220;][vc_column][vc_row_inner row_type=&#8220;row&#8220; type=&#8220;full_width&#8220; text_align=&#8220;left&#8220; css_animation=&#8220;&#8220;][vc_column_inner width=&#8220;1\/2&#8243;][vc_column_text el_class=&#8220;text-thermo&#8220;]<\/p>\n<h3>Innenisolationskapillarplatte<\/h3>\n<p>Die Platte erh\u00f6ht die Oberfl\u00e4chentemperatuur der W\u00e4nde, was einerseits energiesparend wirkt und andereseits das Risiko der Kondensation von Wasserdampf und damit der Schimmelbildung erheblich verringert. Wenn trotz des Anstiegs der Oberfl\u00e4chentemperatuur immer noch kondensiertes Wasser vorhanden ist, wird dieses Wasser auf kapillaren Wegen \u00fcber die gesamte Platte verteilt.[\/vc_column_text][\/vc_column_inner][vc_column_inner width=&#8220;1\/2&#8243;][vc_empty_space height=&#8220;30px&#8220; el_class=&#8220;space-zone1&#8243;][vc_single_image image=&#8220;1580&#8243; img_size=&#8220;full&#8220; qode_css_animation=&#8220;&#8220;][vc_column_text]<\/p>\n<div style=\"font-size: 12px; font-style: italic;\">Infrarotfoto eines Omnex Thermo Platte an einer Innenwand.<\/div>\n<p>[\/vc_column_text][vc_empty_space height=&#8220;30px&#8220; el_class=&#8220;space-zone1&#8243;][\/vc_column_inner][\/vc_row_inner][\/vc_column][\/vc_row][vc_row css_animation=&#8220;&#8220; row_type=&#8220;row&#8220; use_row_as_full_screen_section=&#8220;no&#8220; type=&#8220;grid&#8220; angled_section=&#8220;no&#8220; text_align=&#8220;left&#8220; background_image_as_pattern=&#8220;without_pattern&#8220; background_color=&#8220;#ffffff&#8220; el_id=&#8220;prod-zone2&#8243; z_index=&#8220;&#8220;][vc_column][vc_column_text el_class=&#8220;text-home&#8220;]<\/p>\n<h1>Einzigartigen Eigenschaften Omnex Thermo<\/h1>\n<p>[\/vc_column_text][vc_row_inner row_type=&#8220;row&#8220; type=&#8220;full_width&#8220; text_align=&#8220;left&#8220; css_animation=&#8220;&#8220; el_class=&#8220;icon-list&#8220;][vc_column_inner width=&#8220;1\/3&#8243;][vc_single_image image=&#8220;66&#8243; img_size=&#8220;full&#8220; alignment=&#8220;center&#8220; qode_css_animation=&#8220;&#8220; el_class=&#8220;icon-home&#8220;][vc_column_text el_class=&#8220;text-icon&#8220;]D\u00e4mmend[\/vc_column_text][vc_column_text el_class=&#8220;text-tech&#8220;]W\u00e4rmed\u00e4mmung und Schallabsorber[\/vc_column_text][\/vc_column_inner][vc_column_inner el_class=&#8220;column-hide&#8220; width=&#8220;1\/3&#8243;][vc_single_image image=&#8220;70&#8243; img_size=&#8220;full&#8220; alignment=&#8220;center&#8220; qode_css_animation=&#8220;&#8220; el_class=&#8220;icon-home&#8220;][vc_column_text el_class=&#8220;text-icon&#8220;]Leicht[\/vc_column_text][vc_column_text el_class=&#8220;text-tech&#8220;]sehr einfach zu verarbeiten und zu tragen[\/vc_column_text][\/vc_column_inner][vc_column_inner width=&#8220;1\/3&#8243;][vc_single_image image=&#8220;68&#8243; img_size=&#8220;full&#8220; alignment=&#8220;center&#8220; qode_css_animation=&#8220;&#8220; el_class=&#8220;icon-home&#8220;][vc_column_text el_class=&#8220;text-icon&#8220;]Stabil[\/vc_column_text][vc_column_text el_class=&#8220;text-tech&#8220;]robust und sehr schlagfest[\/vc_column_text][\/vc_column_inner][\/vc_row_inner][vc_row_inner row_type=&#8220;row&#8220; type=&#8220;full_width&#8220; text_align=&#8220;left&#8220; css_animation=&#8220;&#8220; el_class=&#8220;icon-list&#8220;][vc_column_inner width=&#8220;1\/3&#8243;][vc_single_image image=&#8220;64&#8243; img_size=&#8220;full&#8220; alignment=&#8220;center&#8220; qode_css_animation=&#8220;&#8220; el_class=&#8220;icon-home&#8220;][vc_column_text el_class=&#8220;text-icon&#8220;]Diffusionsoffen[\/vc_column_text][vc_column_text el_class=&#8220;text-tech&#8220;]sorgt f\u00fcr eine nat\u00fcrliche Feuchtigkeits- und W\u00e4rmeregulierung[\/vc_column_text][\/vc_column_inner][vc_column_inner el_class=&#8220;column-hide&#8220; width=&#8220;1\/3&#8243;][vc_single_image image=&#8220;69&#8243; img_size=&#8220;full&#8220; alignment=&#8220;center&#8220; qode_css_animation=&#8220;&#8220; el_class=&#8220;icon-home&#8220;][vc_column_text el_class=&#8220;text-icon&#8220;]Wasser- und frostbest\u00e4ndig[\/vc_column_text][vc_column_text el_class=&#8220;text-tech&#8220;]feuchtraumgeeignet und extrem k\u00e4ltebest\u00e4ndig[\/vc_column_text][\/vc_column_inner][vc_column_inner width=&#8220;1\/3&#8243;][vc_single_image image=&#8220;63&#8243; img_size=&#8220;full&#8220; alignment=&#8220;center&#8220; qode_css_animation=&#8220;&#8220; el_class=&#8220;icon-home&#8220;][vc_column_text el_class=&#8220;text-icon&#8220;]Schimmelbest\u00e4ndig[\/vc_column_text][vc_column_text el_class=&#8220;text-tech&#8220;]geeignet f\u00fcr den Medizinsektor und die Lebensmittelbranche[\/vc_column_text][\/vc_column_inner][\/vc_row_inner][vc_row_inner row_type=&#8220;row&#8220; type=&#8220;full_width&#8220; text_align=&#8220;left&#8220; css_animation=&#8220;&#8220; el_class=&#8220;icon-list&#8220;][vc_column_inner width=&#8220;1\/3&#8243;][vc_single_image image=&#8220;65&#8243; img_size=&#8220;full&#8220; alignment=&#8220;center&#8220; qode_css_animation=&#8220;&#8220; el_class=&#8220;icon-home&#8220;][vc_column_text el_class=&#8220;text-icon&#8220;]Umweltfreundlich[\/vc_column_text][vc_column_text el_class=&#8220;text-tech&#8220;]die Platten werden aus Recyclingglas hergestellt und sind daher nachhaltig und wohnraumgeeignet[\/vc_column_text][\/vc_column_inner][vc_column_inner width=&#8220;1\/3&#8243;][\/vc_column_inner][vc_column_inner width=&#8220;1\/3&#8243;][\/vc_column_inner][\/vc_row_inner][vc_empty_space height=&#8220;60px&#8220;][\/vc_column][\/vc_row][vc_row css_animation=&#8220;&#8220; row_type=&#8220;row&#8220; use_row_as_full_screen_section=&#8220;no&#8220; type=&#8220;grid&#8220; angled_section=&#8220;no&#8220; text_align=&#8220;left&#8220; background_image_as_pattern=&#8220;without_pattern&#8220; background_color=&#8220;#ffffff&#8220; el_id=&#8220;home-zonethermo&#8220; z_index=&#8220;&#8220;][vc_column][vc_column_text el_class=&#8220;text-home&#8220;]<\/p>\n<h1>Anwendungen<\/h1>\n<p>[\/vc_column_text][\/vc_column][\/vc_row][vc_row css_animation=&#8220;&#8220; row_type=&#8220;row&#8220; use_row_as_full_screen_section=&#8220;no&#8220; type=&#8220;full_width&#8220; angled_section=&#8220;no&#8220; text_align=&#8220;left&#8220; background_image_as_pattern=&#8220;without_pattern&#8220; background_color=&#8220;#ffffff&#8220; z_index=&#8220;&#8220;][vc_column][rev_slider_vc alias=&#8220;home2-de&#8220;][\/vc_column][\/vc_row][vc_row css_animation=&#8220;&#8220; row_type=&#8220;row&#8220; use_row_as_full_screen_section=&#8220;no&#8220; type=&#8220;grid&#8220; angled_section=&#8220;no&#8220; text_align=&#8220;left&#8220; background_image_as_pattern=&#8220;without_pattern&#8220; background_color=&#8220;#ffffff&#8220; z_index=&#8220;&#8220; el_class=&#8220;down-produ&#8220;][vc_column][vc_column_text el_class=&#8220;text-home&#8220;]<\/p>\n<h1>Downloads<\/h1>\n<p>[\/vc_column_text][vc_row_inner row_type=&#8220;row&#8220; type=&#8220;grid&#8220; text_align=&#8220;center&#8220; css_animation=&#8220;&#8220;][vc_column_inner][vc_column_text el_class=&#8220;button-prod&#8220;]<a href=\"https:\/\/omnex-panels.com\/layout\/uploads\/2020\/04\/Produktdatenblatt-Omnex-Thermo.pdf\" target=\"_blank\" rel=\"noopener noreferrer\"><button>Technisches Datenblatt<\/button><\/a>[\/vc_column_text][\/vc_column_inner][\/vc_row_inner][vc_empty_space height=&#8220;50px&#8220; el_class=&#8220;space-zone1&#8243;][\/vc_column][\/vc_row]<\/p>\n","protected":false},"excerpt":{"rendered":"<p>[vc_row css_animation=&#8220;&#8220; row_type=&#8220;row&#8220; use_row_as_full_screen_section=&#8220;no&#8220; type=&#8220;grid&#8220; angled_section=&#8220;no&#8220; text_align=&#8220;left&#8220; background_image_as_pattern=&#8220;without_pattern&#8220; background_color=&#8220;#383a35&#8243; el_id=&#8220;tech-zone1&#8243; z_index=&#8220;&#8220;][vc_column width=&#8220;1\/2&#8243;][vc_empty_space height=&#8220;30px&#8220; el_class=&#8220;space-zone1&#8243;][vc_column_text el_class=&#8220;text-home&#8220;] Omnex Thermo Die Omnex Thermo Platte is eine Wasserbest\u00e4ndig Isolierplatte aus einer Kombination von recyceltem Glas un Mineralien. Die Platte ist auf der einen Seite mit Glasfaser und auf der&#8230;<\/p>\n","protected":false},"author":4,"featured_media":0,"parent":0,"menu_order":0,"comment_status":"closed","ping_status":"closed","template":"full_width.php","meta":[],"acf":[],"_links":{"self":[{"href":"https:\/\/omnex-panels.com\/de\/wp-json\/wp\/v2\/pages\/1605"}],"collection":[{"href":"https:\/\/omnex-panels.com\/de\/wp-json\/wp\/v2\/pages"}],"about":[{"href":"https:\/\/omnex-panels.com\/de\/wp-json\/wp\/v2\/types\/page"}],"author":[{"embeddable":true,"href":"https:\/\/omnex-panels.com\/de\/wp-json\/wp\/v2\/users\/4"}],"replies":[{"embeddable":true,"href":"https:\/\/omnex-panels.com\/de\/wp-json\/wp\/v2\/comments?post=1605"}],"version-history":[{"count":9,"href":"https:\/\/omnex-panels.com\/de\/wp-json\/wp\/v2\/pages\/1605\/revisions"}],"predecessor-version":[{"id":3366,"href":"https:\/\/omnex-panels.com\/de\/wp-json\/wp\/v2\/pages\/1605\/revisions\/3366"}],"wp:attachment":[{"href":"https:\/\/omnex-panels.com\/de\/wp-json\/wp\/v2\/media?parent=1605"}],"curies":[{"name":"wp","href":"https:\/\/api.w.org\/{rel}","templated":true}]}}