{"id":2410,"date":"2021-02-01T11:11:14","date_gmt":"2021-02-01T10:11:14","guid":{"rendered":"https:\/\/omnex-panels.com\/omnex-sanifit\/"},"modified":"2026-04-13T15:14:15","modified_gmt":"2026-04-13T13:14:15","slug":"omnex-sanifit","status":"publish","type":"page","link":"https:\/\/omnex-panels.com\/de\/omnex-sanifit\/","title":{"rendered":"Omnex Sani-Fit"},"content":{"rendered":"<p>[vc_row css_animation=&#8220;&#8220; row_type=&#8220;row&#8220; use_row_as_full_screen_section=&#8220;no&#8220; type=&#8220;grid&#8220; angled_section=&#8220;no&#8220; text_align=&#8220;left&#8220; background_image_as_pattern=&#8220;without_pattern&#8220; background_color=&#8220;#383a35&#8243; el_id=&#8220;tech-zone1&#8243; z_index=&#8220;&#8220;][vc_column width=&#8220;1\/2&#8243;][vc_empty_space height=&#8220;30px&#8220; el_class=&#8220;space-zone1&#8243;][vc_column_text el_class=&#8220;text-home&#8220;]<\/p>\n<h1>Omnex Sani-Fit<\/h1>\n<p>Omnex Sani-Fit ist ein fertiges Montageelement, das sich zur Verkleidung von Sanit\u00e4rinstallationsw\u00e4nden bei Trocken-Fertigstellung eignet. Die Platte hat die n\u00f6tigen Aussparungen.<\/p>\n<p>Nach der Platzierung der Platte am Rahmen kann die Platte direkt, ohne Vorbehand-lung, gefliest, mit Mosaiken besetzt und\/oder verputzt werden.<\/p>\n<p>Mit Omnex Sani-Fit gewinnen Sie Zeit und Komfort![\/vc_column_text][\/vc_column][vc_column width=&#8220;1\/2&#8243;][vc_single_image image=&#8220;2141&#8243; img_size=&#8220;full&#8220; qode_css_animation=&#8220;&#8220;][\/vc_column][\/vc_row][vc_row css_animation=&#8220;&#8220; row_type=&#8220;row&#8220; use_row_as_full_screen_section=&#8220;no&#8220; type=&#8220;grid&#8220; angled_section=&#8220;no&#8220; text_align=&#8220;left&#8220; background_image_as_pattern=&#8220;without_pattern&#8220; background_color=&#8220;#383a35&#8243; el_id=&#8220;tech-zone1-mobile&#8220; z_index=&#8220;&#8220;][vc_column width=&#8220;1\/2&#8243;][vc_single_image image=&#8220;2141&#8243; img_size=&#8220;full&#8220; qode_css_animation=&#8220;&#8220;][\/vc_column][vc_column width=&#8220;1\/2&#8243;][vc_empty_space height=&#8220;30px&#8220; el_class=&#8220;space-zone1&#8243;][vc_column_text el_class=&#8220;text-home&#8220;]<\/p>\n<h1>Omnex Sani-Fit<\/h1>\n<p>Omnex Sani-Fit ist ein fertiges Montageelement, das sich zur Verkleidung von Sanit\u00e4rinstallationsw\u00e4nden bei Trocken-Fertigstellung eignet. Die Platte hat die n\u00f6tigen Aussparungen.<\/p>\n<p>Nach der Platzierung der Platte am Rahmen kann die Platte direkt, ohne Vorbehand-lung, gefliest, mit Mosaiken besetzt und\/oder verputzt werden.<\/p>\n<p>Mit Omnex Sani-Fit gewinnen Sie Zeit und Komfort![\/vc_column_text][\/vc_column][\/vc_row][vc_row css_animation=&#8220;&#8220; row_type=&#8220;row&#8220; use_row_as_full_screen_section=&#8220;no&#8220; type=&#8220;grid&#8220; angled_section=&#8220;no&#8220; text_align=&#8220;left&#8220; background_image_as_pattern=&#8220;without_pattern&#8220; background_color=&#8220;#ffffff&#8220; el_id=&#8220;prod-zone2&#8243; z_index=&#8220;&#8220;][vc_column][vc_column_text el_class=&#8220;text-home&#8220;]<\/p>\n<h1>Die einzigartigen Eigenschaften von Omnex Sani-Fit<\/h1>\n<p>[\/vc_column_text][vc_row_inner row_type=&#8220;row&#8220; type=&#8220;full_width&#8220; text_align=&#8220;left&#8220; css_animation=&#8220;&#8220; el_class=&#8220;icon-list&#8220;][vc_column_inner width=&#8220;1\/3&#8243;][vc_single_image image=&#8220;2137&#8243; img_size=&#8220;full&#8220; alignment=&#8220;center&#8220; qode_css_animation=&#8220;&#8220; el_class=&#8220;icon-home&#8220;][vc_column_text el_class=&#8220;text-icon&#8220;]Gebrauchsfertig[\/vc_column_text][vc_column_text el_class=&#8220;text-tech&#8220;]mit den n\u00f6tigen\u00a0Aussparungen versehen[\/vc_column_text][\/vc_column_inner][vc_column_inner width=&#8220;1\/3&#8243;][vc_single_image image=&#8220;70&#8243; img_size=&#8220;full&#8220; alignment=&#8220;center&#8220; qode_css_animation=&#8220;&#8220; el_class=&#8220;icon-home&#8220;][vc_column_text el_class=&#8220;text-icon&#8220;]Leicht[\/vc_column_text][vc_column_text el_class=&#8220;text-tech&#8220;]sehr einfach zu verarbeiten und zu tragen[\/vc_column_text][\/vc_column_inner][vc_column_inner el_class=&#8220;column-hide&#8220; width=&#8220;1\/3&#8243;][vc_single_image image=&#8220;64&#8243; img_size=&#8220;full&#8220; alignment=&#8220;center&#8220; qode_css_animation=&#8220;&#8220; el_class=&#8220;icon-home&#8220;][vc_column_text el_class=&#8220;text-icon&#8220;]Dampfoffen[\/vc_column_text][vc_column_text el_class=&#8220;text-tech&#8220;]sorgt f\u00fcr eine nat\u00fcrliche Feuchtigkeits- und W\u00e4rmeregulierung[\/vc_column_text][\/vc_column_inner][\/vc_row_inner][vc_row_inner row_type=&#8220;row&#8220; type=&#8220;full_width&#8220; text_align=&#8220;left&#8220; css_animation=&#8220;&#8220; el_class=&#8220;icon-list&#8220;][vc_column_inner width=&#8220;1\/3&#8243;][vc_single_image image=&#8220;68&#8243; img_size=&#8220;full&#8220; alignment=&#8220;center&#8220; qode_css_animation=&#8220;&#8220; el_class=&#8220;icon-home&#8220;][vc_column_text el_class=&#8220;text-icon&#8220;]Stark[\/vc_column_text][vc_column_text el_class=&#8220;text-tech&#8220;]robust und sehr schlagfest[\/vc_column_text][\/vc_column_inner][vc_column_inner width=&#8220;1\/3&#8243;][vc_single_image image=&#8220;66&#8243; img_size=&#8220;full&#8220; alignment=&#8220;center&#8220; qode_css_animation=&#8220;&#8220; el_class=&#8220;icon-home&#8220;][vc_column_text el_class=&#8220;text-icon&#8220;]D\u00e4mmend[\/vc_column_text][vc_column_text el_class=&#8220;text-tech&#8220;]schallabsorbierende und w\u00e4rmed\u00e4mmende Eigenschaften[\/vc_column_text][\/vc_column_inner][vc_column_inner el_class=&#8220;column-hide&#8220; width=&#8220;1\/3&#8243;][vc_single_image image=&#8220;69&#8243; img_size=&#8220;full&#8220; alignment=&#8220;center&#8220; qode_css_animation=&#8220;&#8220; el_class=&#8220;icon-home&#8220;][vc_column_text el_class=&#8220;text-icon&#8220;]Wasser- und frostbest\u00e4ndig[\/vc_column_text][vc_column_text el_class=&#8220;text-tech&#8220;]feuchtraumgeeignet und extrem k\u00e4ltebest\u00e4ndig[\/vc_column_text][\/vc_column_inner][\/vc_row_inner][vc_row_inner row_type=&#8220;row&#8220; type=&#8220;full_width&#8220; text_align=&#8220;left&#8220; css_animation=&#8220;&#8220; el_class=&#8220;icon-list&#8220;][vc_column_inner width=&#8220;1\/3&#8243;][vc_single_image image=&#8220;63&#8243; img_size=&#8220;full&#8220; alignment=&#8220;center&#8220; qode_css_animation=&#8220;&#8220; el_class=&#8220;icon-home&#8220;][vc_column_text el_class=&#8220;text-icon&#8220;]Beugt Schimmel vor[\/vc_column_text][vc_column_text el_class=&#8220;text-tech&#8220;]schallabsorbierende und w\u00e4rmed\u00e4mmende Eigenschaften[\/vc_column_text][\/vc_column_inner][vc_column_inner width=&#8220;1\/3&#8243;][vc_single_image image=&#8220;65&#8243; img_size=&#8220;full&#8220; alignment=&#8220;center&#8220; qode_css_animation=&#8220;&#8220; el_class=&#8220;icon-home&#8220;][vc_column_text el_class=&#8220;text-icon&#8220;]Umweltfreundlich[\/vc_column_text][vc_column_text el_class=&#8220;text-tech&#8220;]hergestellt aus Recyclingglas. Hierdurch sind die Platten nachhaltig und wohnraumgeeignet.[\/vc_column_text][\/vc_column_inner][vc_column_inner width=&#8220;1\/3&#8243;][\/vc_column_inner][\/vc_row_inner][vc_empty_space height=&#8220;60px&#8220;][\/vc_column][\/vc_row][vc_row css_animation=&#8220;&#8220; row_type=&#8220;row&#8220; use_row_as_full_screen_section=&#8220;no&#8220; type=&#8220;grid&#8220; angled_section=&#8220;no&#8220; text_align=&#8220;left&#8220; background_image_as_pattern=&#8220;without_pattern&#8220; background_color=&#8220;#ffffff&#8220; z_index=&#8220;&#8220; el_class=&#8220;down-produ&#8220;][vc_column][vc_separator type=&#8220;normal&#8220;][vc_column_text el_class=&#8220;text-home&#8220;]<\/p>\n<h1>Downloads<\/h1>\n<p>[\/vc_column_text][vc_row_inner row_type=&#8220;row&#8220; type=&#8220;grid&#8220; text_align=&#8220;center&#8220; css_animation=&#8220;&#8220;][vc_column_inner width=&#8220;1\/2&#8243;][vc_column_text el_class=&#8220;button-prod&#8220;]<a href=\"https:\/\/omnex-panels.com\/layout\/uploads\/2021\/02\/Insallationanleitung-Omnex-Sani-Fit.pdf\" target=\"_blank\" rel=\"noopener noreferrer\"><button>Montageanleitung<\/button><\/a>[\/vc_column_text][\/vc_column_inner][vc_column_inner width=&#8220;1\/2&#8243;][vc_column_text el_class=&#8220;button-prod&#8220;]<a href=\"https:\/\/omnex-panels.com\/layout\/uploads\/2021\/02\/Produktdatenblatt-Omnex-Sani-Fit.pdf\" target=\"_blank\" rel=\"noopener noreferrer\"><button>Technisches Datenblatt<\/button><\/a>[\/vc_column_text][\/vc_column_inner][\/vc_row_inner][vc_empty_space height=&#8220;50px&#8220; el_class=&#8220;space-zone1&#8243;][vc_row_inner row_type=&#8220;row&#8220; type=&#8220;full_width&#8220; text_align=&#8220;center&#8220; css_animation=&#8220;&#8220;][vc_column_inner][vc_column_text el_class=&#8220;button-prod&#8220;]<\/p>\n<p>Das <strong>Sicherheitsdatenblatt<\/strong> kann hier angefordert werden : <a href=\"mailto:info@omnex-panels.com\">info@omnex-panels.com<\/a><\/p>\n<p>[\/vc_column_text][\/vc_column_inner][\/vc_row_inner][vc_empty_space height=&#8220;50px&#8220; el_class=&#8220;space-zone1&#8243;][\/vc_column][\/vc_row]<\/p>\n","protected":false},"excerpt":{"rendered":"<p>[vc_row css_animation=&#8220;&#8220; row_type=&#8220;row&#8220; use_row_as_full_screen_section=&#8220;no&#8220; type=&#8220;grid&#8220; angled_section=&#8220;no&#8220; text_align=&#8220;left&#8220; background_image_as_pattern=&#8220;without_pattern&#8220; background_color=&#8220;#383a35&#8243; el_id=&#8220;tech-zone1&#8243; z_index=&#8220;&#8220;][vc_column width=&#8220;1\/2&#8243;][vc_empty_space height=&#8220;30px&#8220; el_class=&#8220;space-zone1&#8243;][vc_column_text el_class=&#8220;text-home&#8220;] Omnex Sani-Fit Omnex Sani-Fit ist ein fertiges Montageelement, das sich zur Verkleidung von Sanit\u00e4rinstallationsw\u00e4nden bei Trocken-Fertigstellung eignet. Die Platte hat die n\u00f6tigen Aussparungen. Nach der Platzierung der Platte am Rahmen&#8230;<\/p>\n","protected":false},"author":4,"featured_media":0,"parent":0,"menu_order":0,"comment_status":"closed","ping_status":"closed","template":"full_width.php","meta":[],"acf":[],"_links":{"self":[{"href":"https:\/\/omnex-panels.com\/de\/wp-json\/wp\/v2\/pages\/2410"}],"collection":[{"href":"https:\/\/omnex-panels.com\/de\/wp-json\/wp\/v2\/pages"}],"about":[{"href":"https:\/\/omnex-panels.com\/de\/wp-json\/wp\/v2\/types\/page"}],"author":[{"embeddable":true,"href":"https:\/\/omnex-panels.com\/de\/wp-json\/wp\/v2\/users\/4"}],"replies":[{"embeddable":true,"href":"https:\/\/omnex-panels.com\/de\/wp-json\/wp\/v2\/comments?post=2410"}],"version-history":[{"count":6,"href":"https:\/\/omnex-panels.com\/de\/wp-json\/wp\/v2\/pages\/2410\/revisions"}],"predecessor-version":[{"id":3422,"href":"https:\/\/omnex-panels.com\/de\/wp-json\/wp\/v2\/pages\/2410\/revisions\/3422"}],"wp:attachment":[{"href":"https:\/\/omnex-panels.com\/de\/wp-json\/wp\/v2\/media?parent=2410"}],"curies":[{"name":"wp","href":"https:\/\/api.w.org\/{rel}","templated":true}]}}