{"id":2608,"date":"2021-03-24T16:03:41","date_gmt":"2021-03-24T15:03:41","guid":{"rendered":"https:\/\/omnex-panels.com\/?page_id=2608"},"modified":"2026-04-13T15:10:12","modified_gmt":"2026-04-13T13:10:12","slug":"omnex-classic-a2","status":"publish","type":"page","link":"https:\/\/omnex-panels.com\/de\/omnex-classic-a2\/","title":{"rendered":"Omnex Classic A2"},"content":{"rendered":"<p>[vc_row css_animation=&#8220;&#8220; row_type=&#8220;row&#8220; use_row_as_full_screen_section=&#8220;no&#8220; type=&#8220;grid&#8220; angled_section=&#8220;no&#8220; text_align=&#8220;left&#8220; background_image_as_pattern=&#8220;without_pattern&#8220; background_color=&#8220;#383a35&#8243; el_id=&#8220;tech-zone1&#8243; z_index=&#8220;&#8220;][vc_column width=&#8220;1\/2&#8243;][vc_empty_space height=&#8220;30px&#8220; el_class=&#8220;space-zone1&#8243;][vc_column_text el_class=&#8220;text-home&#8220;]<\/p>\n<h1>Omnex Classic A2<\/h1>\n<p>Das Omnex Classic A2-Paneel hat die gleichen Eigenschaften wie das Omnex Classic-Paneel, mit dem Unterschied, dass das Paneel eine Brandklasse A2 gem\u00e4\u00df der europ\u00e4ischen Brandreaktionsklassifizierung aufweist.<\/p>\n<p>Die Feuerklasse eines Materials bestimmt, wie viel Energie und W\u00e4rme w\u00e4hrend eines Feuers freigesetzt wird und wie leicht es zum Ausbruch und zur Ausbreitung eines Feuers beitr\u00e4gt.<\/p>\n<p>Das (praktisch) nicht brennbare Omnex Classic A2-Blatt ist daher sicher zu verwenden.<\/p>\n<p>Mit diesen Leichtbauplatten sparen Sie Zeit auf der Baustelle.[\/vc_column_text][\/vc_column][vc_column width=&#8220;1\/2&#8243;][vc_empty_space height=&#8220;140px&#8220; el_class=&#8220;space-zone1&#8243;][vc_single_image image=&#8220;2545&#8243; img_size=&#8220;full&#8220; qode_css_animation=&#8220;&#8220;][\/vc_column][\/vc_row][vc_row css_animation=&#8220;&#8220; row_type=&#8220;row&#8220; use_row_as_full_screen_section=&#8220;no&#8220; type=&#8220;grid&#8220; angled_section=&#8220;no&#8220; text_align=&#8220;left&#8220; background_image_as_pattern=&#8220;without_pattern&#8220; background_color=&#8220;#383a35&#8243; el_id=&#8220;tech-zone1-mobile&#8220; z_index=&#8220;&#8220;][vc_column width=&#8220;1\/2&#8243;][vc_empty_space height=&#8220;65px&#8220; el_class=&#8220;space-zone1&#8243;][vc_single_image image=&#8220;2545&#8243; img_size=&#8220;full&#8220; qode_css_animation=&#8220;&#8220;][\/vc_column][vc_column width=&#8220;1\/2&#8243;][vc_empty_space height=&#8220;30px&#8220; el_class=&#8220;space-zone1&#8243;][vc_column_text el_class=&#8220;text-home&#8220;]<\/p>\n<h1>Omnex Classic A2<\/h1>\n<p>Das Omnex Classic A2-Paneel hat die gleichen Eigenschaften wie das Omnex Classic-Paneel, mit dem Unterschied, dass das Paneel eine Brandklasse A2 gem\u00e4\u00df der europ\u00e4ischen Brandreaktionsklassifizierung aufweist.<\/p>\n<p>Die Feuerklasse eines Materials bestimmt, wie viel Energie und W\u00e4rme w\u00e4hrend eines Feuers freigesetzt wird und wie leicht es zum Ausbruch und zur Ausbreitung eines Feuers beitr\u00e4gt.<\/p>\n<p>Das (praktisch) nicht brennbare Omnex Classic A2-Blatt ist daher sicher zu verwenden.[\/vc_column_text][\/vc_column][\/vc_row][vc_row css_animation=&#8220;&#8220; row_type=&#8220;row&#8220; use_row_as_full_screen_section=&#8220;no&#8220; type=&#8220;grid&#8220; angled_section=&#8220;no&#8220; text_align=&#8220;left&#8220; background_image_as_pattern=&#8220;without_pattern&#8220; background_color=&#8220;#ffffff&#8220; el_id=&#8220;prod-zone2&#8243; z_index=&#8220;&#8220;][vc_column][vc_column_text el_class=&#8220;text-home&#8220;]<\/p>\n<h1>Einzigartigen Eigenschaften Omnex Classic A2<\/h1>\n<p>[\/vc_column_text][vc_row_inner row_type=&#8220;row&#8220; type=&#8220;full_width&#8220; text_align=&#8220;left&#8220; css_animation=&#8220;&#8220; el_class=&#8220;icon-list&#8220;][vc_column_inner width=&#8220;1\/3&#8243;][vc_single_image image=&#8220;2551&#8243; img_size=&#8220;full&#8220; alignment=&#8220;center&#8220; qode_css_animation=&#8220;&#8220; el_class=&#8220;icon-home&#8220;][vc_column_text el_class=&#8220;text-icon&#8220;]Feuerresistent[\/vc_column_text][vc_column_text el_class=&#8220;text-tech&#8220;]Brandklasse A2[\/vc_column_text][\/vc_column_inner][vc_column_inner width=&#8220;1\/3&#8243;][vc_single_image image=&#8220;67&#8243; img_size=&#8220;full&#8220; alignment=&#8220;center&#8220; qode_css_animation=&#8220;&#8220; el_class=&#8220;icon-home&#8220;][vc_column_text el_class=&#8220;text-icon&#8220;]Multifunktional[\/vc_column_text][vc_column_text el_class=&#8220;text-tech&#8220;]sowohl f\u00fcr Innen- als auch f\u00fcr Au\u00dfenanwendungen geeignet[\/vc_column_text][\/vc_column_inner][vc_column_inner el_class=&#8220;column-hide&#8220; width=&#8220;1\/3&#8243;][vc_single_image image=&#8220;70&#8243; img_size=&#8220;full&#8220; alignment=&#8220;center&#8220; qode_css_animation=&#8220;&#8220; el_class=&#8220;icon-home&#8220;][vc_column_text el_class=&#8220;text-icon&#8220;]Leicht[\/vc_column_text][vc_column_text el_class=&#8220;text-tech&#8220;]sehr einfach zu verarbeiten und zu tragen[\/vc_column_text][\/vc_column_inner][\/vc_row_inner][vc_row_inner row_type=&#8220;row&#8220; type=&#8220;full_width&#8220; text_align=&#8220;left&#8220; css_animation=&#8220;&#8220; el_class=&#8220;icon-list&#8220;][vc_column_inner width=&#8220;1\/3&#8243;][vc_single_image image=&#8220;64&#8243; img_size=&#8220;full&#8220; alignment=&#8220;center&#8220; qode_css_animation=&#8220;&#8220; el_class=&#8220;icon-home&#8220;][vc_column_text el_class=&#8220;text-icon&#8220;]Diffusionsoffen[\/vc_column_text][vc_column_text el_class=&#8220;text-tech&#8220;]sorgt f\u00fcr eine nat\u00fcrliche Feuchtigkeits- und W\u00e4rmeregulierung[\/vc_column_text][\/vc_column_inner][vc_column_inner width=&#8220;1\/3&#8243;][vc_single_image image=&#8220;68&#8243; img_size=&#8220;full&#8220; alignment=&#8220;center&#8220; qode_css_animation=&#8220;&#8220; el_class=&#8220;icon-home&#8220;][vc_column_text el_class=&#8220;text-icon&#8220;]Stabil[\/vc_column_text][vc_column_text el_class=&#8220;text-tech&#8220;]robust und sehr schlagfest[\/vc_column_text][\/vc_column_inner][vc_column_inner el_class=&#8220;column-hide&#8220; width=&#8220;1\/3&#8243;][vc_single_image image=&#8220;240&#8243; img_size=&#8220;full&#8220; alignment=&#8220;center&#8220; qode_css_animation=&#8220;&#8220; el_class=&#8220;icon-home&#8220;][vc_column_text el_class=&#8220;text-icon&#8220;]Biegsam[\/vc_column_text][vc_column_text el_class=&#8220;text-tech&#8220;]praktisch f\u00fcr Rundb\u00f6gen und Badewannenverkleidungen<span class=\"Apple-converted-space\">\u00a0<\/span>[\/vc_column_text][\/vc_column_inner][\/vc_row_inner][vc_row_inner row_type=&#8220;row&#8220; type=&#8220;full_width&#8220; text_align=&#8220;left&#8220; css_animation=&#8220;&#8220; el_class=&#8220;icon-list&#8220;][vc_column_inner width=&#8220;1\/3&#8243;][vc_single_image image=&#8220;66&#8243; img_size=&#8220;full&#8220; alignment=&#8220;center&#8220; qode_css_animation=&#8220;&#8220; el_class=&#8220;icon-home&#8220;][vc_column_text el_class=&#8220;text-icon&#8220;]D\u00e4mmend[\/vc_column_text][vc_column_text el_class=&#8220;text-tech&#8220;]bietet Schall- und W\u00e4rmed\u00e4mmwirkung[\/vc_column_text][\/vc_column_inner][vc_column_inner width=&#8220;1\/3&#8243;][vc_single_image image=&#8220;69&#8243; img_size=&#8220;full&#8220; alignment=&#8220;center&#8220; qode_css_animation=&#8220;&#8220; el_class=&#8220;icon-home&#8220;][vc_column_text el_class=&#8220;text-icon&#8220;]Wasser- und frostbest\u00e4ndig[\/vc_column_text][vc_column_text el_class=&#8220;text-tech&#8220;]feuchtraumgeeignet und extrem k\u00e4ltebest\u00e4ndig[\/vc_column_text][\/vc_column_inner][vc_column_inner width=&#8220;1\/3&#8243;][vc_single_image image=&#8220;63&#8243; img_size=&#8220;full&#8220; alignment=&#8220;center&#8220; qode_css_animation=&#8220;&#8220; el_class=&#8220;icon-home&#8220;][vc_column_text el_class=&#8220;text-icon&#8220;]Schimmelbest\u00e4ndig[\/vc_column_text][vc_column_text el_class=&#8220;text-tech&#8220;]geeignet f\u00fcr den Medizinsektor und die Lebensmittelbranche[\/vc_column_text][\/vc_column_inner][\/vc_row_inner][vc_row_inner row_type=&#8220;row&#8220; type=&#8220;full_width&#8220; text_align=&#8220;left&#8220; css_animation=&#8220;&#8220; el_class=&#8220;icon-list&#8220;][vc_column_inner width=&#8220;1\/3&#8243;][vc_single_image image=&#8220;65&#8243; img_size=&#8220;full&#8220; alignment=&#8220;center&#8220; qode_css_animation=&#8220;&#8220; el_class=&#8220;icon-home&#8220;][vc_column_text el_class=&#8220;text-icon&#8220;]Umweltfreundlich[\/vc_column_text][vc_column_text el_class=&#8220;text-tech&#8220;]die Platten werden aus<span class=\"Apple-converted-space\">\u00a0<\/span>Recyclingglas hergestellt und sind daher nachhaltig und<span class=\"Apple-converted-space\">\u00a0<\/span>wohnraumgeeignet[\/vc_column_text][\/vc_column_inner][\/vc_row_inner][vc_empty_space height=&#8220;60px&#8220;][\/vc_column][\/vc_row][vc_row css_animation=&#8220;&#8220; row_type=&#8220;row&#8220; use_row_as_full_screen_section=&#8220;no&#8220; type=&#8220;grid&#8220; angled_section=&#8220;no&#8220; text_align=&#8220;left&#8220; background_image_as_pattern=&#8220;without_pattern&#8220; background_color=&#8220;#ffffff&#8220; z_index=&#8220;&#8220; el_id=&#8220;home-zone2&#8243;][vc_column][vc_column_text el_class=&#8220;text-home&#8220;]<\/p>\n<h1>Anwendungen<\/h1>\n<p>[\/vc_column_text][\/vc_column][\/vc_row][vc_row css_animation=&#8220;&#8220; row_type=&#8220;row&#8220; use_row_as_full_screen_section=&#8220;no&#8220; type=&#8220;full_width&#8220; angled_section=&#8220;no&#8220; text_align=&#8220;left&#8220; background_image_as_pattern=&#8220;without_pattern&#8220; background_color=&#8220;#ffffff&#8220; z_index=&#8220;&#8220;][vc_column][rev_slider_vc alias=&#8220;home2-de&#8220;][\/vc_column][\/vc_row][vc_row css_animation=&#8220;&#8220; row_type=&#8220;row&#8220; use_row_as_full_screen_section=&#8220;no&#8220; type=&#8220;grid&#8220; angled_section=&#8220;no&#8220; text_align=&#8220;left&#8220; background_image_as_pattern=&#8220;without_pattern&#8220; background_color=&#8220;#ffffff&#8220; z_index=&#8220;&#8220; el_class=&#8220;down-produ&#8220;][vc_column][vc_column_text el_class=&#8220;text-home&#8220;]<\/p>\n<h1>Downloads<\/h1>\n<p>[\/vc_column_text][vc_row_inner row_type=&#8220;row&#8220; type=&#8220;grid&#8220; text_align=&#8220;center&#8220; css_animation=&#8220;&#8220;][vc_column_inner width=&#8220;1\/2&#8243;][vc_column_text el_class=&#8220;button-prod&#8220;]<a href=\"https:\/\/omnex-panels.com\/layout\/uploads\/2021\/03\/OmnexClassicA2-userguide-DE.pdf\" target=\"_blank\" rel=\"noopener noreferrer\"><button>Montageanleitung<\/button><\/a>[\/vc_column_text][\/vc_column_inner][vc_column_inner width=&#8220;1\/2&#8243;][vc_column_text el_class=&#8220;button-prod&#8220;]<a href=\"https:\/\/omnex-panels.com\/layout\/uploads\/2021\/03\/OmnexClassicA2-productsheet-DE.pdf\" target=\"_blank\" rel=\"noopener noreferrer\"><button>Technisches Datenblatt<\/button><\/a>[\/vc_column_text][\/vc_column_inner][\/vc_row_inner][vc_empty_space height=&#8220;50px&#8220; el_class=&#8220;space-zone1&#8243;][vc_row_inner row_type=&#8220;row&#8220; type=&#8220;full_width&#8220; text_align=&#8220;center&#8220; css_animation=&#8220;&#8220;][vc_column_inner][vc_column_text el_class=&#8220;button-prod&#8220;]<\/p>\n<p>Das <strong>Sicherheitsdatenblatt<\/strong> kann hier angefordert werden : <a href=\"mailto:info@omnex-panels.com\">info@omnex-panels.com<\/a><\/p>\n<p>[\/vc_column_text][\/vc_column_inner][\/vc_row_inner][vc_empty_space height=&#8220;50px&#8220; el_class=&#8220;space-zone1&#8243;][\/vc_column][\/vc_row]<\/p>\n","protected":false},"excerpt":{"rendered":"<p>[vc_row css_animation=&#8220;&#8220; row_type=&#8220;row&#8220; use_row_as_full_screen_section=&#8220;no&#8220; type=&#8220;grid&#8220; angled_section=&#8220;no&#8220; text_align=&#8220;left&#8220; background_image_as_pattern=&#8220;without_pattern&#8220; background_color=&#8220;#383a35&#8243; el_id=&#8220;tech-zone1&#8243; z_index=&#8220;&#8220;][vc_column width=&#8220;1\/2&#8243;][vc_empty_space height=&#8220;30px&#8220; el_class=&#8220;space-zone1&#8243;][vc_column_text el_class=&#8220;text-home&#8220;] Omnex Classic A2 Das Omnex Classic A2-Paneel hat die gleichen Eigenschaften wie das Omnex Classic-Paneel, mit dem Unterschied, dass das Paneel eine Brandklasse A2 gem\u00e4\u00df der europ\u00e4ischen Brandreaktionsklassifizierung aufweist. Die&#8230;<\/p>\n","protected":false},"author":4,"featured_media":0,"parent":0,"menu_order":0,"comment_status":"closed","ping_status":"closed","template":"full_width.php","meta":[],"acf":[],"_links":{"self":[{"href":"https:\/\/omnex-panels.com\/de\/wp-json\/wp\/v2\/pages\/2608"}],"collection":[{"href":"https:\/\/omnex-panels.com\/de\/wp-json\/wp\/v2\/pages"}],"about":[{"href":"https:\/\/omnex-panels.com\/de\/wp-json\/wp\/v2\/types\/page"}],"author":[{"embeddable":true,"href":"https:\/\/omnex-panels.com\/de\/wp-json\/wp\/v2\/users\/4"}],"replies":[{"embeddable":true,"href":"https:\/\/omnex-panels.com\/de\/wp-json\/wp\/v2\/comments?post=2608"}],"version-history":[{"count":9,"href":"https:\/\/omnex-panels.com\/de\/wp-json\/wp\/v2\/pages\/2608\/revisions"}],"predecessor-version":[{"id":3414,"href":"https:\/\/omnex-panels.com\/de\/wp-json\/wp\/v2\/pages\/2608\/revisions\/3414"}],"wp:attachment":[{"href":"https:\/\/omnex-panels.com\/de\/wp-json\/wp\/v2\/media?parent=2608"}],"curies":[{"name":"wp","href":"https:\/\/api.w.org\/{rel}","templated":true}]}}