{"id":799,"date":"2018-05-02T15:39:51","date_gmt":"2018-05-02T13:39:51","guid":{"rendered":"https:\/\/omnex-panels.com\/bedrijf\/"},"modified":"2023-01-31T10:30:00","modified_gmt":"2023-01-31T09:30:00","slug":"unternehmen","status":"publish","type":"page","link":"https:\/\/omnex-panels.com\/de\/unternehmen\/","title":{"rendered":"Unternehmen"},"content":{"rendered":"<p>[vc_row css_animation=&#8220;&#8220; row_type=&#8220;row&#8220; use_row_as_full_screen_section=&#8220;no&#8220; type=&#8220;grid&#8220; angled_section=&#8220;no&#8220; text_align=&#8220;left&#8220; background_image_as_pattern=&#8220;without_pattern&#8220; z_index=&#8220;&#8220; el_id=&#8220;overons&#8220;][vc_column][vc_column_text]<\/p>\n<h1>Unternehmen<\/h1>\n<p>[\/vc_column_text][vc_row_inner row_type=&#8220;row&#8220; type=&#8220;full_width&#8220; text_align=&#8220;left&#8220; css_animation=&#8220;&#8220;][vc_column_inner][vc_column_text el_class=&#8220;text-overons&#8220;]Omnex ist ein belgischer Hersteller sehr leichte, innovativer und nachhaltiger Bauplatten, die vielf\u00e4ltige Anwendungen bei Neu- und Umbauten sowie Renovierungen finden. Die Omnex-Platten sind die ideale L\u00f6sung f\u00fcr W\u00e4nde und Decken im Innen- und Au\u00dfenbereich.<\/p>\n<p>Omnex ist der ideale Partner f\u00fcr alle in der Baubranche t\u00e4tigen Firmen und steht Architekten, Bauunternehmen, H\u00e4ndlern und Endnutzern mit Rat und Tat zur Seite.<\/p>\n<p>Bei Omnex hat Umweltbewusstsein einen hohen Stellenwert. Deshalb hat sich Omnex bewusst daf\u00fcr entschieden, Platten zu entwickeln und zu fertigen, die umweltfreundlich sind: Alle Omnex-Platten bestehen n\u00e4mlich aus Recyclingglas.<\/p>\n<p>Omnex und seine Mitarbeiter stehen f\u00fcr Erfahrung, Know-how und Innovationskraft in der Baubranche. So kann Omnex heute und in Zukunft ein sehr hochwertiges und umweltfreundliches Produkt auf den Markt bringen.[\/vc_column_text][\/vc_column_inner][\/vc_row_inner][\/vc_column][\/vc_row][vc_row css_animation=&#8220;&#8220; row_type=&#8220;row&#8220; use_row_as_full_screen_section=&#8220;no&#8220; type=&#8220;full_width&#8220; angled_section=&#8220;no&#8220; text_align=&#8220;left&#8220; background_image_as_pattern=&#8220;without_pattern&#8220;][vc_column][vc_empty_space][\/vc_column][\/vc_row]<\/p>\n","protected":false},"excerpt":{"rendered":"<p>[vc_row css_animation=&#8220;&#8220; row_type=&#8220;row&#8220; use_row_as_full_screen_section=&#8220;no&#8220; type=&#8220;grid&#8220; angled_section=&#8220;no&#8220; text_align=&#8220;left&#8220; background_image_as_pattern=&#8220;without_pattern&#8220; z_index=&#8220;&#8220; el_id=&#8220;overons&#8220;][vc_column][vc_column_text] Unternehmen [\/vc_column_text][vc_row_inner row_type=&#8220;row&#8220; type=&#8220;full_width&#8220; text_align=&#8220;left&#8220; css_animation=&#8220;&#8220;][vc_column_inner][vc_column_text el_class=&#8220;text-overons&#8220;]Omnex ist ein belgischer Hersteller sehr leichte, innovativer und nachhaltiger Bauplatten, die vielf\u00e4ltige Anwendungen bei Neu- und Umbauten sowie Renovierungen finden. Die Omnex-Platten sind die ideale L\u00f6sung f\u00fcr W\u00e4nde&#8230;<\/p>\n","protected":false},"author":4,"featured_media":0,"parent":0,"menu_order":0,"comment_status":"closed","ping_status":"closed","template":"full_width.php","meta":[],"acf":[],"_links":{"self":[{"href":"https:\/\/omnex-panels.com\/de\/wp-json\/wp\/v2\/pages\/799"}],"collection":[{"href":"https:\/\/omnex-panels.com\/de\/wp-json\/wp\/v2\/pages"}],"about":[{"href":"https:\/\/omnex-panels.com\/de\/wp-json\/wp\/v2\/types\/page"}],"author":[{"embeddable":true,"href":"https:\/\/omnex-panels.com\/de\/wp-json\/wp\/v2\/users\/4"}],"replies":[{"embeddable":true,"href":"https:\/\/omnex-panels.com\/de\/wp-json\/wp\/v2\/comments?post=799"}],"version-history":[{"count":2,"href":"https:\/\/omnex-panels.com\/de\/wp-json\/wp\/v2\/pages\/799\/revisions"}],"predecessor-version":[{"id":3182,"href":"https:\/\/omnex-panels.com\/de\/wp-json\/wp\/v2\/pages\/799\/revisions\/3182"}],"wp:attachment":[{"href":"https:\/\/omnex-panels.com\/de\/wp-json\/wp\/v2\/media?parent=799"}],"curies":[{"name":"wp","href":"https:\/\/api.w.org\/{rel}","templated":true}]}}