{"id":802,"date":"2018-05-02T15:10:35","date_gmt":"2018-05-02T13:10:35","guid":{"rendered":"https:\/\/omnex-panels.com\/technologie\/"},"modified":"2021-03-25T20:03:41","modified_gmt":"2021-03-25T19:03:41","slug":"technologie","status":"publish","type":"page","link":"https:\/\/omnex-panels.com\/de\/technologie\/","title":{"rendered":"Technologie"},"content":{"rendered":"<p>[vc_row css_animation=&#8220;&#8220; row_type=&#8220;row&#8220; use_row_as_full_screen_section=&#8220;no&#8220; type=&#8220;grid&#8220; angled_section=&#8220;no&#8220; text_align=&#8220;left&#8220; background_image_as_pattern=&#8220;without_pattern&#8220; background_color=&#8220;#383a35&#8243; el_id=&#8220;tech-zone1&#8243; z_index=&#8220;&#8220; el_class=&#8220;technology&#8220;][vc_column width=&#8220;1\/2&#8243;][vc_empty_space height=&#8220;30px&#8220; el_class=&#8220;space-zone1&#8243;][vc_column_text el_class=&#8220;text-home&#8220;]<\/p>\n<h1><b><span lang=\"FR-BE\">Was ist expandierte Glastechnologie? <\/span><\/b><\/h1>\n<p>Die Omnex-Paneele bestehen aus einer Kombination von recyceltem Glas und Mineralien.<\/p>\n<p>Die richtige Kombination und Zusammensetzung ergibt Omnex-Paneele mit einzigartigen Eigenschaften und Vorteilen f\u00fcr Wand- und Deckenkonstruktionen.<\/p>\n<p>Expandiertes Glas ist reines Inertglas, ungiftig, l\u00f6sungsmittelfrei, geruchsneutral, antiallergen. Die amorphe Glasstruktur verhindert das Risiko einer Silikose.<\/p>\n<p>Der Produktionsprozess ist Hightech, innovativ und unterliegt strengen Qualit\u00e4tskontrollen, um sicherzustellen, dass alle Produkte zu 100% den Anforderungen unserer Kunden entsprechen.<\/p>\n<p>Omnex tr\u00e4gt zu einem qualitativeren Lebensumfeld bei.[\/vc_column_text][\/vc_column][vc_column width=&#8220;1\/2&#8243;][vc_empty_space height=&#8220;205px&#8220; el_class=&#8220;space-zone1&#8243;][vc_single_image image=&#8220;117&#8243; img_size=&#8220;full&#8220; qode_css_animation=&#8220;&#8220;][\/vc_column][\/vc_row][vc_row css_animation=&#8220;&#8220; row_type=&#8220;row&#8220; use_row_as_full_screen_section=&#8220;no&#8220; type=&#8220;grid&#8220; angled_section=&#8220;no&#8220; text_align=&#8220;left&#8220; background_image_as_pattern=&#8220;without_pattern&#8220; background_color=&#8220;#383a35&#8243; el_id=&#8220;tech-zone1-mobile&#8220; z_index=&#8220;&#8220;][vc_column width=&#8220;1\/2&#8243;][vc_empty_space height=&#8220;65px&#8220; el_class=&#8220;space-zone1&#8243;][vc_single_image image=&#8220;117&#8243; img_size=&#8220;full&#8220; qode_css_animation=&#8220;&#8220;][\/vc_column][vc_column width=&#8220;1\/2&#8243;][vc_empty_space height=&#8220;30px&#8220; el_class=&#8220;space-zone1&#8243;][vc_column_text el_class=&#8220;text-home&#8220;]<\/p>\n<h1><b><span lang=\"FR-BE\">Was ist expandierte Glastechnologie? <\/span><\/b><\/h1>\n<p>Die Omnex-Paneele bestehen aus einer Kombination von recyceltem Glas und Mineralien.<\/p>\n<p>Die richtige Kombination und Zusammensetzung ergibt Omnex-Paneele mit einzigartigen Eigenschaften und Vorteilen f\u00fcr Wand- und Deckenkonstruktionen.<\/p>\n<p>Expandiertes Glas ist reines Inertglas, ungiftig, l\u00f6sungsmittelfrei, geruchsneutral, antiallergen. Die amorphe Glasstruktur verhindert das Risiko einer Silikose.<\/p>\n<p>Der Produktionsprozess ist Hightech, innovativ und unterliegt strengen Qualit\u00e4tskontrollen, um sicherzustellen, dass alle Produkte zu 100% den Anforderungen unserer Kunden entsprechen.<\/p>\n<p>Omnex tr\u00e4gt zu einem qualitativeren Lebensumfeld bei.[\/vc_column_text][\/vc_column][\/vc_row][vc_row css_animation=&#8220;&#8220; row_type=&#8220;row&#8220; use_row_as_full_screen_section=&#8220;no&#8220; type=&#8220;grid&#8220; angled_section=&#8220;no&#8220; text_align=&#8220;left&#8220; background_image_as_pattern=&#8220;without_pattern&#8220; background_color=&#8220;#ededed&#8220; el_id=&#8220;tech-zone2&#8243; z_index=&#8220;&#8220; el_class=&#8220;mb15&#8243;][vc_column width=&#8220;1\/2&#8243;][vc_column_text el_class=&#8220;text-home&#8220;]<\/p>\n<h1><b><span lang=\"FR-BE\">Panels f\u00fcr die Zukunft <\/span><\/b><\/h1>\n<p>[\/vc_column_text][vc_column_text]Das in den Omnex-Platten verwendete expandierte Glas ist ein wei\u00dfes anorganisches W\u00e4rmed\u00e4mmungsmaterial aus recyceltem Glas in Form kleiner por\u00f6ser K\u00f6rner.<\/p>\n<p>Recyceltes Glas wird in wei\u00dfe K\u00f6rnchen mit unterschiedlichen Durchmessern umgewandelt.<\/p>\n<p>Das expandierte Glas ist ein Glasgranulat aus recyceltem Glas im Upcyling-Verfahren. Die Verwendung dieser Sekund\u00e4rrohstoffe sch\u00fctzt die nat\u00fcrlichen Ressourcen und die nat\u00fcrliche Umwelt und verringert die Auswirkungen auf die Umwelt.<\/p>\n<p>Diese innovative Technik macht gebrauchten Haushaltsglasabfall zu einem hervorragenden, exklusiven wei\u00dfen Leichtzuschlag. Aufgrund seiner Porosit\u00e4t h\u00e4lt es die Luft im Korn geschlossen. Diese Technologie ist eine der fortschrittlichsten und tr\u00e4gt zu hohen thermischen und akustischen Werten bei.[\/vc_column_text][vc_empty_space height=&#8220;120px&#8220;][\/vc_column][vc_column width=&#8220;1\/2&#8243;][\/vc_column][\/vc_row][vc_row css_animation=&#8220;&#8220; row_type=&#8220;row&#8220; use_row_as_full_screen_section=&#8220;no&#8220; type=&#8220;grid&#8220; angled_section=&#8220;no&#8220; text_align=&#8220;left&#8220; background_image_as_pattern=&#8220;without_pattern&#8220; background_color=&#8220;#ffffff&#8220; z_index=&#8220;&#8220; el_id=&#8220;certif-none&#8220;][vc_column][vc_column_text el_class=&#8220;text-home&#8220;]<\/p>\n<h1>Omnex beschikt over de<br \/>\njuiste certificaten<\/h1>\n<p>[\/vc_column_text][vc_row_inner row_type=&#8220;row&#8220; type=&#8220;full_width&#8220; text_align=&#8220;left&#8220; css_animation=&#8220;&#8220; el_class=&#8220;icon-list&#8220; el_id=&#8220;certif-zone&#8220;][vc_column_inner width=&#8220;1\/3&#8243;][vc_single_image image=&#8220;129&#8243; img_size=&#8220;full&#8220; alignment=&#8220;center&#8220; qode_css_animation=&#8220;&#8220; el_class=&#8220;icon-home&#8220;][vc_column_text el_class=&#8220;text-icon&#8220;]Certificaat 1[\/vc_column_text][vc_column_text el_class=&#8220;text-tech&#8220;]Vivamus in pulvinar ex. Donec sodales rhoncus eros et venenatis. Cras consequat aliquam erat. Praesent semper arcu commodo commodo condimentum.[\/vc_column_text][\/vc_column_inner][vc_column_inner width=&#8220;1\/3&#8243;][vc_single_image image=&#8220;129&#8243; img_size=&#8220;full&#8220; alignment=&#8220;center&#8220; qode_css_animation=&#8220;&#8220; el_class=&#8220;icon-home&#8220;][vc_column_text el_class=&#8220;text-icon&#8220;]Certificaat 2[\/vc_column_text][vc_column_text el_class=&#8220;text-tech&#8220;]Vivamus in pulvinar ex. Donec sodales rhoncus eros et venenatis. Cras consequat aliquam erat. Praesent semper arcu commodo commodo condimentum.[\/vc_column_text][\/vc_column_inner][vc_column_inner width=&#8220;1\/3&#8243;][vc_single_image image=&#8220;129&#8243; img_size=&#8220;full&#8220; alignment=&#8220;center&#8220; qode_css_animation=&#8220;&#8220; el_class=&#8220;icon-home&#8220;][vc_column_text el_class=&#8220;text-icon&#8220;]Certificaat 3[\/vc_column_text][vc_column_text el_class=&#8220;text-tech&#8220;]Vivamus in pulvinar ex. Donec sodales rhoncus eros et venenatis. Cras consequat aliquam erat. Praesent semper arcu commodo commodo condimentum.[\/vc_column_text][\/vc_column_inner][\/vc_row_inner][vc_empty_space height=&#8220;60px&#8220;][\/vc_column][\/vc_row]<\/p>\n","protected":false},"excerpt":{"rendered":"<p>[vc_row css_animation=&#8220;&#8220; row_type=&#8220;row&#8220; use_row_as_full_screen_section=&#8220;no&#8220; type=&#8220;grid&#8220; angled_section=&#8220;no&#8220; text_align=&#8220;left&#8220; background_image_as_pattern=&#8220;without_pattern&#8220; background_color=&#8220;#383a35&#8243; el_id=&#8220;tech-zone1&#8243; z_index=&#8220;&#8220; el_class=&#8220;technology&#8220;][vc_column width=&#8220;1\/2&#8243;][vc_empty_space height=&#8220;30px&#8220; el_class=&#8220;space-zone1&#8243;][vc_column_text el_class=&#8220;text-home&#8220;] Was ist expandierte Glastechnologie? Die Omnex-Paneele bestehen aus einer Kombination von recyceltem Glas und Mineralien. Die richtige Kombination und Zusammensetzung ergibt Omnex-Paneele mit einzigartigen Eigenschaften und Vorteilen f\u00fcr Wand-&#8230;<\/p>\n","protected":false},"author":4,"featured_media":0,"parent":0,"menu_order":0,"comment_status":"closed","ping_status":"closed","template":"full_width.php","meta":[],"acf":[],"_links":{"self":[{"href":"https:\/\/omnex-panels.com\/de\/wp-json\/wp\/v2\/pages\/802"}],"collection":[{"href":"https:\/\/omnex-panels.com\/de\/wp-json\/wp\/v2\/pages"}],"about":[{"href":"https:\/\/omnex-panels.com\/de\/wp-json\/wp\/v2\/types\/page"}],"author":[{"embeddable":true,"href":"https:\/\/omnex-panels.com\/de\/wp-json\/wp\/v2\/users\/4"}],"replies":[{"embeddable":true,"href":"https:\/\/omnex-panels.com\/de\/wp-json\/wp\/v2\/comments?post=802"}],"version-history":[{"count":10,"href":"https:\/\/omnex-panels.com\/de\/wp-json\/wp\/v2\/pages\/802\/revisions"}],"predecessor-version":[{"id":2739,"href":"https:\/\/omnex-panels.com\/de\/wp-json\/wp\/v2\/pages\/802\/revisions\/2739"}],"wp:attachment":[{"href":"https:\/\/omnex-panels.com\/de\/wp-json\/wp\/v2\/media?parent=802"}],"curies":[{"name":"wp","href":"https:\/\/api.w.org\/{rel}","templated":true}]}}