{"id":804,"date":"2018-05-02T15:09:42","date_gmt":"2018-05-02T13:09:42","guid":{"rendered":"https:\/\/omnex-panels.com\/omnex-panel\/"},"modified":"2026-04-13T15:03:37","modified_gmt":"2026-04-13T13:03:37","slug":"omnex-classic","status":"publish","type":"page","link":"https:\/\/omnex-panels.com\/de\/omnex-classic\/","title":{"rendered":"Omnex Classic"},"content":{"rendered":"<p>[vc_row css_animation=&#8220;&#8220; row_type=&#8220;row&#8220; use_row_as_full_screen_section=&#8220;no&#8220; type=&#8220;grid&#8220; angled_section=&#8220;no&#8220; text_align=&#8220;left&#8220; background_image_as_pattern=&#8220;without_pattern&#8220; background_color=&#8220;#383a35&#8243; el_id=&#8220;tech-zone1&#8243; z_index=&#8220;&#8220;][vc_column width=&#8220;1\/2&#8243;][vc_empty_space height=&#8220;30px&#8220; el_class=&#8220;space-zone1&#8243;][vc_column_text el_class=&#8220;text-home&#8220;]<\/p>\n<h1>Omnex Classic<\/h1>\n<p>Omnex Classic ist eine sehr leichte, vielseitige Bauplatte, die als Tr\u00e4ger f\u00fcr verschiedene Ausbaumaterialien verwendet werden kann, etwa f\u00fcr Gips, Sichtputz, Fliesen, Naturstein, Tapeten, Industrieprodukte oder Metall. Die Omnex-Bauplatte hat vielf\u00e4ltige Anwendungsm\u00f6glichkeiten:<\/p>\n<ul>\n<li>Innenwandverkleidung<\/li>\n<li>Au\u00dfenwandverkleidung<\/li>\n<li>Deckenverkleidung<\/li>\n<li>Technische Anwendungen: Gastronomie, medizinischer Sektor<\/li>\n<li>Holzskelettbau<\/li>\n<\/ul>\n<p>[\/vc_column_text][\/vc_column][vc_column width=&#8220;1\/2&#8243;][vc_empty_space height=&#8220;95px&#8220; el_class=&#8220;space-zone1&#8243;][vc_single_image image=&#8220;185&#8243; img_size=&#8220;full&#8220; qode_css_animation=&#8220;&#8220;][\/vc_column][\/vc_row][vc_row css_animation=&#8220;&#8220; row_type=&#8220;row&#8220; use_row_as_full_screen_section=&#8220;no&#8220; type=&#8220;grid&#8220; angled_section=&#8220;no&#8220; text_align=&#8220;left&#8220; background_image_as_pattern=&#8220;without_pattern&#8220; background_color=&#8220;#383a35&#8243; el_id=&#8220;tech-zone1-mobile&#8220; z_index=&#8220;&#8220;][vc_column width=&#8220;1\/2&#8243;][vc_empty_space height=&#8220;65px&#8220; el_class=&#8220;space-zone1&#8243;][vc_single_image image=&#8220;185&#8243; img_size=&#8220;full&#8220; qode_css_animation=&#8220;&#8220;][\/vc_column][vc_column width=&#8220;1\/2&#8243;][vc_empty_space height=&#8220;30px&#8220; el_class=&#8220;space-zone1&#8243;][vc_column_text el_class=&#8220;text-home&#8220;]<\/p>\n<h1>Omnex Classic<\/h1>\n<p>Omnex Classic ist eine vielseitige Bauplatte, die als Tr\u00e4ger f\u00fcr verschiedene Ausbaumaterialien verwendet werden kann, etwa f\u00fcr Gips, Sichtputz, Fliesen, Naturstein, Tapeten, Industrieprodukte oder Metall. Die Omnex-Bauplatte hat vielf\u00e4ltige Anwendungsm\u00f6glichkeiten:<\/p>\n<ul>\n<li>Innenwandverkleidung<\/li>\n<li>Au\u00dfenwandverkleidung<\/li>\n<li>Deckenverkleidung<\/li>\n<li>Technische Anwendungen: Gastronomie, medizinischer Sektor<\/li>\n<li>Holzskelettbau<\/li>\n<\/ul>\n<p>[\/vc_column_text][\/vc_column][\/vc_row][vc_row css_animation=&#8220;&#8220; row_type=&#8220;row&#8220; use_row_as_full_screen_section=&#8220;no&#8220; type=&#8220;grid&#8220; angled_section=&#8220;no&#8220; text_align=&#8220;left&#8220; background_image_as_pattern=&#8220;without_pattern&#8220; background_color=&#8220;#ffffff&#8220; el_id=&#8220;prod-zone2&#8243; z_index=&#8220;&#8220;][vc_column][vc_column_text el_class=&#8220;text-home&#8220;]<\/p>\n<h1>Einzigartigen Eigenschaften Omnex Classic<\/h1>\n<p>[\/vc_column_text][vc_row_inner row_type=&#8220;row&#8220; type=&#8220;full_width&#8220; text_align=&#8220;left&#8220; css_animation=&#8220;&#8220; el_class=&#8220;icon-list&#8220;][vc_column_inner width=&#8220;1\/3&#8243;][vc_single_image image=&#8220;67&#8243; img_size=&#8220;full&#8220; alignment=&#8220;center&#8220; qode_css_animation=&#8220;&#8220; el_class=&#8220;icon-home&#8220;][vc_column_text el_class=&#8220;text-icon&#8220;]Multifunktional[\/vc_column_text][vc_column_text el_class=&#8220;text-tech&#8220;]sowohl f\u00fcr Innen- als auch f\u00fcr Au\u00dfenanwendungen geeignet[\/vc_column_text][\/vc_column_inner][vc_column_inner width=&#8220;1\/3&#8243;][vc_single_image image=&#8220;70&#8243; img_size=&#8220;full&#8220; alignment=&#8220;center&#8220; qode_css_animation=&#8220;&#8220; el_class=&#8220;icon-home&#8220;][vc_column_text el_class=&#8220;text-icon&#8220;]Leicht[\/vc_column_text][vc_column_text el_class=&#8220;text-tech&#8220;]sehr einfach zu verarbeiten und zu tragen[\/vc_column_text][\/vc_column_inner][vc_column_inner el_class=&#8220;column-hide&#8220; width=&#8220;1\/3&#8243;][vc_single_image image=&#8220;64&#8243; img_size=&#8220;full&#8220; alignment=&#8220;center&#8220; qode_css_animation=&#8220;&#8220; el_class=&#8220;icon-home&#8220;][vc_column_text el_class=&#8220;text-icon&#8220;]Diffusionsoffen[\/vc_column_text][vc_column_text el_class=&#8220;text-tech&#8220;]sorgt f\u00fcr eine nat\u00fcrliche Feuchtigkeits- und W\u00e4rmeregulierung[\/vc_column_text][\/vc_column_inner][\/vc_row_inner][vc_row_inner row_type=&#8220;row&#8220; type=&#8220;full_width&#8220; text_align=&#8220;left&#8220; css_animation=&#8220;&#8220; el_class=&#8220;icon-list&#8220;][vc_column_inner width=&#8220;1\/3&#8243;][vc_single_image image=&#8220;68&#8243; img_size=&#8220;full&#8220; alignment=&#8220;center&#8220; qode_css_animation=&#8220;&#8220; el_class=&#8220;icon-home&#8220;][vc_column_text el_class=&#8220;text-icon&#8220;]Stabil[\/vc_column_text][vc_column_text el_class=&#8220;text-tech&#8220;]robust und sehr schlagfest[\/vc_column_text][\/vc_column_inner][vc_column_inner width=&#8220;1\/3&#8243;][vc_single_image image=&#8220;240&#8243; img_size=&#8220;full&#8220; alignment=&#8220;center&#8220; qode_css_animation=&#8220;&#8220; el_class=&#8220;icon-home&#8220;][vc_column_text el_class=&#8220;text-icon&#8220;]Biegsam[\/vc_column_text][vc_column_text el_class=&#8220;text-tech&#8220;]praktisch f\u00fcr Rundb\u00f6gen und Badewannenverkleidungen<span class=\"Apple-converted-space\">\u00a0<\/span>[\/vc_column_text][\/vc_column_inner][vc_column_inner el_class=&#8220;column-hide&#8220; width=&#8220;1\/3&#8243;][vc_single_image image=&#8220;66&#8243; img_size=&#8220;full&#8220; alignment=&#8220;center&#8220; qode_css_animation=&#8220;&#8220; el_class=&#8220;icon-home&#8220;][vc_column_text el_class=&#8220;text-icon&#8220;]D\u00e4mmend[\/vc_column_text][vc_column_text el_class=&#8220;text-tech&#8220;]bietet Schall- und W\u00e4rmed\u00e4mmwirkung[\/vc_column_text][\/vc_column_inner][\/vc_row_inner][vc_row_inner row_type=&#8220;row&#8220; type=&#8220;full_width&#8220; text_align=&#8220;left&#8220; css_animation=&#8220;&#8220; el_class=&#8220;icon-list&#8220;][vc_column_inner width=&#8220;1\/3&#8243;][vc_single_image image=&#8220;69&#8243; img_size=&#8220;full&#8220; alignment=&#8220;center&#8220; qode_css_animation=&#8220;&#8220; el_class=&#8220;icon-home&#8220;][vc_column_text el_class=&#8220;text-icon&#8220;]Wasser- und frostbest\u00e4ndig[\/vc_column_text][vc_column_text el_class=&#8220;text-tech&#8220;]feuchtraumgeeignet und extrem k\u00e4ltebest\u00e4ndig[\/vc_column_text][\/vc_column_inner][vc_column_inner width=&#8220;1\/3&#8243;][vc_single_image image=&#8220;63&#8243; img_size=&#8220;full&#8220; alignment=&#8220;center&#8220; qode_css_animation=&#8220;&#8220; el_class=&#8220;icon-home&#8220;][vc_column_text el_class=&#8220;text-icon&#8220;]Schimmelbest\u00e4ndig[\/vc_column_text][vc_column_text el_class=&#8220;text-tech&#8220;]geeignet f\u00fcr den Medizinsektor und die Lebensmittelbranche[\/vc_column_text][\/vc_column_inner][vc_column_inner width=&#8220;1\/3&#8243;][vc_single_image image=&#8220;65&#8243; img_size=&#8220;full&#8220; alignment=&#8220;center&#8220; qode_css_animation=&#8220;&#8220; el_class=&#8220;icon-home&#8220;][vc_column_text el_class=&#8220;text-icon&#8220;]Umweltfreundlich[\/vc_column_text][vc_column_text el_class=&#8220;text-tech&#8220;]die Platten werden aus<span class=\"Apple-converted-space\">\u00a0<\/span>Recyclingglas hergestellt und sind daher nachhaltig und<span class=\"Apple-converted-space\">\u00a0<\/span>wohnraumgeeignet[\/vc_column_text][\/vc_column_inner][\/vc_row_inner][vc_empty_space height=&#8220;60px&#8220;][\/vc_column][\/vc_row][vc_row css_animation=&#8220;&#8220; row_type=&#8220;row&#8220; use_row_as_full_screen_section=&#8220;no&#8220; type=&#8220;grid&#8220; angled_section=&#8220;no&#8220; text_align=&#8220;left&#8220; background_image_as_pattern=&#8220;without_pattern&#8220; background_color=&#8220;#ffffff&#8220; z_index=&#8220;&#8220; el_id=&#8220;home-zone2&#8243;][vc_column][vc_column_text el_class=&#8220;text-home&#8220;]<\/p>\n<h1>Anwendungen<\/h1>\n<p>[\/vc_column_text][\/vc_column][\/vc_row][vc_row css_animation=&#8220;&#8220; row_type=&#8220;row&#8220; use_row_as_full_screen_section=&#8220;no&#8220; type=&#8220;full_width&#8220; angled_section=&#8220;no&#8220; text_align=&#8220;left&#8220; background_image_as_pattern=&#8220;without_pattern&#8220; background_color=&#8220;#ffffff&#8220; z_index=&#8220;&#8220;][vc_column][rev_slider_vc alias=&#8220;home2-de&#8220;][\/vc_column][\/vc_row][vc_row css_animation=&#8220;&#8220; row_type=&#8220;row&#8220; use_row_as_full_screen_section=&#8220;no&#8220; type=&#8220;grid&#8220; angled_section=&#8220;no&#8220; text_align=&#8220;left&#8220; background_image_as_pattern=&#8220;without_pattern&#8220; background_color=&#8220;#ffffff&#8220; z_index=&#8220;&#8220; el_class=&#8220;down-produ&#8220;][vc_column][vc_column_text el_class=&#8220;text-home&#8220;]<\/p>\n<h1>Downloads<\/h1>\n<p>[\/vc_column_text][vc_row_inner row_type=&#8220;row&#8220; type=&#8220;grid&#8220; text_align=&#8220;center&#8220; css_animation=&#8220;&#8220;][vc_column_inner width=&#8220;1\/2&#8243;][vc_column_text el_class=&#8220;button-prod&#8220;]<a href=\"https:\/\/omnex-panels.com\/layout\/uploads\/2020\/07\/Userguide-Omnex-DU.pdf\" target=\"_blank\" rel=\"noopener noreferrer\"><button>Montageanleitung<\/button><\/a><\/p>\n<div id=\"ConnectiveDocSignExtentionInstalled\" data-extension-version=\"1.0.4\"><\/div>\n<div id=\"ConnectiveDocSignExtentionInstalled\" data-extension-version=\"1.0.4\"><\/div>\n<p>[\/vc_column_text][\/vc_column_inner][vc_column_inner width=&#8220;1\/2&#8243;][vc_column_text el_class=&#8220;button-prod&#8220;]<a href=\"https:\/\/omnex-panels.com\/layout\/uploads\/2021\/05\/Produktdatenblatt-Omnex-Classic.pdf\" target=\"_blank\" rel=\"noopener noreferrer\"><button>Technisches Datenblatt<\/button><\/a>[\/vc_column_text][\/vc_column_inner][\/vc_row_inner][vc_empty_space height=&#8220;50px&#8220; el_class=&#8220;space-zone1&#8243;][vc_row_inner row_type=&#8220;row&#8220; type=&#8220;full_width&#8220; text_align=&#8220;center&#8220; css_animation=&#8220;&#8220;][vc_column_inner][vc_column_text el_class=&#8220;button-prod&#8220;]<\/p>\n<p>Das <strong>Sicherheitsdatenblatt<\/strong> kann hier angefordert werden : <a href=\"mailto:info@omnex-panels.com\">info@omnex-panels.com<\/a><\/p>\n<p>[\/vc_column_text][\/vc_column_inner][\/vc_row_inner][vc_empty_space height=&#8220;50px&#8220; el_class=&#8220;space-zone1&#8243;][\/vc_column][\/vc_row][vc_row css_animation=&#8220;&#8220; row_type=&#8220;row&#8220; use_row_as_full_screen_section=&#8220;no&#8220; type=&#8220;full_width&#8220; angled_section=&#8220;no&#8220; text_align=&#8220;left&#8220; background_image_as_pattern=&#8220;without_pattern&#8220;][vc_column][vc_column_text]<\/p>\n<div id=\"ConnectiveDocSignExtentionInstalled\" data-extension-version=\"1.0.4\"><\/div>\n<div id=\"ConnectiveDocSignExtentionInstalled\" data-extension-version=\"1.0.4\"><\/div>\n<div id=\"ConnectiveDocSignExtentionInstalled\" data-extension-version=\"1.0.4\"><\/div>\n<div id=\"ConnectiveDocSignExtentionInstalled\" data-extension-version=\"1.0.4\"><\/div>\n<p>[\/vc_column_text][\/vc_column][\/vc_row]<\/p>\n","protected":false},"excerpt":{"rendered":"<p>[vc_row css_animation=&#8220;&#8220; row_type=&#8220;row&#8220; use_row_as_full_screen_section=&#8220;no&#8220; type=&#8220;grid&#8220; angled_section=&#8220;no&#8220; text_align=&#8220;left&#8220; background_image_as_pattern=&#8220;without_pattern&#8220; background_color=&#8220;#383a35&#8243; el_id=&#8220;tech-zone1&#8243; z_index=&#8220;&#8220;][vc_column width=&#8220;1\/2&#8243;][vc_empty_space height=&#8220;30px&#8220; el_class=&#8220;space-zone1&#8243;][vc_column_text el_class=&#8220;text-home&#8220;] Omnex Classic Omnex Classic ist eine sehr leichte, vielseitige Bauplatte, die als Tr\u00e4ger f\u00fcr verschiedene Ausbaumaterialien verwendet werden kann, etwa f\u00fcr Gips, Sichtputz, Fliesen, Naturstein, Tapeten, Industrieprodukte oder Metall. Die&#8230;<\/p>\n","protected":false},"author":4,"featured_media":0,"parent":0,"menu_order":0,"comment_status":"closed","ping_status":"closed","template":"full_width.php","meta":[],"acf":[],"_links":{"self":[{"href":"https:\/\/omnex-panels.com\/de\/wp-json\/wp\/v2\/pages\/804"}],"collection":[{"href":"https:\/\/omnex-panels.com\/de\/wp-json\/wp\/v2\/pages"}],"about":[{"href":"https:\/\/omnex-panels.com\/de\/wp-json\/wp\/v2\/types\/page"}],"author":[{"embeddable":true,"href":"https:\/\/omnex-panels.com\/de\/wp-json\/wp\/v2\/users\/4"}],"replies":[{"embeddable":true,"href":"https:\/\/omnex-panels.com\/de\/wp-json\/wp\/v2\/comments?post=804"}],"version-history":[{"count":22,"href":"https:\/\/omnex-panels.com\/de\/wp-json\/wp\/v2\/pages\/804\/revisions"}],"predecessor-version":[{"id":3404,"href":"https:\/\/omnex-panels.com\/de\/wp-json\/wp\/v2\/pages\/804\/revisions\/3404"}],"wp:attachment":[{"href":"https:\/\/omnex-panels.com\/de\/wp-json\/wp\/v2\/media?parent=804"}],"curies":[{"name":"wp","href":"https:\/\/api.w.org\/{rel}","templated":true}]}}