{"id":1055,"date":"2019-05-06T11:08:05","date_gmt":"2019-05-06T09:08:05","guid":{"rendered":"https:\/\/omnex-panels.com\/?page_id=1055"},"modified":"2019-05-23T11:08:42","modified_gmt":"2019-05-23T09:08:42","slug":"faq","status":"publish","type":"page","link":"https:\/\/omnex-panels.com\/fr\/faq\/","title":{"rendered":"FAQ"},"content":{"rendered":"<p>[vc_row css_animation=\u00a0\u00bb\u00a0\u00bb row_type=\u00a0\u00bbrow\u00a0\u00bb use_row_as_full_screen_section=\u00a0\u00bbno\u00a0\u00bb type=\u00a0\u00bbgrid\u00a0\u00bb angled_section=\u00a0\u00bbno\u00a0\u00bb text_align=\u00a0\u00bbleft\u00a0\u00bb background_image_as_pattern=\u00a0\u00bbwithout_pattern\u00a0\u00bb z_index=\u00a0\u00bb\u00a0\u00bb el_class=\u00a0\u00bbfaq\u00a0\u00bb el_id=\u00a0\u00bboverons\u00a0\u00bb][vc_column][vc_column_text]<\/p>\n<h1>F.A.Q&rsquo;s<\/h1>\n<p>[\/vc_column_text][vc_column_text]<span style=\"font-weight: 400;\">Cher Client, vous trouverez ci-dessous des questions fr\u00e9quemment pos\u00e9es \u00e0 propos des panneaux Omnex. N\u2019h\u00e9sitez pas \u00e0 poser votre question par le biais du formulaire de contact. Nous vous r\u00e9pondrons dans les meilleurs d\u00e9lais. <\/span>[\/vc_column_text][vc_empty_space height=\u00a0\u00bb40px\u00a0\u00bb][vc_column_text]<\/p>\n<h4><strong>Puis-je accrocher des objets lourds \u00e0 une paroi r\u00e9alis\u00e9e \u00e0 l\u2019aide de panneaux Omnex\u00a0?<\/strong><\/h4>\n<p>Les articles d\u2019un poids l\u00e9ger \u00e0 moyen jusqu\u2019\u00e0 maximum 70\u00a0kg peuvent \u00eatre accroch\u00e9s directement \u00e0 une paroi r\u00e9alis\u00e9e en panneaux Omnex. Vous devez pour cela utiliser les boulons et les ancrages pour mur creux appropri\u00e9s. Vous trouverez de plus amples informations dans les prescriptions de mise en \u0153uvre.<\/p>\n<hr \/>\n<h4><strong>Les panneaux Omnex pr\u00e9sentent-ils une bonne absorption acoustique\u00a0?<\/strong><\/h4>\n<p>Les tests effectu\u00e9s montrent qu\u2019un panneau Omnex de 12\u00a0mm absorbe deux \u00e0 trois fois plus (selon les fr\u00e9quences) qu\u2019une plaque de pl\u00e2tre classique.<\/p>\n<hr \/>\n<h4><strong>Les panneaux Omnex peuvent-ils \u00eatre coll\u00e9s directement sur des ouvrages en ma\u00e7onnerie\u00a0?<\/strong><\/h4>\n<p>Oui. Le panneau Omnex est un produit min\u00e9ral qui peut donc \u00eatre coll\u00e9 directement sur la ma\u00e7onnerie \u00e0 l\u2019aide d\u2019un mortier\/enduit d\u2019accrochage, en respectant les instructions du fabricant.<\/p>\n<p>Nous conseillons le collage direct uniquement pour les applications int\u00e9rieures. Pour les applications ext\u00e9rieures, nous conseillons toujours de fixer les panneaux.<\/p>\n<hr \/>\n<h4><strong>Comment puis-je am\u00e9liorer l\u2019isolation acoustique\u00a0?<\/strong><\/h4>\n<p>Une paroi double face avec des panneaux monocouches s\u00e9par\u00e9es par une isolation en laine min\u00e9rale de 100\u00a0mm d\u2019\u00e9paisseur permet d\u2019obtenir une isolation acoustique de 47\u00a0dB.<\/p>\n<p>Le collage des joints entre les panneaux contribue \u00e9galement \u00e0 une meilleure isolation acoustique.<\/p>\n<hr \/>\n<h4><strong>Puis-je utiliser des panneaux Omnex au sol\u00a0?<\/strong><\/h4>\n<p>Oui, si les panneaux couvrent toute la surface. Le panneau doit \u00eatre fix\u00e9 et il ne doit pas \u00eatre expos\u00e9 aux inondations. Il doit \u00eatre compl\u00e8tement \u00e9tanch\u00e9 lorsqu\u2019il est utilis\u00e9 au sol dans un local humide.<\/p>\n<hr \/>\n<h4><strong>Omnex convient-il comme support pour les carrelages et la pierre naturelle\u00a0?<\/strong><\/h4>\n<p>Oui. Les panneaux Omnex conviennent pour des rev\u00eatements en c\u00e9ramique et en pierre naturelle.<\/p>\n<hr \/>\n<h4><strong>Dois-je utiliser un primer avec les panneaux Omnex\u00a0?<\/strong><\/h4>\n<p>En g\u00e9n\u00e9ral, aucun traitement pr\u00e9alable n\u2019est n\u00e9cessaire lorsque vous recouvrez les panneaux avec un enduit ou que vous y collez des carreaux. Tous les syst\u00e8mes de rev\u00eatement pour panneaux \u00e0 base min\u00e9rale peuvent \u00eatre utilis\u00e9s.<\/p>\n<p><span style=\"font-weight: 400;\">Pour les rev\u00eatements minces, un traitement pr\u00e9alable peut toutefois \u00eatre demand\u00e9, en respectant les prescriptions de mise en \u0153uvre du fabricant.<\/span><\/p>\n<hr \/>\n<h4><strong>Les plaques Omnex peuvent-elles \u00eatre fix\u00e9es directement sur des plaques OSB?<\/strong><\/h4>\n<p>Vous pouvez fixer des cartes Omnex directement aux cartes OSB avec des vis pour plaques de pl\u00e2tres.[\/vc_column_text][vc_empty_space height=\u00a0\u00bb40px\u00a0\u00bb][\/vc_column][\/vc_row]<\/p>\n","protected":false},"excerpt":{"rendered":"<p>[vc_row css_animation=\u00a0\u00bb\u00a0\u00bb row_type=\u00a0\u00bbrow\u00a0\u00bb use_row_as_full_screen_section=\u00a0\u00bbno\u00a0\u00bb type=\u00a0\u00bbgrid\u00a0\u00bb angled_section=\u00a0\u00bbno\u00a0\u00bb text_align=\u00a0\u00bbleft\u00a0\u00bb background_image_as_pattern=\u00a0\u00bbwithout_pattern\u00a0\u00bb z_index=\u00a0\u00bb\u00a0\u00bb el_class=\u00a0\u00bbfaq\u00a0\u00bb el_id=\u00a0\u00bboverons\u00a0\u00bb][vc_column][vc_column_text] F.A.Q&rsquo;s [\/vc_column_text][vc_column_text]Cher Client, vous trouverez ci-dessous des questions fr\u00e9quemment pos\u00e9es \u00e0 propos des panneaux Omnex. N\u2019h\u00e9sitez pas \u00e0 poser votre question par le biais du formulaire de contact. Nous vous r\u00e9pondrons dans les meilleurs&#8230;<\/p>\n","protected":false},"author":4,"featured_media":0,"parent":0,"menu_order":0,"comment_status":"closed","ping_status":"closed","template":"","meta":[],"acf":[],"_links":{"self":[{"href":"https:\/\/omnex-panels.com\/fr\/wp-json\/wp\/v2\/pages\/1055"}],"collection":[{"href":"https:\/\/omnex-panels.com\/fr\/wp-json\/wp\/v2\/pages"}],"about":[{"href":"https:\/\/omnex-panels.com\/fr\/wp-json\/wp\/v2\/types\/page"}],"author":[{"embeddable":true,"href":"https:\/\/omnex-panels.com\/fr\/wp-json\/wp\/v2\/users\/4"}],"replies":[{"embeddable":true,"href":"https:\/\/omnex-panels.com\/fr\/wp-json\/wp\/v2\/comments?post=1055"}],"version-history":[{"count":26,"href":"https:\/\/omnex-panels.com\/fr\/wp-json\/wp\/v2\/pages\/1055\/revisions"}],"predecessor-version":[{"id":1118,"href":"https:\/\/omnex-panels.com\/fr\/wp-json\/wp\/v2\/pages\/1055\/revisions\/1118"}],"wp:attachment":[{"href":"https:\/\/omnex-panels.com\/fr\/wp-json\/wp\/v2\/media?parent=1055"}],"curies":[{"name":"wp","href":"https:\/\/api.w.org\/{rel}","templated":true}]}}