{"id":1155,"date":"2019-07-29T09:30:37","date_gmt":"2019-07-29T07:30:37","guid":{"rendered":"https:\/\/omnex-panels.com\/?page_id=1155"},"modified":"2019-07-29T10:43:16","modified_gmt":"2019-07-29T08:43:16","slug":"omnex-stone","status":"publish","type":"page","link":"https:\/\/omnex-panels.com\/fr\/omnex-stone\/","title":{"rendered":"Omnex stone"},"content":{"rendered":"<p>[vc_row css_animation=\u00a0\u00bb\u00a0\u00bb row_type=\u00a0\u00bbrow\u00a0\u00bb use_row_as_full_screen_section=\u00a0\u00bbno\u00a0\u00bb type=\u00a0\u00bbgrid\u00a0\u00bb angled_section=\u00a0\u00bbno\u00a0\u00bb text_align=\u00a0\u00bbleft\u00a0\u00bb background_image_as_pattern=\u00a0\u00bbwithout_pattern\u00a0\u00bb background_color=\u00a0\u00bb#f3f3f3&Prime; z_index=\u00a0\u00bb\u00a0\u00bb][vc_column][vc_column_text el_class=\u00a0\u00bbtext-home\u00a0\u00bb]<\/p>\n<h1>Omnex stone<\/h1>\n<p>[\/vc_column_text][vc_column_text]Vous pouvez maintenant \u00e9galement trouver le panneau Omnex dans votre d\u00e9coration d&rsquo;int\u00e9rieur.<br \/>\nNos plaques sont trait\u00e9es avec une fine couche de pierre naturelle.<br \/>\nR\u00e9sultat impressionnant!<br \/>\nId\u00e9al pour la d\u00e9coration int\u00e9rieure de salles de bains, cuisines, tablettes de fen\u00eatres et meubles.[\/vc_column_text][vc_empty_space height=\u00a0\u00bb60px\u00a0\u00bb][\/vc_column][\/vc_row][vc_row css_animation=\u00a0\u00bb\u00a0\u00bb row_type=\u00a0\u00bbrow\u00a0\u00bb use_row_as_full_screen_section=\u00a0\u00bbno\u00a0\u00bb type=\u00a0\u00bbgrid\u00a0\u00bb angled_section=\u00a0\u00bbno\u00a0\u00bb text_align=\u00a0\u00bbleft\u00a0\u00bb background_image_as_pattern=\u00a0\u00bbwithout_pattern\u00a0\u00bb background_color=\u00a0\u00bb#f3f3f3&Prime; z_index=\u00a0\u00bb\u00a0\u00bb][vc_column width=\u00a0\u00bb1\/2&Prime; el_class=\u00a0\u00bbvignet-omnex-stone\u00a0\u00bb][vc_single_image image=\u00a0\u00bb1163&Prime; img_size=\u00a0\u00bbfull\u00a0\u00bb qode_css_animation=\u00a0\u00bb\u00a0\u00bb][\/vc_column][vc_column width=\u00a0\u00bb1\/2&Prime; el_class=\u00a0\u00bbvignet-omnex-stone\u00a0\u00bb][vc_single_image image=\u00a0\u00bb1167&Prime; img_size=\u00a0\u00bbfull\u00a0\u00bb qode_css_animation=\u00a0\u00bb\u00a0\u00bb][\/vc_column][\/vc_row][vc_row css_animation=\u00a0\u00bb\u00a0\u00bb row_type=\u00a0\u00bbrow\u00a0\u00bb use_row_as_full_screen_section=\u00a0\u00bbno\u00a0\u00bb type=\u00a0\u00bbfull_width\u00a0\u00bb angled_section=\u00a0\u00bbno\u00a0\u00bb text_align=\u00a0\u00bbleft\u00a0\u00bb background_image_as_pattern=\u00a0\u00bbwithout_pattern\u00a0\u00bb background_color=\u00a0\u00bb#f3f3f3&Prime; z_index=\u00a0\u00bb\u00a0\u00bb][vc_column][vc_empty_space height=\u00a0\u00bb30px\u00a0\u00bb][\/vc_column][\/vc_row][vc_row css_animation=\u00a0\u00bb\u00a0\u00bb row_type=\u00a0\u00bbrow\u00a0\u00bb use_row_as_full_screen_section=\u00a0\u00bbno\u00a0\u00bb type=\u00a0\u00bbgrid\u00a0\u00bb angled_section=\u00a0\u00bbno\u00a0\u00bb text_align=\u00a0\u00bbleft\u00a0\u00bb background_image_as_pattern=\u00a0\u00bbwithout_pattern\u00a0\u00bb background_color=\u00a0\u00bb#f3f3f3&Prime; z_index=\u00a0\u00bb\u00a0\u00bb][vc_column width=\u00a0\u00bb1\/2&Prime; el_class=\u00a0\u00bbvignet-omnex-stone\u00a0\u00bb][vc_single_image image=\u00a0\u00bb1171&Prime; img_size=\u00a0\u00bbfull\u00a0\u00bb qode_css_animation=\u00a0\u00bb\u00a0\u00bb][\/vc_column][vc_column width=\u00a0\u00bb1\/2&Prime; el_class=\u00a0\u00bbvignet-omnex-stone\u00a0\u00bb][vc_single_image image=\u00a0\u00bb1175&Prime; img_size=\u00a0\u00bbfull\u00a0\u00bb qode_css_animation=\u00a0\u00bb\u00a0\u00bb][\/vc_column][\/vc_row][vc_row css_animation=\u00a0\u00bb\u00a0\u00bb row_type=\u00a0\u00bbrow\u00a0\u00bb use_row_as_full_screen_section=\u00a0\u00bbno\u00a0\u00bb type=\u00a0\u00bbfull_width\u00a0\u00bb angled_section=\u00a0\u00bbno\u00a0\u00bb text_align=\u00a0\u00bbleft\u00a0\u00bb background_image_as_pattern=\u00a0\u00bbwithout_pattern\u00a0\u00bb background_color=\u00a0\u00bb#f3f3f3&Prime; z_index=\u00a0\u00bb\u00a0\u00bb][vc_column][vc_empty_space height=\u00a0\u00bb50px\u00a0\u00bb][\/vc_column][\/vc_row]<\/p>\n","protected":false},"excerpt":{"rendered":"<p>[vc_row css_animation=\u00a0\u00bb\u00a0\u00bb row_type=\u00a0\u00bbrow\u00a0\u00bb use_row_as_full_screen_section=\u00a0\u00bbno\u00a0\u00bb type=\u00a0\u00bbgrid\u00a0\u00bb angled_section=\u00a0\u00bbno\u00a0\u00bb text_align=\u00a0\u00bbleft\u00a0\u00bb background_image_as_pattern=\u00a0\u00bbwithout_pattern\u00a0\u00bb background_color=\u00a0\u00bb#f3f3f3&Prime; z_index=\u00a0\u00bb\u00a0\u00bb][vc_column][vc_column_text el_class=\u00a0\u00bbtext-home\u00a0\u00bb] Omnex stone [\/vc_column_text][vc_column_text]Vous pouvez maintenant \u00e9galement trouver le panneau Omnex dans votre d\u00e9coration d&rsquo;int\u00e9rieur. Nos plaques sont trait\u00e9es avec une fine couche de pierre naturelle. R\u00e9sultat impressionnant! Id\u00e9al pour la d\u00e9coration int\u00e9rieure de salles&#8230;<\/p>\n","protected":false},"author":4,"featured_media":0,"parent":0,"menu_order":0,"comment_status":"closed","ping_status":"closed","template":"full_width.php","meta":[],"acf":[],"_links":{"self":[{"href":"https:\/\/omnex-panels.com\/fr\/wp-json\/wp\/v2\/pages\/1155"}],"collection":[{"href":"https:\/\/omnex-panels.com\/fr\/wp-json\/wp\/v2\/pages"}],"about":[{"href":"https:\/\/omnex-panels.com\/fr\/wp-json\/wp\/v2\/types\/page"}],"author":[{"embeddable":true,"href":"https:\/\/omnex-panels.com\/fr\/wp-json\/wp\/v2\/users\/4"}],"replies":[{"embeddable":true,"href":"https:\/\/omnex-panels.com\/fr\/wp-json\/wp\/v2\/comments?post=1155"}],"version-history":[{"count":16,"href":"https:\/\/omnex-panels.com\/fr\/wp-json\/wp\/v2\/pages\/1155\/revisions"}],"predecessor-version":[{"id":1194,"href":"https:\/\/omnex-panels.com\/fr\/wp-json\/wp\/v2\/pages\/1155\/revisions\/1194"}],"wp:attachment":[{"href":"https:\/\/omnex-panels.com\/fr\/wp-json\/wp\/v2\/media?parent=1155"}],"curies":[{"name":"wp","href":"https:\/\/api.w.org\/{rel}","templated":true}]}}