{"id":1604,"date":"2020-04-10T13:13:26","date_gmt":"2020-04-10T11:13:26","guid":{"rendered":"https:\/\/omnex-panels.com\/omnex-thermo\/"},"modified":"2025-02-04T14:02:20","modified_gmt":"2025-02-04T13:02:20","slug":"omnex-thermo","status":"publish","type":"page","link":"https:\/\/omnex-panels.com\/fr\/omnex-thermo\/","title":{"rendered":"Omnex Thermo"},"content":{"rendered":"<p>[vc_row css_animation=\u00a0\u00bb\u00a0\u00bb row_type=\u00a0\u00bbrow\u00a0\u00bb use_row_as_full_screen_section=\u00a0\u00bbno\u00a0\u00bb type=\u00a0\u00bbgrid\u00a0\u00bb angled_section=\u00a0\u00bbno\u00a0\u00bb text_align=\u00a0\u00bbleft\u00a0\u00bb background_image_as_pattern=\u00a0\u00bbwithout_pattern\u00a0\u00bb background_color=\u00a0\u00bb#383a35&Prime; el_id=\u00a0\u00bbtech-zone1&Prime; z_index=\u00a0\u00bb\u00a0\u00bb][vc_column width=\u00a0\u00bb1\/2&Prime;][vc_empty_space height=\u00a0\u00bb30px\u00a0\u00bb el_class=\u00a0\u00bbspace-zone1&Prime;][vc_column_text el_class=\u00a0\u00bbtext-home\u00a0\u00bb]<\/p>\n<h1>Omnex Thermo<\/h1>\n<p>Omnex Thermo est un panneau d\u2019isolation r\u00e9sistant \u00e0 l\u2019eau, compos\u00e9 d\u2019une combinaison de verre recycl\u00e9 et de min\u00e9raux.<br \/>Le panneau est recouvert d\u2019un c\u00f4t\u00e9 d\u2019une fibre de verre et de l\u2019autre c\u00f4t\u00e9 d\u2019un voile de verre.<\/p>\n<p>Le panneau peut \u00eatre coll\u00e9 directement, est perm\u00e9able \u00e0 la vapeur, facile \u00e0 manipuler et peut \u00eatre plac\u00e9 en pi\u00e8ces humides.<\/p>\n<p>Le panneau peut \u00e9galement \u00eatre  dot\u00e9 d&rsquo;une fibre de  verre  sur les deux faces.<\/p>\n<p>[\/vc_column_text][\/vc_column][vc_column width=\u00a0\u00bb1\/2&Prime;][vc_empty_space height=\u00a0\u00bb95px\u00a0\u00bb el_class=\u00a0\u00bbspace-zone1&Prime;][vc_single_image image=\u00a0\u00bb1586&Prime; img_size=\u00a0\u00bbfull\u00a0\u00bb qode_css_animation=\u00a0\u00bb\u00a0\u00bb][\/vc_column][\/vc_row][vc_row css_animation=\u00a0\u00bb\u00a0\u00bb row_type=\u00a0\u00bbrow\u00a0\u00bb use_row_as_full_screen_section=\u00a0\u00bbno\u00a0\u00bb type=\u00a0\u00bbgrid\u00a0\u00bb angled_section=\u00a0\u00bbno\u00a0\u00bb text_align=\u00a0\u00bbleft\u00a0\u00bb background_image_as_pattern=\u00a0\u00bbwithout_pattern\u00a0\u00bb background_color=\u00a0\u00bb#383a35&Prime; el_id=\u00a0\u00bbtech-zone1-mobile\u00a0\u00bb z_index=\u00a0\u00bb\u00a0\u00bb][vc_column width=\u00a0\u00bb1\/2&Prime;][vc_empty_space height=\u00a0\u00bb65px\u00a0\u00bb el_class=\u00a0\u00bbspace-zone1&Prime;][vc_single_image image=\u00a0\u00bb1586&Prime; img_size=\u00a0\u00bbfull\u00a0\u00bb qode_css_animation=\u00a0\u00bb\u00a0\u00bb][\/vc_column][vc_column width=\u00a0\u00bb1\/2&Prime;][vc_empty_space height=\u00a0\u00bb30px\u00a0\u00bb el_class=\u00a0\u00bbspace-zone1&Prime;][vc_column_text el_class=\u00a0\u00bbtext-home\u00a0\u00bb]<\/p>\n<h1>Omnex Thermo<\/h1>\n<p>Omnex Thermo est un panneau d\u2019isolation r\u00e9sistant \u00e0 l\u2019eau, compos\u00e9 d\u2019une combinaison de verre recycl\u00e9 et de min\u00e9raux.<br \/>\nLe panneau est recouvert d\u2019un c\u00f4t\u00e9 d\u2019une fibre de verre et de l\u2019autre c\u00f4t\u00e9 d\u2019un voile de verre.<\/p>\n<p>Le panneau peut \u00eatre coll\u00e9 directement, est perm\u00e9able \u00e0 la vapeur, facile \u00e0 manipuler et peut \u00eatre plac\u00e9 en pi\u00e8ces humides. [\/vc_column_text][\/vc_column][\/vc_row][vc_row css_animation=\u00a0\u00bb\u00a0\u00bb row_type=\u00a0\u00bbrow\u00a0\u00bb use_row_as_full_screen_section=\u00a0\u00bbno\u00a0\u00bb type=\u00a0\u00bbgrid\u00a0\u00bb angled_section=\u00a0\u00bbno\u00a0\u00bb text_align=\u00a0\u00bbleft\u00a0\u00bb background_image_as_pattern=\u00a0\u00bbwithout_pattern\u00a0\u00bb background_color=\u00a0\u00bb#ffffff\u00a0\u00bb el_id=\u00a0\u00bbprod-zonethermo\u00a0\u00bb z_index=\u00a0\u00bb\u00a0\u00bb][vc_column][vc_row_inner row_type=\u00a0\u00bbrow\u00a0\u00bb type=\u00a0\u00bbfull_width\u00a0\u00bb text_align=\u00a0\u00bbleft\u00a0\u00bb css_animation=\u00a0\u00bb\u00a0\u00bb][vc_column_inner width=\u00a0\u00bb1\/2&Prime;][vc_column_text el_class=\u00a0\u00bbtext-thermo\u00a0\u00bb]<\/p>\n<h3>Panneau capillaire d\u2019isolation int\u00e9rieure.<\/h3>\n<p>La plaque augmente la temp\u00e9rature de surface des murs, ce qui d\u2019une part a un effet d\u2019\u00e9conomie d\u2019\u00e9nergie et d\u2019autre part r\u00e9duit consid\u00e9rablement les risques de condensation de vapeur d\u2019eau, et donc de formation de moisissures. Dans le cas o\u00f9, malgr\u00e9 l\u2019augmentation de la temp\u00e9rature de surface, il y aurait encore de l\u2019eau condens\u00e9e, alors cette eau se r\u00e9partira sur l\u2019ensemble du panneau par voies capillaires.<br \/>\nEn chauffant vous pourrez augmenter la temp\u00e9rature de surface de mur de 6\u00b0c d\u00e9pendant de la construction de votre mur. [\/vc_column_text][\/vc_column_inner][vc_column_inner width=\u00a0\u00bb1\/2&Prime;][vc_empty_space height=\u00a0\u00bb30px\u00a0\u00bb el_class=\u00a0\u00bbspace-zone1&Prime;][vc_single_image image=\u00a0\u00bb1580&Prime; img_size=\u00a0\u00bbfull\u00a0\u00bb qode_css_animation=\u00a0\u00bb\u00a0\u00bb][vc_column_text]<\/p>\n<div style=\"font-size: 12px; font-style: italic;\">Photo infrarouge d&rsquo;un panneau Omnex Thermo coll\u00e9 sur un mur<\/div>\n<p>[\/vc_column_text][vc_empty_space height=\u00a0\u00bb30px\u00a0\u00bb el_class=\u00a0\u00bbspace-zone1&Prime;][\/vc_column_inner][\/vc_row_inner][\/vc_column][\/vc_row][vc_row css_animation=\u00a0\u00bb\u00a0\u00bb row_type=\u00a0\u00bbrow\u00a0\u00bb use_row_as_full_screen_section=\u00a0\u00bbno\u00a0\u00bb type=\u00a0\u00bbgrid\u00a0\u00bb angled_section=\u00a0\u00bbno\u00a0\u00bb text_align=\u00a0\u00bbleft\u00a0\u00bb background_image_as_pattern=\u00a0\u00bbwithout_pattern\u00a0\u00bb background_color=\u00a0\u00bb#ffffff\u00a0\u00bb el_id=\u00a0\u00bbprod-zone2&Prime; z_index=\u00a0\u00bb\u00a0\u00bb][vc_column][vc_column_text el_class=\u00a0\u00bbtext-home\u00a0\u00bb]<\/p>\n<h1>Caract\u00e9ristiques uniques Omnex Thermo<\/h1>\n<p>[\/vc_column_text][vc_row_inner row_type=\u00a0\u00bbrow\u00a0\u00bb type=\u00a0\u00bbfull_width\u00a0\u00bb text_align=\u00a0\u00bbleft\u00a0\u00bb css_animation=\u00a0\u00bb\u00a0\u00bb el_class=\u00a0\u00bbicon-list\u00a0\u00bb][vc_column_inner width=\u00a0\u00bb1\/3&Prime;][vc_single_image image=\u00a0\u00bb66&Prime; img_size=\u00a0\u00bbfull\u00a0\u00bb alignment=\u00a0\u00bbcenter\u00a0\u00bb qode_css_animation=\u00a0\u00bb\u00a0\u00bb el_class=\u00a0\u00bbicon-home\u00a0\u00bb][vc_column_text el_class=\u00a0\u00bbtext-icon\u00a0\u00bb]Isolant[\/vc_column_text][vc_column_text el_class=\u00a0\u00bbtext-tech\u00a0\u00bb]isolant thermique et absorbant acoustique[\/vc_column_text][\/vc_column_inner][vc_column_inner width=\u00a0\u00bb1\/3&Prime;][vc_single_image image=\u00a0\u00bb70&Prime; img_size=\u00a0\u00bbfull\u00a0\u00bb alignment=\u00a0\u00bbcenter\u00a0\u00bb qode_css_animation=\u00a0\u00bb\u00a0\u00bb el_class=\u00a0\u00bbicon-home\u00a0\u00bb][vc_column_text el_class=\u00a0\u00bbtext-icon\u00a0\u00bb]L\u00e9ger[\/vc_column_text][vc_column_text el_class=\u00a0\u00bbtext-tech\u00a0\u00bb]tr\u00e8s facile \u00e0 traiter et \u00e0 porter[\/vc_column_text][\/vc_column_inner][vc_column_inner el_class=\u00a0\u00bbcolumn-hide\u00a0\u00bb width=\u00a0\u00bb1\/3&Prime;][vc_single_image image=\u00a0\u00bb68&Prime; img_size=\u00a0\u00bbfull\u00a0\u00bb alignment=\u00a0\u00bbcenter\u00a0\u00bb qode_css_animation=\u00a0\u00bb\u00a0\u00bb el_class=\u00a0\u00bbicon-home\u00a0\u00bb][vc_column_text el_class=\u00a0\u00bbtext-icon\u00a0\u00bb]R\u00e9sistant[\/vc_column_text][vc_column_text el_class=\u00a0\u00bbtext-tech\u00a0\u00bb]robuste et grande r\u00e9sistance aux chocs[\/vc_column_text][\/vc_column_inner][\/vc_row_inner][vc_row_inner row_type=\u00a0\u00bbrow\u00a0\u00bb type=\u00a0\u00bbfull_width\u00a0\u00bb text_align=\u00a0\u00bbleft\u00a0\u00bb css_animation=\u00a0\u00bb\u00a0\u00bb el_class=\u00a0\u00bbicon-list\u00a0\u00bb][vc_column_inner width=\u00a0\u00bb1\/3&Prime;][vc_single_image image=\u00a0\u00bb64&Prime; img_size=\u00a0\u00bbfull\u00a0\u00bb alignment=\u00a0\u00bbcenter\u00a0\u00bb qode_css_animation=\u00a0\u00bb\u00a0\u00bb el_class=\u00a0\u00bbicon-home\u00a0\u00bb][vc_column_text el_class=\u00a0\u00bbtext-icon\u00a0\u00bb]Perm\u00e9able la vapeur[\/vc_column_text][vc_column_text el_class=\u00a0\u00bbtext-tech\u00a0\u00bb]assure une r\u00e9gulation naturelle de la vapeur et de la chaleur[\/vc_column_text][\/vc_column_inner][vc_column_inner width=\u00a0\u00bb1\/3&Prime;][vc_single_image image=\u00a0\u00bb69&Prime; img_size=\u00a0\u00bbfull\u00a0\u00bb alignment=\u00a0\u00bbcenter\u00a0\u00bb qode_css_animation=\u00a0\u00bb\u00a0\u00bb el_class=\u00a0\u00bbicon-home\u00a0\u00bb][vc_column_text el_class=\u00a0\u00bbtext-icon\u00a0\u00bb]R\u00e9sistant \u00e0 l\u2019eau et au gel[\/vc_column_text][vc_column_text el_class=\u00a0\u00bbtext-tech\u00a0\u00bb]peut \u00eatre plac\u00e9 dans des pi\u00e8ces humides et r\u00e9siste au froid extr\u00eame[\/vc_column_text][\/vc_column_inner][vc_column_inner el_class=\u00a0\u00bbcolumn-hide\u00a0\u00bb width=\u00a0\u00bb1\/3&Prime;][vc_single_image image=\u00a0\u00bb63&Prime; img_size=\u00a0\u00bbfull\u00a0\u00bb alignment=\u00a0\u00bbcenter\u00a0\u00bb qode_css_animation=\u00a0\u00bb\u00a0\u00bb el_class=\u00a0\u00bbicon-home\u00a0\u00bb][vc_column_text el_class=\u00a0\u00bbtext-icon\u00a0\u00bb]Pr\u00e9vient la moisissure[\/vc_column_text][vc_column_text el_class=\u00a0\u00bbtext-tech\u00a0\u00bb]convient aux secteurs m\u00e9dicaux et alimentaires[\/vc_column_text][\/vc_column_inner][\/vc_row_inner][vc_row_inner row_type=\u00a0\u00bbrow\u00a0\u00bb type=\u00a0\u00bbfull_width\u00a0\u00bb text_align=\u00a0\u00bbleft\u00a0\u00bb css_animation=\u00a0\u00bb\u00a0\u00bb el_class=\u00a0\u00bbicon-list\u00a0\u00bb][vc_column_inner width=\u00a0\u00bb1\/3&Prime;][vc_single_image image=\u00a0\u00bb65&Prime; img_size=\u00a0\u00bbfull\u00a0\u00bb alignment=\u00a0\u00bbcenter\u00a0\u00bb qode_css_animation=\u00a0\u00bb\u00a0\u00bb el_class=\u00a0\u00bbicon-home\u00a0\u00bb][vc_column_text el_class=\u00a0\u00bbtext-icon\u00a0\u00bb]Ecologique[\/vc_column_text][vc_column_text el_class=\u00a0\u00bbtext-tech\u00a0\u00bb]fabriqu\u00e9s avec du verre recycl\u00e9, les panneaux sont durables et sains pour l\u2019habitat[\/vc_column_text][\/vc_column_inner][vc_column_inner width=\u00a0\u00bb1\/3&Prime;][\/vc_column_inner][vc_column_inner width=\u00a0\u00bb1\/3&Prime;][\/vc_column_inner][\/vc_row_inner][vc_empty_space height=\u00a0\u00bb60px\u00a0\u00bb][\/vc_column][\/vc_row][vc_row css_animation=\u00a0\u00bb\u00a0\u00bb row_type=\u00a0\u00bbrow\u00a0\u00bb use_row_as_full_screen_section=\u00a0\u00bbno\u00a0\u00bb type=\u00a0\u00bbgrid\u00a0\u00bb angled_section=\u00a0\u00bbno\u00a0\u00bb text_align=\u00a0\u00bbleft\u00a0\u00bb background_image_as_pattern=\u00a0\u00bbwithout_pattern\u00a0\u00bb background_color=\u00a0\u00bb#ffffff\u00a0\u00bb el_id=\u00a0\u00bbhome-zonethermo\u00a0\u00bb z_index=\u00a0\u00bb\u00a0\u00bb][vc_column][vc_column_text el_class=\u00a0\u00bbtext-home\u00a0\u00bb]<\/p>\n<h1>Applications<\/h1>\n<p>[\/vc_column_text][\/vc_column][\/vc_row][vc_row css_animation=\u00a0\u00bb\u00a0\u00bb row_type=\u00a0\u00bbrow\u00a0\u00bb use_row_as_full_screen_section=\u00a0\u00bbno\u00a0\u00bb type=\u00a0\u00bbfull_width\u00a0\u00bb angled_section=\u00a0\u00bbno\u00a0\u00bb text_align=\u00a0\u00bbleft\u00a0\u00bb background_image_as_pattern=\u00a0\u00bbwithout_pattern\u00a0\u00bb background_color=\u00a0\u00bb#ffffff\u00a0\u00bb z_index=\u00a0\u00bb\u00a0\u00bb][vc_column][rev_slider_vc alias=\u00a0\u00bbhome2-fr\u00a0\u00bb][\/vc_column][\/vc_row][vc_row css_animation=\u00a0\u00bb\u00a0\u00bb row_type=\u00a0\u00bbrow\u00a0\u00bb use_row_as_full_screen_section=\u00a0\u00bbno\u00a0\u00bb type=\u00a0\u00bbgrid\u00a0\u00bb angled_section=\u00a0\u00bbno\u00a0\u00bb text_align=\u00a0\u00bbleft\u00a0\u00bb background_image_as_pattern=\u00a0\u00bbwithout_pattern\u00a0\u00bb background_color=\u00a0\u00bb#ffffff\u00a0\u00bb z_index=\u00a0\u00bb\u00a0\u00bb el_class=\u00a0\u00bbdown-produ\u00a0\u00bb][vc_column][vc_column_text el_class=\u00a0\u00bbtext-home\u00a0\u00bb]<\/p>\n<h1>T\u00e9l\u00e9chargement<\/h1>\n<p>[\/vc_column_text][vc_row_inner row_type=\u00a0\u00bbrow\u00a0\u00bb type=\u00a0\u00bbgrid\u00a0\u00bb text_align=\u00a0\u00bbcenter\u00a0\u00bb css_animation=\u00a0\u00bb\u00a0\u00bb][vc_column_inner][vc_column_text el_class=\u00a0\u00bbbutton-prod\u00a0\u00bb]<a href=\"https:\/\/omnex-panels.com\/layout\/uploads\/2020\/04\/Fiche-produit-Omnex-Thermo.pdf\" target=\"_blank\" rel=\"noopener noreferrer\"><button>Fiche technique<\/button><\/a>[\/vc_column_text][\/vc_column_inner][\/vc_row_inner][vc_empty_space height=\u00a0\u00bb50px\u00a0\u00bb el_class=\u00a0\u00bbspace-zone1&Prime;][\/vc_column][\/vc_row]<\/p>\n","protected":false},"excerpt":{"rendered":"<p>[vc_row css_animation=\u00a0\u00bb\u00a0\u00bb row_type=\u00a0\u00bbrow\u00a0\u00bb use_row_as_full_screen_section=\u00a0\u00bbno\u00a0\u00bb type=\u00a0\u00bbgrid\u00a0\u00bb angled_section=\u00a0\u00bbno\u00a0\u00bb text_align=\u00a0\u00bbleft\u00a0\u00bb background_image_as_pattern=\u00a0\u00bbwithout_pattern\u00a0\u00bb background_color=\u00a0\u00bb#383a35&Prime; el_id=\u00a0\u00bbtech-zone1&Prime; z_index=\u00a0\u00bb\u00a0\u00bb][vc_column width=\u00a0\u00bb1\/2&Prime;][vc_empty_space height=\u00a0\u00bb30px\u00a0\u00bb el_class=\u00a0\u00bbspace-zone1&Prime;][vc_column_text el_class=\u00a0\u00bbtext-home\u00a0\u00bb] Omnex Thermo Omnex Thermo est un panneau d\u2019isolation r\u00e9sistant \u00e0 l\u2019eau, compos\u00e9 d\u2019une combinaison de verre recycl\u00e9 et de min\u00e9raux.Le panneau est recouvert d\u2019un c\u00f4t\u00e9 d\u2019une fibre de verre et&#8230;<\/p>\n","protected":false},"author":4,"featured_media":0,"parent":0,"menu_order":0,"comment_status":"closed","ping_status":"closed","template":"full_width.php","meta":[],"acf":[],"_links":{"self":[{"href":"https:\/\/omnex-panels.com\/fr\/wp-json\/wp\/v2\/pages\/1604"}],"collection":[{"href":"https:\/\/omnex-panels.com\/fr\/wp-json\/wp\/v2\/pages"}],"about":[{"href":"https:\/\/omnex-panels.com\/fr\/wp-json\/wp\/v2\/types\/page"}],"author":[{"embeddable":true,"href":"https:\/\/omnex-panels.com\/fr\/wp-json\/wp\/v2\/users\/4"}],"replies":[{"embeddable":true,"href":"https:\/\/omnex-panels.com\/fr\/wp-json\/wp\/v2\/comments?post=1604"}],"version-history":[{"count":7,"href":"https:\/\/omnex-panels.com\/fr\/wp-json\/wp\/v2\/pages\/1604\/revisions"}],"predecessor-version":[{"id":3365,"href":"https:\/\/omnex-panels.com\/fr\/wp-json\/wp\/v2\/pages\/1604\/revisions\/3365"}],"wp:attachment":[{"href":"https:\/\/omnex-panels.com\/fr\/wp-json\/wp\/v2\/media?parent=1604"}],"curies":[{"name":"wp","href":"https:\/\/api.w.org\/{rel}","templated":true}]}}