{"id":2129,"date":"2021-02-01T11:11:14","date_gmt":"2021-02-01T10:11:14","guid":{"rendered":"https:\/\/omnex-panels.com\/?page_id=2129"},"modified":"2026-04-13T15:13:22","modified_gmt":"2026-04-13T13:13:22","slug":"omnex-sanifit","status":"publish","type":"page","link":"https:\/\/omnex-panels.com\/fr\/omnex-sanifit\/","title":{"rendered":"Omnex Sani-Fit"},"content":{"rendered":"<p>[vc_row css_animation=\u00a0\u00bb\u00a0\u00bb row_type=\u00a0\u00bbrow\u00a0\u00bb use_row_as_full_screen_section=\u00a0\u00bbno\u00a0\u00bb type=\u00a0\u00bbgrid\u00a0\u00bb angled_section=\u00a0\u00bbno\u00a0\u00bb text_align=\u00a0\u00bbleft\u00a0\u00bb background_image_as_pattern=\u00a0\u00bbwithout_pattern\u00a0\u00bb background_color=\u00a0\u00bb#383a35&Prime; el_id=\u00a0\u00bbtech-zone1&Prime; z_index=\u00a0\u00bb\u00a0\u00bb][vc_column width=\u00a0\u00bb1\/2&Prime;][vc_empty_space height=\u00a0\u00bb30px\u00a0\u00bb el_class=\u00a0\u00bbspace-zone1&Prime;][vc_column_text el_class=\u00a0\u00bbtext-home\u00a0\u00bb]<\/p>\n<h1>Omnex Sani-Fit<\/h1>\n<p>La plaque Omnex Sani-Fit est une plaque pr\u00eate \u00e0 l\u2019emploi qui convient \u00e0 l\u2019habillage des syst\u00e8mes de WC suspendus les plus couramment utilis\u00e9s. La plaque est pourvue des trous n\u00e9cessaires.<\/p>\n<p>Une fois le panneau fix\u00e9 il peut \u00eatre carrel\u00e9, recouvert de mosa\u00efques et\/ou enduit directement sans pr\u00e9traitement.<\/p>\n<p>Gagnez du temps et du confort avec Omnex Sani-Fit ![\/vc_column_text][\/vc_column][vc_column width=\u00a0\u00bb1\/2&Prime;][vc_single_image image=\u00a0\u00bb2141&Prime; img_size=\u00a0\u00bbfull\u00a0\u00bb qode_css_animation=\u00a0\u00bb\u00a0\u00bb][\/vc_column][\/vc_row][vc_row css_animation=\u00a0\u00bb\u00a0\u00bb row_type=\u00a0\u00bbrow\u00a0\u00bb use_row_as_full_screen_section=\u00a0\u00bbno\u00a0\u00bb type=\u00a0\u00bbgrid\u00a0\u00bb angled_section=\u00a0\u00bbno\u00a0\u00bb text_align=\u00a0\u00bbleft\u00a0\u00bb background_image_as_pattern=\u00a0\u00bbwithout_pattern\u00a0\u00bb background_color=\u00a0\u00bb#383a35&Prime; el_id=\u00a0\u00bbtech-zone1-mobile\u00a0\u00bb z_index=\u00a0\u00bb\u00a0\u00bb][vc_column width=\u00a0\u00bb1\/2&Prime;][vc_single_image image=\u00a0\u00bb2141&Prime; img_size=\u00a0\u00bbfull\u00a0\u00bb qode_css_animation=\u00a0\u00bb\u00a0\u00bb][\/vc_column][vc_column width=\u00a0\u00bb1\/2&Prime;][vc_empty_space height=\u00a0\u00bb30px\u00a0\u00bb el_class=\u00a0\u00bbspace-zone1&Prime;][vc_column_text el_class=\u00a0\u00bbtext-home\u00a0\u00bb]<\/p>\n<h1>Omnex Sani-Fit<\/h1>\n<p>La plaque Omnex Sani-Fit est une plaque pr\u00eate \u00e0 l\u2019emploi qui convient \u00e0 l\u2019habillage des syst\u00e8mes de WC suspendus les plus couramment utilis\u00e9s. La plaque est pourvue des trous n\u00e9cessaires.<\/p>\n<p>Une fois le panneau fix\u00e9 il peut \u00eatre carrel\u00e9, recouvert de mosa\u00efques et\/ou enduit directement sans pr\u00e9traitement.<\/p>\n<p>Gagnez du temps et du confort avec Omnex Sani-Fit ![\/vc_column_text][\/vc_column][\/vc_row][vc_row css_animation=\u00a0\u00bb\u00a0\u00bb row_type=\u00a0\u00bbrow\u00a0\u00bb use_row_as_full_screen_section=\u00a0\u00bbno\u00a0\u00bb type=\u00a0\u00bbgrid\u00a0\u00bb angled_section=\u00a0\u00bbno\u00a0\u00bb text_align=\u00a0\u00bbleft\u00a0\u00bb background_image_as_pattern=\u00a0\u00bbwithout_pattern\u00a0\u00bb background_color=\u00a0\u00bb#ffffff\u00a0\u00bb el_id=\u00a0\u00bbprod-zone2&Prime; z_index=\u00a0\u00bb\u00a0\u00bb][vc_column][vc_column_text el_class=\u00a0\u00bbtext-home\u00a0\u00bb]<\/p>\n<h1>Les caract\u00e9ristiques uniques de Omnex Sani-Fit<\/h1>\n<p>[\/vc_column_text][vc_row_inner row_type=\u00a0\u00bbrow\u00a0\u00bb type=\u00a0\u00bbfull_width\u00a0\u00bb text_align=\u00a0\u00bbleft\u00a0\u00bb css_animation=\u00a0\u00bb\u00a0\u00bb el_class=\u00a0\u00bbicon-list\u00a0\u00bb][vc_column_inner width=\u00a0\u00bb1\/3&Prime;][vc_single_image image=\u00a0\u00bb2137&Prime; img_size=\u00a0\u00bbfull\u00a0\u00bb alignment=\u00a0\u00bbcenter\u00a0\u00bb qode_css_animation=\u00a0\u00bb\u00a0\u00bb el_class=\u00a0\u00bbicon-home\u00a0\u00bb][vc_column_text el_class=\u00a0\u00bbtext-icon\u00a0\u00bb]Pr\u00eat \u00e0 l\u2019emploi[\/vc_column_text][vc_column_text el_class=\u00a0\u00bbtext-tech\u00a0\u00bb]Pourvue des trous\u00a0n\u00e9cessaires[\/vc_column_text][\/vc_column_inner][vc_column_inner width=\u00a0\u00bb1\/3&Prime;][vc_single_image image=\u00a0\u00bb70&Prime; img_size=\u00a0\u00bbfull\u00a0\u00bb alignment=\u00a0\u00bbcenter\u00a0\u00bb qode_css_animation=\u00a0\u00bb\u00a0\u00bb el_class=\u00a0\u00bbicon-home\u00a0\u00bb][vc_column_text el_class=\u00a0\u00bbtext-icon\u00a0\u00bb]L\u00e9ger[\/vc_column_text][vc_column_text el_class=\u00a0\u00bbtext-tech\u00a0\u00bb]tr\u00e8s facile \u00e0 traiter et \u00e0 porter[\/vc_column_text][\/vc_column_inner][vc_column_inner el_class=\u00a0\u00bbcolumn-hide\u00a0\u00bb width=\u00a0\u00bb1\/3&Prime;][vc_single_image image=\u00a0\u00bb64&Prime; img_size=\u00a0\u00bbfull\u00a0\u00bb alignment=\u00a0\u00bbcenter\u00a0\u00bb qode_css_animation=\u00a0\u00bb\u00a0\u00bb el_class=\u00a0\u00bbicon-home\u00a0\u00bb][vc_column_text el_class=\u00a0\u00bbtext-icon\u00a0\u00bb]Perm\u00e9able la vapeur[\/vc_column_text][vc_column_text el_class=\u00a0\u00bbtext-tech\u00a0\u00bb]assure une r\u00e9gulation naturelle de la vapeur et de la chaleur[\/vc_column_text][\/vc_column_inner][\/vc_row_inner][vc_row_inner row_type=\u00a0\u00bbrow\u00a0\u00bb type=\u00a0\u00bbfull_width\u00a0\u00bb text_align=\u00a0\u00bbleft\u00a0\u00bb css_animation=\u00a0\u00bb\u00a0\u00bb el_class=\u00a0\u00bbicon-list\u00a0\u00bb][vc_column_inner width=\u00a0\u00bb1\/3&Prime;][vc_single_image image=\u00a0\u00bb68&Prime; img_size=\u00a0\u00bbfull\u00a0\u00bb alignment=\u00a0\u00bbcenter\u00a0\u00bb qode_css_animation=\u00a0\u00bb\u00a0\u00bb el_class=\u00a0\u00bbicon-home\u00a0\u00bb][vc_column_text el_class=\u00a0\u00bbtext-icon\u00a0\u00bb]R\u00e9sistant[\/vc_column_text][vc_column_text el_class=\u00a0\u00bbtext-tech\u00a0\u00bb]robuste et grande r\u00e9sistance aux chocs[\/vc_column_text][\/vc_column_inner][vc_column_inner width=\u00a0\u00bb1\/3&Prime;][vc_single_image image=\u00a0\u00bb66&Prime; img_size=\u00a0\u00bbfull\u00a0\u00bb alignment=\u00a0\u00bbcenter\u00a0\u00bb qode_css_animation=\u00a0\u00bb\u00a0\u00bb el_class=\u00a0\u00bbicon-home\u00a0\u00bb][vc_column_text el_class=\u00a0\u00bbtext-icon\u00a0\u00bb]Isolant[\/vc_column_text][vc_column_text el_class=\u00a0\u00bbtext-tech\u00a0\u00bb]poss\u00e8de des capacit\u00e9s d\u2019absorption acoustique et d\u2019isolation thermique[\/vc_column_text][\/vc_column_inner][vc_column_inner el_class=\u00a0\u00bbcolumn-hide\u00a0\u00bb width=\u00a0\u00bb1\/3&Prime;][vc_single_image image=\u00a0\u00bb69&Prime; img_size=\u00a0\u00bbfull\u00a0\u00bb alignment=\u00a0\u00bbcenter\u00a0\u00bb qode_css_animation=\u00a0\u00bb\u00a0\u00bb el_class=\u00a0\u00bbicon-home\u00a0\u00bb][vc_column_text el_class=\u00a0\u00bbtext-icon\u00a0\u00bb]R\u00e9sistant \u00e0 l\u2019eau et au gel[\/vc_column_text][vc_column_text el_class=\u00a0\u00bbtext-tech\u00a0\u00bb]peut \u00eatre plac\u00e9 dans des pi\u00e8ces humides et r\u00e9siste au froid extr\u00eame[\/vc_column_text][\/vc_column_inner][\/vc_row_inner][vc_row_inner row_type=\u00a0\u00bbrow\u00a0\u00bb type=\u00a0\u00bbfull_width\u00a0\u00bb text_align=\u00a0\u00bbleft\u00a0\u00bb css_animation=\u00a0\u00bb\u00a0\u00bb el_class=\u00a0\u00bbicon-list\u00a0\u00bb][vc_column_inner width=\u00a0\u00bb1\/3&Prime;][vc_single_image image=\u00a0\u00bb63&Prime; img_size=\u00a0\u00bbfull\u00a0\u00bb alignment=\u00a0\u00bbcenter\u00a0\u00bb qode_css_animation=\u00a0\u00bb\u00a0\u00bb el_class=\u00a0\u00bbicon-home\u00a0\u00bb][vc_column_text el_class=\u00a0\u00bbtext-icon\u00a0\u00bb]Pr\u00e9vient la moisissure[\/vc_column_text][vc_column_text el_class=\u00a0\u00bbtext-tech\u00a0\u00bb]convient aux secteurs m\u00e9dicaux et alimentaires[\/vc_column_text][\/vc_column_inner][vc_column_inner width=\u00a0\u00bb1\/3&Prime;][vc_single_image image=\u00a0\u00bb65&Prime; img_size=\u00a0\u00bbfull\u00a0\u00bb alignment=\u00a0\u00bbcenter\u00a0\u00bb qode_css_animation=\u00a0\u00bb\u00a0\u00bb el_class=\u00a0\u00bbicon-home\u00a0\u00bb][vc_column_text el_class=\u00a0\u00bbtext-icon\u00a0\u00bb]Ecologique[\/vc_column_text][vc_column_text el_class=\u00a0\u00bbtext-tech\u00a0\u00bb]fabriqu\u00e9s avec du verre recycl\u00e9, les panneaux sont durables et sains pour l\u2019habitat[\/vc_column_text][\/vc_column_inner][vc_column_inner width=\u00a0\u00bb1\/3&Prime;][\/vc_column_inner][\/vc_row_inner][vc_empty_space height=\u00a0\u00bb60px\u00a0\u00bb][\/vc_column][\/vc_row][vc_row css_animation=\u00a0\u00bb\u00a0\u00bb row_type=\u00a0\u00bbrow\u00a0\u00bb use_row_as_full_screen_section=\u00a0\u00bbno\u00a0\u00bb type=\u00a0\u00bbgrid\u00a0\u00bb angled_section=\u00a0\u00bbno\u00a0\u00bb text_align=\u00a0\u00bbleft\u00a0\u00bb background_image_as_pattern=\u00a0\u00bbwithout_pattern\u00a0\u00bb background_color=\u00a0\u00bb#ffffff\u00a0\u00bb z_index=\u00a0\u00bb\u00a0\u00bb el_class=\u00a0\u00bbdown-produ\u00a0\u00bb][vc_column][vc_separator type=\u00a0\u00bbnormal\u00a0\u00bb][vc_column_text el_class=\u00a0\u00bbtext-home\u00a0\u00bb]<\/p>\n<h1>T\u00e9l\u00e9chargements<\/h1>\n<p>[\/vc_column_text][vc_row_inner row_type=\u00a0\u00bbrow\u00a0\u00bb type=\u00a0\u00bbgrid\u00a0\u00bb text_align=\u00a0\u00bbcenter\u00a0\u00bb css_animation=\u00a0\u00bb\u00a0\u00bb][vc_column_inner width=\u00a0\u00bb1\/2&Prime;][vc_column_text el_class=\u00a0\u00bbbutton-prod\u00a0\u00bb]<a href=\"https:\/\/omnex-panels.com\/layout\/uploads\/2021\/02\/Guide-dinstallation-Omnex-Sani-Fit.pdf\" target=\"_blank\" rel=\"noopener noreferrer\"><button>Guide d&rsquo;installation<\/button><\/a><\/p>\n<div id=\"ConnectiveDocSignExtentionInstalled\" data-extension-version=\"1.0.4\"><\/div>\n<div id=\"ConnectiveDocSignExtentionInstalled\" data-extension-version=\"1.0.4\"><\/div>\n<p>[\/vc_column_text][\/vc_column_inner][vc_column_inner width=\u00a0\u00bb1\/2&Prime;][vc_column_text el_class=\u00a0\u00bbbutton-prod\u00a0\u00bb]<a href=\"https:\/\/omnex-panels.com\/layout\/uploads\/2021\/02\/Fiche-produit-Omnex-Sani-Fit.pdf\" target=\"_blank\" rel=\"noopener noreferrer\"><button>Fiche technique<\/button><\/a>[\/vc_column_text][\/vc_column_inner][\/vc_row_inner][vc_empty_space height=\u00a0\u00bb50px\u00a0\u00bb el_class=\u00a0\u00bbspace-zone1&Prime;][vc_row_inner row_type=\u00a0\u00bbrow\u00a0\u00bb type=\u00a0\u00bbfull_width\u00a0\u00bb text_align=\u00a0\u00bbcenter\u00a0\u00bb css_animation=\u00a0\u00bb\u00a0\u00bb][vc_column_inner][vc_column_text el_class=\u00a0\u00bbbutton-prod\u00a0\u00bb]<\/p>\n<p>La <strong>fiche de s\u00e9curit\u00e9<\/strong> peut \u00eatre demand\u00e9e ici : <a href=\"mailto:info@omnex-panels.com\">info@omnex-panels.com<\/a><\/p>\n<p>[\/vc_column_text][\/vc_column_inner][\/vc_row_inner][vc_empty_space height=\u00a0\u00bb50px\u00a0\u00bb el_class=\u00a0\u00bbspace-zone1&Prime;][\/vc_column][\/vc_row]<\/p>\n","protected":false},"excerpt":{"rendered":"<p>[vc_row css_animation=\u00a0\u00bb\u00a0\u00bb row_type=\u00a0\u00bbrow\u00a0\u00bb use_row_as_full_screen_section=\u00a0\u00bbno\u00a0\u00bb type=\u00a0\u00bbgrid\u00a0\u00bb angled_section=\u00a0\u00bbno\u00a0\u00bb text_align=\u00a0\u00bbleft\u00a0\u00bb background_image_as_pattern=\u00a0\u00bbwithout_pattern\u00a0\u00bb background_color=\u00a0\u00bb#383a35&Prime; el_id=\u00a0\u00bbtech-zone1&Prime; z_index=\u00a0\u00bb\u00a0\u00bb][vc_column width=\u00a0\u00bb1\/2&Prime;][vc_empty_space height=\u00a0\u00bb30px\u00a0\u00bb el_class=\u00a0\u00bbspace-zone1&Prime;][vc_column_text el_class=\u00a0\u00bbtext-home\u00a0\u00bb] Omnex Sani-Fit La plaque Omnex Sani-Fit est une plaque pr\u00eate \u00e0 l\u2019emploi qui convient \u00e0 l\u2019habillage des syst\u00e8mes de WC suspendus les plus couramment utilis\u00e9s. La plaque est pourvue des&#8230;<\/p>\n","protected":false},"author":4,"featured_media":0,"parent":0,"menu_order":0,"comment_status":"closed","ping_status":"closed","template":"full_width.php","meta":[],"acf":[],"_links":{"self":[{"href":"https:\/\/omnex-panels.com\/fr\/wp-json\/wp\/v2\/pages\/2129"}],"collection":[{"href":"https:\/\/omnex-panels.com\/fr\/wp-json\/wp\/v2\/pages"}],"about":[{"href":"https:\/\/omnex-panels.com\/fr\/wp-json\/wp\/v2\/types\/page"}],"author":[{"embeddable":true,"href":"https:\/\/omnex-panels.com\/fr\/wp-json\/wp\/v2\/users\/4"}],"replies":[{"embeddable":true,"href":"https:\/\/omnex-panels.com\/fr\/wp-json\/wp\/v2\/comments?post=2129"}],"version-history":[{"count":12,"href":"https:\/\/omnex-panels.com\/fr\/wp-json\/wp\/v2\/pages\/2129\/revisions"}],"predecessor-version":[{"id":3420,"href":"https:\/\/omnex-panels.com\/fr\/wp-json\/wp\/v2\/pages\/2129\/revisions\/3420"}],"wp:attachment":[{"href":"https:\/\/omnex-panels.com\/fr\/wp-json\/wp\/v2\/media?parent=2129"}],"curies":[{"name":"wp","href":"https:\/\/api.w.org\/{rel}","templated":true}]}}