{"id":256,"date":"2018-05-02T15:40:03","date_gmt":"2018-05-02T13:40:03","guid":{"rendered":"https:\/\/omnex-panels.com\/nieuws\/"},"modified":"2020-05-18T20:25:13","modified_gmt":"2020-05-18T18:25:13","slug":"actualites","status":"publish","type":"page","link":"https:\/\/omnex-panels.com\/fr\/actualites\/","title":{"rendered":"Actualit\u00e9s"},"content":{"rendered":"<p>[vc_row css_animation=\u00a0\u00bb\u00a0\u00bb row_type=\u00a0\u00bbrow\u00a0\u00bb use_row_as_full_screen_section=\u00a0\u00bbno\u00a0\u00bb type=\u00a0\u00bbgrid\u00a0\u00bb angled_section=\u00a0\u00bbno\u00a0\u00bb text_align=\u00a0\u00bbleft\u00a0\u00bb background_image_as_pattern=\u00a0\u00bbwithout_pattern\u00a0\u00bb z_index=\u00a0\u00bb\u00a0\u00bb el_id=\u00a0\u00bboverons\u00a0\u00bb][vc_column][vc_column_text]<\/p>\n<h1>Actualit\u00e9s<\/h1>\n<p>[\/vc_column_text][vc_empty_space height=\u00a0\u00bb50px\u00a0\u00bb][\/vc_column][\/vc_row][vc_row css_animation=\u00a0\u00bb\u00a0\u00bb row_type=\u00a0\u00bbrow\u00a0\u00bb use_row_as_full_screen_section=\u00a0\u00bbno\u00a0\u00bb type=\u00a0\u00bbgrid\u00a0\u00bb angled_section=\u00a0\u00bbno\u00a0\u00bb text_align=\u00a0\u00bbleft\u00a0\u00bb background_image_as_pattern=\u00a0\u00bbwithout_pattern\u00a0\u00bb z_index=\u00a0\u00bb\u00a0\u00bb][vc_column]<div class='q_masonry_blog'><div class=\"q_masonry_blog_grid_sizer\"><\/div><div class=\"q_masonry_blog_grid_gutter\"><\/div><article  class='post-3333 post type-post status-publish format-standard has-post-thumbnail hentry category-geen-onderdeel-van-een-categorie-fr '><div class=\"q_masonry_blog_post_image\"><a itemprop=\"url\" href=\"https:\/\/omnex-panels.com\/fr\/2024\/10\/22\/10-2024-hannsens-hout-nouveau-distributeur-omnex\/\" target=\"_self\"><img itemprop=\"image\" src=\"https:\/\/omnex-panels.com\/layout\/uploads\/2024\/10\/Hanssens-hout-kopie-4.jpg\" \/><\/a><\/div><div class=\"q_masonry_blog_post_text\"><h5 itemprop=\"name\" class=\"q_masonry_blog_title entry_title\"><a itemprop=\"url\" href=\"https:\/\/omnex-panels.com\/fr\/2024\/10\/22\/10-2024-hannsens-hout-nouveau-distributeur-omnex\/\">10\/2024-Hannsens Hout-Nouveau distributeur Omnex<\/a><\/h5><p itemprop=\"description\" class=\"q_masonry_blog_excerpt\">...<\/p><div class=\"q_masonry_blog_post_info\"><\/div><\/div><\/article><article  class='post-3280 post type-post status-publish format-standard has-post-thumbnail hentry category-geen-onderdeel-van-een-categorie-fr '><div class=\"q_masonry_blog_post_image\"><a itemprop=\"url\" href=\"https:\/\/omnex-panels.com\/fr\/2024\/02\/29\/04-2024-nouveau-distributeur-omnex\/\" target=\"_self\"><img itemprop=\"image\" src=\"https:\/\/omnex-panels.com\/layout\/uploads\/2024\/02\/Wijckmans.jpg\" \/><\/a><\/div><div class=\"q_masonry_blog_post_text\"><h5 itemprop=\"name\" class=\"q_masonry_blog_title entry_title\"><a itemprop=\"url\" href=\"https:\/\/omnex-panels.com\/fr\/2024\/02\/29\/04-2024-nouveau-distributeur-omnex\/\">03\/2024-Nouveau distributeur Omnex-Gebroeders Wijckmans NV<\/a><\/h5><p itemprop=\"description\" class=\"q_masonry_blog_excerpt\">Nouveau distributeur Omnex &#8211; ...<\/p><div class=\"q_masonry_blog_post_info\"><\/div><\/div><\/article><article  class='post-3102 post type-post status-publish format-standard has-post-thumbnail hentry category-geen-onderdeel-van-een-categorie-fr '><div class=\"q_masonry_blog_post_image\"><a itemprop=\"url\" href=\"https:\/\/omnex-panels.com\/fr\/2022\/09\/27\/nouveau-distributeur-omnex-sleurs-mortels-en-gipsen\/\" target=\"_self\"><img itemprop=\"image\" src=\"https:\/\/omnex-panels.com\/layout\/uploads\/2022\/09\/logo-sleurs.jpeg\" \/><\/a><\/div><div class=\"q_masonry_blog_post_text\"><h5 itemprop=\"name\" class=\"q_masonry_blog_title entry_title\"><a itemprop=\"url\" href=\"https:\/\/omnex-panels.com\/fr\/2022\/09\/27\/nouveau-distributeur-omnex-sleurs-mortels-en-gipsen\/\">09\/2022- Nouveau distributeur Omnex- Sleurs  mortels en Gipsen<\/a><\/h5><p itemprop=\"description\" class=\"q_masonry_blog_excerpt\">...<\/p><div class=\"q_masonry_blog_post_info\"><\/div><\/div><\/article><article  class='post-2961 post type-post status-publish format-standard has-post-thumbnail hentry category-geen-onderdeel-van-een-categorie-fr tag-amacro-fr tag-omnexpanels-fr tag-renovation-fr '><div class=\"q_masonry_blog_post_image\"><a itemprop=\"url\" href=\"https:\/\/omnex-panels.com\/fr\/2021\/07\/09\/06-2021-nouveau-distributeur-amacro-2\/\" target=\"_self\"><img itemprop=\"image\" src=\"https:\/\/omnex-panels.com\/layout\/uploads\/2021\/07\/amacro-bis.jpg\" \/><\/a><\/div><div class=\"q_masonry_blog_post_text\"><h5 itemprop=\"name\" class=\"q_masonry_blog_title entry_title\"><a itemprop=\"url\" href=\"https:\/\/omnex-panels.com\/fr\/2021\/07\/09\/06-2021-nouveau-distributeur-amacro-2\/\">06.2021-Nouveau distributeur: Amacro<\/a><\/h5><p itemprop=\"description\" class=\"q_masonry_blog_excerpt\">Les panneaux Omnex sont \u00e9galement ...<\/p><div class=\"q_masonry_blog_post_info\"><\/div><\/div><\/article><article  class='post-2874 post type-post status-publish format-standard has-post-thumbnail hentry category-geen-onderdeel-van-een-categorie-fr '><div class=\"q_masonry_blog_post_image\"><a itemprop=\"url\" href=\"https:\/\/omnex-panels.com\/fr\/2021\/05\/17\/05-2021-eta-20-0713-livre-pour-omnex-classic\/\" target=\"_self\"><img itemprop=\"image\" src=\"https:\/\/omnex-panels.com\/layout\/uploads\/2021\/05\/ETA.jpg.thumb_.1280.1280-2.jpg\" \/><\/a><\/div><div class=\"q_masonry_blog_post_text\"><h5 itemprop=\"name\" class=\"q_masonry_blog_title entry_title\"><a itemprop=\"url\" href=\"https:\/\/omnex-panels.com\/fr\/2021\/05\/17\/05-2021-eta-20-0713-livre-pour-omnex-classic\/\">05\/2021- ETA 20\/0713 livr\u00e9 pour Omnex Classic<\/a><\/h5><p itemprop=\"description\" class=\"q_masonry_blog_excerpt\">ETA 20\/0713 a \u00e9t\u00e9 livr\u00e9e le 02\/0...<\/p><div class=\"q_masonry_blog_post_info\"><\/div><\/div><\/article><article  class='post-2790 post type-post status-publish format-standard has-post-thumbnail hentry category-geen-onderdeel-van-een-categorie-fr '><div class=\"q_masonry_blog_post_image\"><a itemprop=\"url\" href=\"https:\/\/omnex-panels.com\/fr\/2021\/03\/30\/04-2021-omnex-lance-un-nouveau-panneau-omnex-classic-a2\/\" target=\"_self\"><img itemprop=\"image\" src=\"https:\/\/omnex-panels.com\/layout\/uploads\/2021\/03\/OmnexClassicA2-news.jpg\" \/><\/a><\/div><div class=\"q_masonry_blog_post_text\"><h5 itemprop=\"name\" class=\"q_masonry_blog_title entry_title\"><a itemprop=\"url\" href=\"https:\/\/omnex-panels.com\/fr\/2021\/03\/30\/04-2021-omnex-lance-un-nouveau-panneau-omnex-classic-a2\/\">04\/2021 \u2014 Omnex lance un nouveau panneau: Omnex Classic A2<\/a><\/h5><p itemprop=\"description\" class=\"q_masonry_blog_excerpt\">Omnex est ravi de partager le lance...<\/p><div class=\"q_masonry_blog_post_info\"><\/div><\/div><\/article><article  class='post-2772 post type-post status-publish format-standard has-post-thumbnail hentry '><div class=\"q_masonry_blog_post_image\"><a itemprop=\"url\" href=\"https:\/\/omnex-panels.com\/fr\/2021\/03\/30\/04-2021-nouveau-distributeur-servimat\/\" target=\"_self\"><img itemprop=\"image\" src=\"https:\/\/omnex-panels.com\/layout\/uploads\/2021\/03\/Servimat.gif\" \/><\/a><\/div><div class=\"q_masonry_blog_post_text\"><h5 itemprop=\"name\" class=\"q_masonry_blog_title entry_title\"><a itemprop=\"url\" href=\"https:\/\/omnex-panels.com\/fr\/2021\/03\/30\/04-2021-nouveau-distributeur-servimat\/\">04\/2021 \u2014 Nouveau distributeur: Servimat<\/a><\/h5><p itemprop=\"description\" class=\"q_masonry_blog_excerpt\">Nos plaques sont \u00e9galement disponi...<\/p><div class=\"q_masonry_blog_post_info\"><\/div><\/div><\/article><article  class='post-2766 post type-post status-publish format-standard has-post-thumbnail hentry category-geen-onderdeel-van-een-categorie-fr '><div class=\"q_masonry_blog_post_image\"><a itemprop=\"url\" href=\"https:\/\/omnex-panels.com\/fr\/2021\/03\/30\/04-2021-nouveau-distributeur-ecobati-arlon\/\" target=\"_self\"><img itemprop=\"image\" src=\"https:\/\/omnex-panels.com\/layout\/uploads\/2021\/02\/EcoBati.gif\" \/><\/a><\/div><div class=\"q_masonry_blog_post_text\"><h5 itemprop=\"name\" class=\"q_masonry_blog_title entry_title\"><a itemprop=\"url\" href=\"https:\/\/omnex-panels.com\/fr\/2021\/03\/30\/04-2021-nouveau-distributeur-ecobati-arlon\/\">04\/2021 \u2014 Nouveau distributeur: Ecobati Arlon<\/a><\/h5><p itemprop=\"description\" class=\"q_masonry_blog_excerpt\">Nos plaques sont \u00e9galement disponi...<\/p><div class=\"q_masonry_blog_post_info\"><\/div><\/div><\/article><article  class='post-2526 post type-post status-publish format-standard has-post-thumbnail hentry '><div class=\"q_masonry_blog_post_image\"><a itemprop=\"url\" href=\"https:\/\/omnex-panels.com\/fr\/2021\/03\/19\/03-2021-nouveau-distributeur-verhelst\/\" target=\"_self\"><img itemprop=\"image\" src=\"https:\/\/omnex-panels.com\/layout\/uploads\/2021\/03\/verhelst.gif\" \/><\/a><\/div><div class=\"q_masonry_blog_post_text\"><h5 itemprop=\"name\" class=\"q_masonry_blog_title entry_title\"><a itemprop=\"url\" href=\"https:\/\/omnex-panels.com\/fr\/2021\/03\/19\/03-2021-nouveau-distributeur-verhelst\/\">03\/2021 \u2014 Nouveau distributeur: Verhelst<\/a><\/h5><p itemprop=\"description\" class=\"q_masonry_blog_excerpt\">Trouvez les panneaux Omnex chez Ver...<\/p><div class=\"q_masonry_blog_post_info\"><\/div><\/div><\/article><article  class='post-2500 post type-post status-publish format-standard has-post-thumbnail hentry '><div class=\"q_masonry_blog_post_image\"><a itemprop=\"url\" href=\"https:\/\/omnex-panels.com\/fr\/2021\/02\/23\/02-2021-nouveau-distributeur-victoir\/\" target=\"_self\"><img itemprop=\"image\" src=\"https:\/\/omnex-panels.com\/layout\/uploads\/2021\/02\/Victoir.gif\" \/><\/a><\/div><div class=\"q_masonry_blog_post_text\"><h5 itemprop=\"name\" class=\"q_masonry_blog_title entry_title\"><a itemprop=\"url\" href=\"https:\/\/omnex-panels.com\/fr\/2021\/02\/23\/02-2021-nouveau-distributeur-victoir\/\">02\/2021 \u2014 Nouveau distributeur: Victoir<\/a><\/h5><p itemprop=\"description\" class=\"q_masonry_blog_excerpt\">Trouvez les panneaux Omnex chez Vic...<\/p><div class=\"q_masonry_blog_post_info\"><\/div><\/div><\/article><\/div>[vc_empty_space height=\u00a0\u00bb50px\u00a0\u00bb][\/vc_column][\/vc_row]<\/p>\n","protected":false},"excerpt":{"rendered":"<p>[vc_row css_animation=\u00a0\u00bb\u00a0\u00bb row_type=\u00a0\u00bbrow\u00a0\u00bb use_row_as_full_screen_section=\u00a0\u00bbno\u00a0\u00bb type=\u00a0\u00bbgrid\u00a0\u00bb angled_section=\u00a0\u00bbno\u00a0\u00bb text_align=\u00a0\u00bbleft\u00a0\u00bb background_image_as_pattern=\u00a0\u00bbwithout_pattern\u00a0\u00bb z_index=\u00a0\u00bb\u00a0\u00bb el_id=\u00a0\u00bboverons\u00a0\u00bb][vc_column][vc_column_text] Actualit\u00e9s [\/vc_column_text][vc_empty_space height=\u00a0\u00bb50px\u00a0\u00bb][\/vc_column][\/vc_row][vc_row css_animation=\u00a0\u00bb\u00a0\u00bb row_type=\u00a0\u00bbrow\u00a0\u00bb use_row_as_full_screen_section=\u00a0\u00bbno\u00a0\u00bb type=\u00a0\u00bbgrid\u00a0\u00bb angled_section=\u00a0\u00bbno\u00a0\u00bb text_align=\u00a0\u00bbleft\u00a0\u00bb background_image_as_pattern=\u00a0\u00bbwithout_pattern\u00a0\u00bb z_index=\u00a0\u00bb\u00a0\u00bb][vc_column][vc_empty_space height=\u00a0\u00bb50px\u00a0\u00bb][\/vc_column][\/vc_row]<\/p>\n","protected":false},"author":4,"featured_media":0,"parent":0,"menu_order":0,"comment_status":"closed","ping_status":"closed","template":"full_width.php","meta":[],"acf":[],"_links":{"self":[{"href":"https:\/\/omnex-panels.com\/fr\/wp-json\/wp\/v2\/pages\/256"}],"collection":[{"href":"https:\/\/omnex-panels.com\/fr\/wp-json\/wp\/v2\/pages"}],"about":[{"href":"https:\/\/omnex-panels.com\/fr\/wp-json\/wp\/v2\/types\/page"}],"author":[{"embeddable":true,"href":"https:\/\/omnex-panels.com\/fr\/wp-json\/wp\/v2\/users\/4"}],"replies":[{"embeddable":true,"href":"https:\/\/omnex-panels.com\/fr\/wp-json\/wp\/v2\/comments?post=256"}],"version-history":[{"count":16,"href":"https:\/\/omnex-panels.com\/fr\/wp-json\/wp\/v2\/pages\/256\/revisions"}],"predecessor-version":[{"id":1712,"href":"https:\/\/omnex-panels.com\/fr\/wp-json\/wp\/v2\/pages\/256\/revisions\/1712"}],"wp:attachment":[{"href":"https:\/\/omnex-panels.com\/fr\/wp-json\/wp\/v2\/media?parent=256"}],"curies":[{"name":"wp","href":"https:\/\/api.w.org\/{rel}","templated":true}]}}