{"id":257,"date":"2018-05-02T15:39:51","date_gmt":"2018-05-02T13:39:51","guid":{"rendered":"https:\/\/omnex-panels.com\/bedrijf\/"},"modified":"2018-07-05T14:53:07","modified_gmt":"2018-07-05T12:53:07","slug":"societe","status":"publish","type":"page","link":"https:\/\/omnex-panels.com\/fr\/societe\/","title":{"rendered":"Soci\u00e9t\u00e9"},"content":{"rendered":"<p>[vc_row css_animation=\u00a0\u00bb\u00a0\u00bb row_type=\u00a0\u00bbrow\u00a0\u00bb use_row_as_full_screen_section=\u00a0\u00bbno\u00a0\u00bb type=\u00a0\u00bbgrid\u00a0\u00bb angled_section=\u00a0\u00bbno\u00a0\u00bb text_align=\u00a0\u00bbleft\u00a0\u00bb background_image_as_pattern=\u00a0\u00bbwithout_pattern\u00a0\u00bb z_index=\u00a0\u00bb\u00a0\u00bb el_id=\u00a0\u00bboverons\u00a0\u00bb][vc_column][vc_column_text]<\/p>\n<h1>A propos de nous<\/h1>\n<p>[\/vc_column_text][vc_row_inner row_type=\u00a0\u00bbrow\u00a0\u00bb type=\u00a0\u00bbfull_width\u00a0\u00bb text_align=\u00a0\u00bbleft\u00a0\u00bb css_animation=\u00a0\u00bb\u00a0\u00bb][vc_column_inner][vc_column_text el_class=\u00a0\u00bbtext-overons\u00a0\u00bb]Omnex est un producteur belge de panneaux de construction innovants, orient\u00e9s vers l&rsquo;avenir et durables qui trouvent une application polyvalente dans le nouveau b\u00e2timent, la r\u00e9novation et la transformation. Les panneaux Omnex sont la solution id\u00e9ale pour les murs et les plafonds, \u00e0 la fois pour les applications int\u00e9rieures et ext\u00e9rieures.<\/p>\n<p>Omnex est le partenaire id\u00e9al pour tous les acteurs de la construction et accompagne les architectes, les entrepreneurs, les distributeurs et les utilisateurs finaux avec des conseils et des actions.<\/p>\n<p>Omnex, o\u00f9 la sensibilisation \u00e0 l&rsquo;environnement est primordiale, a d\u00e9lib\u00e9r\u00e9ment choisi de d\u00e9velopper et de produire des panneaux respectueux de l\u2019environnement : tous les panneaux Omnex sont fabriqu\u00e9s \u00e0 partir de verre recycl\u00e9 !<\/p>\n<p>L&rsquo;exp\u00e9rience, le savoir-faire et le pouvoir d&rsquo;innovation d&rsquo;Omnex et de ses employ\u00e9s dans le secteur de la construction garantissent un produit tr\u00e8s qualitatif et \u00e9cologique sur le march\u00e9 aujourd&rsquo;hui et demain.[\/vc_column_text][\/vc_column_inner][\/vc_row_inner][\/vc_column][\/vc_row][vc_row css_animation=\u00a0\u00bb\u00a0\u00bb row_type=\u00a0\u00bbrow\u00a0\u00bb use_row_as_full_screen_section=\u00a0\u00bbno\u00a0\u00bb type=\u00a0\u00bbfull_width\u00a0\u00bb angled_section=\u00a0\u00bbno\u00a0\u00bb text_align=\u00a0\u00bbleft\u00a0\u00bb background_image_as_pattern=\u00a0\u00bbwithout_pattern\u00a0\u00bb][vc_column][vc_empty_space][\/vc_column][\/vc_row]<\/p>\n","protected":false},"excerpt":{"rendered":"<p>[vc_row css_animation=\u00a0\u00bb\u00a0\u00bb row_type=\u00a0\u00bbrow\u00a0\u00bb use_row_as_full_screen_section=\u00a0\u00bbno\u00a0\u00bb type=\u00a0\u00bbgrid\u00a0\u00bb angled_section=\u00a0\u00bbno\u00a0\u00bb text_align=\u00a0\u00bbleft\u00a0\u00bb background_image_as_pattern=\u00a0\u00bbwithout_pattern\u00a0\u00bb z_index=\u00a0\u00bb\u00a0\u00bb el_id=\u00a0\u00bboverons\u00a0\u00bb][vc_column][vc_column_text] A propos de nous [\/vc_column_text][vc_row_inner row_type=\u00a0\u00bbrow\u00a0\u00bb type=\u00a0\u00bbfull_width\u00a0\u00bb text_align=\u00a0\u00bbleft\u00a0\u00bb css_animation=\u00a0\u00bb\u00a0\u00bb][vc_column_inner][vc_column_text el_class=\u00a0\u00bbtext-overons\u00a0\u00bb]Omnex est un producteur belge de panneaux de construction innovants, orient\u00e9s vers l&rsquo;avenir et durables qui trouvent une application polyvalente dans le nouveau b\u00e2timent, la r\u00e9novation&#8230;<\/p>\n","protected":false},"author":4,"featured_media":0,"parent":0,"menu_order":0,"comment_status":"closed","ping_status":"closed","template":"full_width.php","meta":[],"acf":[],"_links":{"self":[{"href":"https:\/\/omnex-panels.com\/fr\/wp-json\/wp\/v2\/pages\/257"}],"collection":[{"href":"https:\/\/omnex-panels.com\/fr\/wp-json\/wp\/v2\/pages"}],"about":[{"href":"https:\/\/omnex-panels.com\/fr\/wp-json\/wp\/v2\/types\/page"}],"author":[{"embeddable":true,"href":"https:\/\/omnex-panels.com\/fr\/wp-json\/wp\/v2\/users\/4"}],"replies":[{"embeddable":true,"href":"https:\/\/omnex-panels.com\/fr\/wp-json\/wp\/v2\/comments?post=257"}],"version-history":[{"count":1,"href":"https:\/\/omnex-panels.com\/fr\/wp-json\/wp\/v2\/pages\/257\/revisions"}],"predecessor-version":[{"id":291,"href":"https:\/\/omnex-panels.com\/fr\/wp-json\/wp\/v2\/pages\/257\/revisions\/291"}],"wp:attachment":[{"href":"https:\/\/omnex-panels.com\/fr\/wp-json\/wp\/v2\/media?parent=257"}],"curies":[{"name":"wp","href":"https:\/\/api.w.org\/{rel}","templated":true}]}}