{"id":259,"date":"2018-05-02T15:38:18","date_gmt":"2018-05-02T13:38:18","guid":{"rendered":"https:\/\/omnex-panels.com\/referenties\/"},"modified":"2021-03-25T18:54:33","modified_gmt":"2021-03-25T17:54:33","slug":"references","status":"publish","type":"page","link":"https:\/\/omnex-panels.com\/fr\/references\/","title":{"rendered":"R\u00e9f\u00e9rences"},"content":{"rendered":"<p>[vc_row css_animation=\u00a0\u00bb\u00a0\u00bb row_type=\u00a0\u00bbrow\u00a0\u00bb use_row_as_full_screen_section=\u00a0\u00bbno\u00a0\u00bb type=\u00a0\u00bbfull_width\u00a0\u00bb angled_section=\u00a0\u00bbno\u00a0\u00bb text_align=\u00a0\u00bbleft\u00a0\u00bb background_image_as_pattern=\u00a0\u00bbwithout_pattern\u00a0\u00bb][vc_column][vc_column_text]<\/p>\n<h1>Nos r\u00e9f\u00e9rences<\/h1>\n<div class=\"text-ref\">Le panneau Omnex est un panneau polyvalent qui peut \u00eatre utilis\u00e9 dans de nombreux domaines d\u2019application.<\/div>\n<p>[\/vc_column_text][vc_empty_space height=\u00a0\u00bb50px\u00a0\u00bb][\/vc_column][\/vc_row]<\/p>\n","protected":false},"excerpt":{"rendered":"<p>[vc_row css_animation=\u00a0\u00bb\u00a0\u00bb row_type=\u00a0\u00bbrow\u00a0\u00bb use_row_as_full_screen_section=\u00a0\u00bbno\u00a0\u00bb type=\u00a0\u00bbfull_width\u00a0\u00bb angled_section=\u00a0\u00bbno\u00a0\u00bb text_align=\u00a0\u00bbleft\u00a0\u00bb background_image_as_pattern=\u00a0\u00bbwithout_pattern\u00a0\u00bb][vc_column][vc_column_text] Nos r\u00e9f\u00e9rences Le panneau Omnex est un panneau polyvalent qui peut \u00eatre utilis\u00e9 dans de nombreux domaines d\u2019application. [\/vc_column_text][vc_empty_space height=\u00a0\u00bb50px\u00a0\u00bb][\/vc_column][\/vc_row]<\/p>\n","protected":false},"author":4,"featured_media":0,"parent":0,"menu_order":0,"comment_status":"closed","ping_status":"closed","template":"reference.php","meta":[],"acf":[],"_links":{"self":[{"href":"https:\/\/omnex-panels.com\/fr\/wp-json\/wp\/v2\/pages\/259"}],"collection":[{"href":"https:\/\/omnex-panels.com\/fr\/wp-json\/wp\/v2\/pages"}],"about":[{"href":"https:\/\/omnex-panels.com\/fr\/wp-json\/wp\/v2\/types\/page"}],"author":[{"embeddable":true,"href":"https:\/\/omnex-panels.com\/fr\/wp-json\/wp\/v2\/users\/4"}],"replies":[{"embeddable":true,"href":"https:\/\/omnex-panels.com\/fr\/wp-json\/wp\/v2\/comments?post=259"}],"version-history":[{"count":2,"href":"https:\/\/omnex-panels.com\/fr\/wp-json\/wp\/v2\/pages\/259\/revisions"}],"predecessor-version":[{"id":2703,"href":"https:\/\/omnex-panels.com\/fr\/wp-json\/wp\/v2\/pages\/259\/revisions\/2703"}],"wp:attachment":[{"href":"https:\/\/omnex-panels.com\/fr\/wp-json\/wp\/v2\/media?parent=259"}],"curies":[{"name":"wp","href":"https:\/\/api.w.org\/{rel}","templated":true}]}}