{"id":260,"date":"2018-05-02T15:10:35","date_gmt":"2018-05-02T13:10:35","guid":{"rendered":"https:\/\/omnex-panels.com\/technologie\/"},"modified":"2021-03-25T19:56:30","modified_gmt":"2021-03-25T18:56:30","slug":"technologie","status":"publish","type":"page","link":"https:\/\/omnex-panels.com\/fr\/technologie\/","title":{"rendered":"Technologie"},"content":{"rendered":"<p>[vc_row css_animation=\u00a0\u00bb\u00a0\u00bb row_type=\u00a0\u00bbrow\u00a0\u00bb use_row_as_full_screen_section=\u00a0\u00bbno\u00a0\u00bb type=\u00a0\u00bbgrid\u00a0\u00bb angled_section=\u00a0\u00bbno\u00a0\u00bb text_align=\u00a0\u00bbleft\u00a0\u00bb background_image_as_pattern=\u00a0\u00bbwithout_pattern\u00a0\u00bb background_color=\u00a0\u00bb#383a35&Prime; el_id=\u00a0\u00bbtech-zone1&Prime; z_index=\u00a0\u00bb\u00a0\u00bb el_class=\u00a0\u00bbtechnology\u00a0\u00bb][vc_column width=\u00a0\u00bb1\/2&Prime;][vc_empty_space height=\u00a0\u00bb30px\u00a0\u00bb el_class=\u00a0\u00bbspace-zone1&Prime;][vc_column_text el_class=\u00a0\u00bbtext-home\u00a0\u00bb]<\/p>\n<h1>Qu&rsquo;est-ce que la technologie du verre expans\u00e9 ?<\/h1>\n<p>Les panneaux Omnex sont constitu\u00e9s d&rsquo;une combinaison de verre recycl\u00e9 et de min\u00e9raux.<\/p>\n<p>La bonne combinaison et la bonne composition donnent les panneaux Omnex avec des propri\u00e9t\u00e9s et des avantages uniques pour les constructions de murs et de plafonds.<\/p>\n<p>Le verre expans\u00e9 est du verre inerte pur, non toxique, sans solvant, sans odeur, anti-allerg\u00e8ne. La structure en verre amorphe pr\u00e9vient le risque de silicose.<\/p>\n<p>Le processus de production est de haute technologie, innovant et soumis \u00e0 des contr\u00f4les de qualit\u00e9 stricts pour garantir que tous les produits r\u00e9pondent \u00e0 100% aux exigences de nos clients.<\/p>\n<p>Omnex contribue \u00e0 un cadre de vie plus qualitatif.[\/vc_column_text][\/vc_column][vc_column width=\u00a0\u00bb1\/2&Prime;][vc_empty_space height=\u00a0\u00bb210px\u00a0\u00bb el_class=\u00a0\u00bbspace-zone1&Prime;][vc_single_image image=\u00a0\u00bb117&Prime; img_size=\u00a0\u00bbfull\u00a0\u00bb qode_css_animation=\u00a0\u00bb\u00a0\u00bb][\/vc_column][\/vc_row][vc_row css_animation=\u00a0\u00bb\u00a0\u00bb row_type=\u00a0\u00bbrow\u00a0\u00bb use_row_as_full_screen_section=\u00a0\u00bbno\u00a0\u00bb type=\u00a0\u00bbgrid\u00a0\u00bb angled_section=\u00a0\u00bbno\u00a0\u00bb text_align=\u00a0\u00bbleft\u00a0\u00bb background_image_as_pattern=\u00a0\u00bbwithout_pattern\u00a0\u00bb background_color=\u00a0\u00bb#383a35&Prime; el_id=\u00a0\u00bbtech-zone1-mobile\u00a0\u00bb z_index=\u00a0\u00bb\u00a0\u00bb][vc_column width=\u00a0\u00bb1\/2&Prime;][vc_empty_space height=\u00a0\u00bb65px\u00a0\u00bb el_class=\u00a0\u00bbspace-zone1&Prime;][vc_single_image image=\u00a0\u00bb117&Prime; img_size=\u00a0\u00bbfull\u00a0\u00bb qode_css_animation=\u00a0\u00bb\u00a0\u00bb][\/vc_column][vc_column width=\u00a0\u00bb1\/2&Prime;][vc_empty_space height=\u00a0\u00bb30px\u00a0\u00bb el_class=\u00a0\u00bbspace-zone1&Prime;][vc_column_text el_class=\u00a0\u00bbtext-home\u00a0\u00bb]<\/p>\n<h1>Qu&rsquo;est-ce que la technologie du verre expans\u00e9 ?<\/h1>\n<p>Les panneaux Omnex sont constitu\u00e9s d&rsquo;une combinaison de verre recycl\u00e9 et de min\u00e9raux.<\/p>\n<p>La bonne combinaison et la bonne composition donnent les panneaux Omnex avec des propri\u00e9t\u00e9s et des avantages uniques pour les constructions de murs et de plafonds.<\/p>\n<p>Le verre expans\u00e9 est du verre inerte pur, non toxique, sans solvant, sans odeur, anti-allerg\u00e8ne. La structure en verre amorphe pr\u00e9vient le risque de silicose.<\/p>\n<p>Le processus de production est de haute technologie, innovant et soumis \u00e0 des contr\u00f4les de qualit\u00e9 stricts pour garantir que tous les produits r\u00e9pondent \u00e0 100% aux exigences de nos clients.<\/p>\n<p>Omnex contribue \u00e0 un cadre de vie plus qualitatif.[\/vc_column_text][\/vc_column][\/vc_row][vc_row css_animation=\u00a0\u00bb\u00a0\u00bb row_type=\u00a0\u00bbrow\u00a0\u00bb use_row_as_full_screen_section=\u00a0\u00bbno\u00a0\u00bb type=\u00a0\u00bbgrid\u00a0\u00bb angled_section=\u00a0\u00bbno\u00a0\u00bb text_align=\u00a0\u00bbleft\u00a0\u00bb background_image_as_pattern=\u00a0\u00bbwithout_pattern\u00a0\u00bb background_color=\u00a0\u00bb#ededed\u00a0\u00bb el_id=\u00a0\u00bbtech-zone2&Prime; z_index=\u00a0\u00bb\u00a0\u00bb el_class=\u00a0\u00bbmb15&Prime;][vc_column width=\u00a0\u00bb1\/2&Prime;][vc_column_text el_class=\u00a0\u00bbtext-home\u00a0\u00bb]<\/p>\n<h1>Des panneaux pour le futur<\/h1>\n<p>[\/vc_column_text][vc_column_text]Le verre expans\u00e9 utilis\u00e9 dans les panneaux Omnex est un mat\u00e9riau isolant thermique inorganique blanc fabriqu\u00e9 \u00e0 partir de verre recycl\u00e9, sous forme de petites billes poreuses.<\/p>\n<p>Le verre recycl\u00e9 est transform\u00e9 en granul\u00e9s blancs de diff\u00e9rents diam\u00e8tres.<\/p>\n<p>Le verre expans\u00e9 est un granul\u00e9 de verre fait \u00e0 partir de verre recycl\u00e9 selon la m\u00e9thode de l&rsquo;upcyling. L&rsquo;utilisation de ces mati\u00e8res premi\u00e8res secondaires prot\u00e8ge les ressources naturelles et l&rsquo;environnement naturel et r\u00e9duit l&rsquo;impact sur l&rsquo;environnement.<\/p>\n<p>Cette technique innovante transforme les d\u00e9chets de verre m\u00e9nagers usagers en un excellent granulat l\u00e9ger blanc. En raison de sa porosit\u00e9, il maintient l&rsquo;air dans le grain ferm\u00e9. Cette technologie est l&rsquo;une des plus avanc\u00e9es et contribue \u00e0 des valeurs thermiques et acoustiques \u00e9lev\u00e9es.[\/vc_column_text][vc_empty_space height=\u00a0\u00bb120px\u00a0\u00bb][\/vc_column][vc_column width=\u00a0\u00bb1\/2&Prime;][\/vc_column][\/vc_row][vc_row css_animation=\u00a0\u00bb\u00a0\u00bb row_type=\u00a0\u00bbrow\u00a0\u00bb use_row_as_full_screen_section=\u00a0\u00bbno\u00a0\u00bb type=\u00a0\u00bbgrid\u00a0\u00bb angled_section=\u00a0\u00bbno\u00a0\u00bb text_align=\u00a0\u00bbleft\u00a0\u00bb background_image_as_pattern=\u00a0\u00bbwithout_pattern\u00a0\u00bb background_color=\u00a0\u00bb#ffffff\u00a0\u00bb z_index=\u00a0\u00bb\u00a0\u00bb el_id=\u00a0\u00bbcertif-none\u00a0\u00bb][vc_column][vc_column_text el_class=\u00a0\u00bbtext-home\u00a0\u00bb]<\/p>\n<h1>Omnex beschikt over de<br \/>\njuiste certificaten<\/h1>\n<p>[\/vc_column_text][vc_row_inner row_type=\u00a0\u00bbrow\u00a0\u00bb type=\u00a0\u00bbfull_width\u00a0\u00bb text_align=\u00a0\u00bbleft\u00a0\u00bb css_animation=\u00a0\u00bb\u00a0\u00bb el_class=\u00a0\u00bbicon-list\u00a0\u00bb el_id=\u00a0\u00bbcertif-zone\u00a0\u00bb][vc_column_inner width=\u00a0\u00bb1\/3&Prime;][vc_single_image image=\u00a0\u00bb129&Prime; img_size=\u00a0\u00bbfull\u00a0\u00bb alignment=\u00a0\u00bbcenter\u00a0\u00bb qode_css_animation=\u00a0\u00bb\u00a0\u00bb el_class=\u00a0\u00bbicon-home\u00a0\u00bb][vc_column_text el_class=\u00a0\u00bbtext-icon\u00a0\u00bb]Certificaat 1[\/vc_column_text][vc_column_text el_class=\u00a0\u00bbtext-tech\u00a0\u00bb]Vivamus in pulvinar ex. Donec sodales rhoncus eros et venenatis. Cras consequat aliquam erat. Praesent semper arcu commodo commodo condimentum.[\/vc_column_text][\/vc_column_inner][vc_column_inner width=\u00a0\u00bb1\/3&Prime;][vc_single_image image=\u00a0\u00bb129&Prime; img_size=\u00a0\u00bbfull\u00a0\u00bb alignment=\u00a0\u00bbcenter\u00a0\u00bb qode_css_animation=\u00a0\u00bb\u00a0\u00bb el_class=\u00a0\u00bbicon-home\u00a0\u00bb][vc_column_text el_class=\u00a0\u00bbtext-icon\u00a0\u00bb]Certificaat 2[\/vc_column_text][vc_column_text el_class=\u00a0\u00bbtext-tech\u00a0\u00bb]Vivamus in pulvinar ex. Donec sodales rhoncus eros et venenatis. Cras consequat aliquam erat. Praesent semper arcu commodo commodo condimentum.[\/vc_column_text][\/vc_column_inner][vc_column_inner width=\u00a0\u00bb1\/3&Prime;][vc_single_image image=\u00a0\u00bb129&Prime; img_size=\u00a0\u00bbfull\u00a0\u00bb alignment=\u00a0\u00bbcenter\u00a0\u00bb qode_css_animation=\u00a0\u00bb\u00a0\u00bb el_class=\u00a0\u00bbicon-home\u00a0\u00bb][vc_column_text el_class=\u00a0\u00bbtext-icon\u00a0\u00bb]Certificaat 3[\/vc_column_text][vc_column_text el_class=\u00a0\u00bbtext-tech\u00a0\u00bb]Vivamus in pulvinar ex. Donec sodales rhoncus eros et venenatis. Cras consequat aliquam erat. Praesent semper arcu commodo commodo condimentum.[\/vc_column_text][\/vc_column_inner][\/vc_row_inner][vc_empty_space height=\u00a0\u00bb60px\u00a0\u00bb][\/vc_column][\/vc_row]<\/p>\n","protected":false},"excerpt":{"rendered":"<p>[vc_row css_animation=\u00a0\u00bb\u00a0\u00bb row_type=\u00a0\u00bbrow\u00a0\u00bb use_row_as_full_screen_section=\u00a0\u00bbno\u00a0\u00bb type=\u00a0\u00bbgrid\u00a0\u00bb angled_section=\u00a0\u00bbno\u00a0\u00bb text_align=\u00a0\u00bbleft\u00a0\u00bb background_image_as_pattern=\u00a0\u00bbwithout_pattern\u00a0\u00bb background_color=\u00a0\u00bb#383a35&Prime; el_id=\u00a0\u00bbtech-zone1&Prime; z_index=\u00a0\u00bb\u00a0\u00bb el_class=\u00a0\u00bbtechnology\u00a0\u00bb][vc_column width=\u00a0\u00bb1\/2&Prime;][vc_empty_space height=\u00a0\u00bb30px\u00a0\u00bb el_class=\u00a0\u00bbspace-zone1&Prime;][vc_column_text el_class=\u00a0\u00bbtext-home\u00a0\u00bb] Qu&rsquo;est-ce que la technologie du verre expans\u00e9 ? Les panneaux Omnex sont constitu\u00e9s d&rsquo;une combinaison de verre recycl\u00e9 et de min\u00e9raux. La bonne combinaison et la bonne composition donnent&#8230;<\/p>\n","protected":false},"author":4,"featured_media":0,"parent":0,"menu_order":0,"comment_status":"closed","ping_status":"closed","template":"full_width.php","meta":[],"acf":[],"_links":{"self":[{"href":"https:\/\/omnex-panels.com\/fr\/wp-json\/wp\/v2\/pages\/260"}],"collection":[{"href":"https:\/\/omnex-panels.com\/fr\/wp-json\/wp\/v2\/pages"}],"about":[{"href":"https:\/\/omnex-panels.com\/fr\/wp-json\/wp\/v2\/types\/page"}],"author":[{"embeddable":true,"href":"https:\/\/omnex-panels.com\/fr\/wp-json\/wp\/v2\/users\/4"}],"replies":[{"embeddable":true,"href":"https:\/\/omnex-panels.com\/fr\/wp-json\/wp\/v2\/comments?post=260"}],"version-history":[{"count":9,"href":"https:\/\/omnex-panels.com\/fr\/wp-json\/wp\/v2\/pages\/260\/revisions"}],"predecessor-version":[{"id":2734,"href":"https:\/\/omnex-panels.com\/fr\/wp-json\/wp\/v2\/pages\/260\/revisions\/2734"}],"wp:attachment":[{"href":"https:\/\/omnex-panels.com\/fr\/wp-json\/wp\/v2\/media?parent=260"}],"curies":[{"name":"wp","href":"https:\/\/api.w.org\/{rel}","templated":true}]}}