{"id":261,"date":"2018-05-02T15:09:42","date_gmt":"2018-05-02T13:09:42","guid":{"rendered":"https:\/\/omnex-panels.com\/omnex-panel\/"},"modified":"2026-04-13T15:01:55","modified_gmt":"2026-04-13T13:01:55","slug":"omnex-classic","status":"publish","type":"page","link":"https:\/\/omnex-panels.com\/fr\/omnex-classic\/","title":{"rendered":"Omnex Classic"},"content":{"rendered":"<p>[vc_row css_animation=\u00a0\u00bb\u00a0\u00bb row_type=\u00a0\u00bbrow\u00a0\u00bb use_row_as_full_screen_section=\u00a0\u00bbno\u00a0\u00bb type=\u00a0\u00bbgrid\u00a0\u00bb angled_section=\u00a0\u00bbno\u00a0\u00bb text_align=\u00a0\u00bbleft\u00a0\u00bb background_image_as_pattern=\u00a0\u00bbwithout_pattern\u00a0\u00bb background_color=\u00a0\u00bb#383a35&Prime; el_id=\u00a0\u00bbtech-zone1&Prime; z_index=\u00a0\u00bb\u00a0\u00bb][vc_column width=\u00a0\u00bb1\/2&Prime;][vc_empty_space height=\u00a0\u00bb30px\u00a0\u00bb el_class=\u00a0\u00bbspace-zone1&Prime;][vc_column_text el_class=\u00a0\u00bbtext-home\u00a0\u00bb]<\/p>\n<h1>Omnex Classic<\/h1>\n<p>Omnex Classic est un panneau de construction tr\u00e8s l\u00e9ger, polyvalent qui peut \u00eatre utilis\u00e9 comme support pour diff\u00e9rents mat\u00e9riaux de finition comme le pl\u00e2tre, le pl\u00e2tre d\u00e9coratif, pierre naturelle, le papier peint, produits industriels, le m\u00e9tal, les tuiles, etc. Le panneau Omnex a de nombreux domaines d\u2019application :<\/p>\n<ul>\n<li>Rev\u00eatement mural int\u00e9rieur<\/li>\n<li>Rev\u00eatement mural ext\u00e9rieur<\/li>\n<li>Pi\u00e8ces humides<\/li>\n<li>Applications techniques\u00a0: horeca, secteur m\u00e9dicale, panneau sandwich<\/li>\n<li>Construction en ossature bois<\/li>\n<\/ul>\n<p>[\/vc_column_text][\/vc_column][vc_column width=\u00a0\u00bb1\/2&Prime;][vc_empty_space height=\u00a0\u00bb125px\u00a0\u00bb el_class=\u00a0\u00bbspace-zone1&Prime;][vc_single_image image=\u00a0\u00bb185&Prime; img_size=\u00a0\u00bbfull\u00a0\u00bb qode_css_animation=\u00a0\u00bb\u00a0\u00bb][\/vc_column][\/vc_row][vc_row css_animation=\u00a0\u00bb\u00a0\u00bb row_type=\u00a0\u00bbrow\u00a0\u00bb use_row_as_full_screen_section=\u00a0\u00bbno\u00a0\u00bb type=\u00a0\u00bbgrid\u00a0\u00bb angled_section=\u00a0\u00bbno\u00a0\u00bb text_align=\u00a0\u00bbleft\u00a0\u00bb background_image_as_pattern=\u00a0\u00bbwithout_pattern\u00a0\u00bb background_color=\u00a0\u00bb#383a35&Prime; el_id=\u00a0\u00bbtech-zone1-mobile\u00a0\u00bb z_index=\u00a0\u00bb\u00a0\u00bb][vc_column width=\u00a0\u00bb1\/2&Prime;][vc_empty_space height=\u00a0\u00bb65px\u00a0\u00bb el_class=\u00a0\u00bbspace-zone1&Prime;][vc_single_image image=\u00a0\u00bb185&Prime; img_size=\u00a0\u00bbfull\u00a0\u00bb qode_css_animation=\u00a0\u00bb\u00a0\u00bb][\/vc_column][vc_column width=\u00a0\u00bb1\/2&Prime;][vc_empty_space height=\u00a0\u00bb30px\u00a0\u00bb el_class=\u00a0\u00bbspace-zone1&Prime;][vc_column_text el_class=\u00a0\u00bbtext-home\u00a0\u00bb]<\/p>\n<h1>Omnex Classic<\/h1>\n<p>Omnex Classic est un panneau de construction polyvalent qui peut \u00eatre utilis\u00e9 comme support pour diff\u00e9rents mat\u00e9riaux de finition comme le pl\u00e2tre, le pl\u00e2tre d\u00e9coratif, pierre naturelle, le papier peint, produits industriels, le m\u00e9tal, les tuiles, etc. Le panneau Omnex a de nombreux domaines d\u2019application\u00a0:<\/p>\n<ul>\n<li>Rev\u00eatement mural int\u00e9rieur<\/li>\n<li>Rev\u00eatement mural ext\u00e9rieur<\/li>\n<li>Pi\u00e8ces humides<\/li>\n<li>Applications techniques\u00a0: horeca, secteur m\u00e9dicale, panneau sandwich<\/li>\n<li>Construction en ossature bois<\/li>\n<\/ul>\n<p>[\/vc_column_text][\/vc_column][\/vc_row][vc_row css_animation=\u00a0\u00bb\u00a0\u00bb row_type=\u00a0\u00bbrow\u00a0\u00bb use_row_as_full_screen_section=\u00a0\u00bbno\u00a0\u00bb type=\u00a0\u00bbgrid\u00a0\u00bb angled_section=\u00a0\u00bbno\u00a0\u00bb text_align=\u00a0\u00bbleft\u00a0\u00bb background_image_as_pattern=\u00a0\u00bbwithout_pattern\u00a0\u00bb background_color=\u00a0\u00bb#ffffff\u00a0\u00bb el_id=\u00a0\u00bbprod-zone2&Prime; z_index=\u00a0\u00bb\u00a0\u00bb][vc_column][vc_column_text el_class=\u00a0\u00bbtext-home\u00a0\u00bb]<\/p>\n<h1>Caract\u00e9ristiques uniques Omnex Classic<\/h1>\n<p>[\/vc_column_text][vc_row_inner row_type=\u00a0\u00bbrow\u00a0\u00bb type=\u00a0\u00bbfull_width\u00a0\u00bb text_align=\u00a0\u00bbleft\u00a0\u00bb css_animation=\u00a0\u00bb\u00a0\u00bb el_class=\u00a0\u00bbicon-list\u00a0\u00bb][vc_column_inner width=\u00a0\u00bb1\/3&Prime;][vc_single_image image=\u00a0\u00bb67&Prime; img_size=\u00a0\u00bbfull\u00a0\u00bb alignment=\u00a0\u00bbcenter\u00a0\u00bb qode_css_animation=\u00a0\u00bb\u00a0\u00bb el_class=\u00a0\u00bbicon-home\u00a0\u00bb][vc_column_text el_class=\u00a0\u00bbtext-icon\u00a0\u00bb]Multifonctionnel[\/vc_column_text][vc_column_text el_class=\u00a0\u00bbtext-tech\u00a0\u00bb]applications \u00e0 l\u2019int\u00e9rieur et \u00e0 l\u2019ext\u00e9rieur[\/vc_column_text][\/vc_column_inner][vc_column_inner width=\u00a0\u00bb1\/3&Prime;][vc_single_image image=\u00a0\u00bb70&Prime; img_size=\u00a0\u00bbfull\u00a0\u00bb alignment=\u00a0\u00bbcenter\u00a0\u00bb qode_css_animation=\u00a0\u00bb\u00a0\u00bb el_class=\u00a0\u00bbicon-home\u00a0\u00bb][vc_column_text el_class=\u00a0\u00bbtext-icon\u00a0\u00bb]L\u00e9ger[\/vc_column_text][vc_column_text el_class=\u00a0\u00bbtext-tech\u00a0\u00bb]tr\u00e8s facile \u00e0 traiter et \u00e0 porter[\/vc_column_text][\/vc_column_inner][vc_column_inner el_class=\u00a0\u00bbcolumn-hide\u00a0\u00bb width=\u00a0\u00bb1\/3&Prime;][vc_single_image image=\u00a0\u00bb68&Prime; img_size=\u00a0\u00bbfull\u00a0\u00bb alignment=\u00a0\u00bbcenter\u00a0\u00bb qode_css_animation=\u00a0\u00bb\u00a0\u00bb el_class=\u00a0\u00bbicon-home\u00a0\u00bb][vc_column_text el_class=\u00a0\u00bbtext-icon\u00a0\u00bb]R\u00e9sistant[\/vc_column_text][vc_column_text el_class=\u00a0\u00bbtext-tech\u00a0\u00bb]robuste et grande r\u00e9sistance aux chocs[\/vc_column_text][\/vc_column_inner][\/vc_row_inner][vc_row_inner row_type=\u00a0\u00bbrow\u00a0\u00bb type=\u00a0\u00bbfull_width\u00a0\u00bb text_align=\u00a0\u00bbleft\u00a0\u00bb css_animation=\u00a0\u00bb\u00a0\u00bb el_class=\u00a0\u00bbicon-list\u00a0\u00bb][vc_column_inner width=\u00a0\u00bb1\/3&Prime;][vc_single_image image=\u00a0\u00bb66&Prime; img_size=\u00a0\u00bbfull\u00a0\u00bb alignment=\u00a0\u00bbcenter\u00a0\u00bb qode_css_animation=\u00a0\u00bb\u00a0\u00bb el_class=\u00a0\u00bbicon-home\u00a0\u00bb][vc_column_text el_class=\u00a0\u00bbtext-icon\u00a0\u00bb]Isolant[\/vc_column_text][vc_column_text el_class=\u00a0\u00bbtext-tech\u00a0\u00bb]poss\u00e8de des capacit\u00e9s d\u2019absorption acoustique et d\u2019isolation thermique[\/vc_column_text][\/vc_column_inner][vc_column_inner width=\u00a0\u00bb1\/3&Prime;][vc_single_image image=\u00a0\u00bb65&Prime; img_size=\u00a0\u00bbfull\u00a0\u00bb alignment=\u00a0\u00bbcenter\u00a0\u00bb qode_css_animation=\u00a0\u00bb\u00a0\u00bb el_class=\u00a0\u00bbicon-home\u00a0\u00bb][vc_column_text el_class=\u00a0\u00bbtext-icon\u00a0\u00bb]Ecologique[\/vc_column_text][vc_column_text el_class=\u00a0\u00bbtext-tech\u00a0\u00bb]fabriqu\u00e9s avec du verre recycl\u00e9, les panneaux sont durables et sains pour l\u2019habitat[\/vc_column_text][\/vc_column_inner][vc_column_inner el_class=\u00a0\u00bbcolumn-hide\u00a0\u00bb width=\u00a0\u00bb1\/3&Prime;][vc_single_image image=\u00a0\u00bb69&Prime; img_size=\u00a0\u00bbfull\u00a0\u00bb alignment=\u00a0\u00bbcenter\u00a0\u00bb qode_css_animation=\u00a0\u00bb\u00a0\u00bb el_class=\u00a0\u00bbicon-home\u00a0\u00bb][vc_column_text el_class=\u00a0\u00bbtext-icon\u00a0\u00bb]R\u00e9sistant \u00e0 l\u2019eau et au gel[\/vc_column_text][vc_column_text el_class=\u00a0\u00bbtext-tech\u00a0\u00bb]peut \u00eatre plac\u00e9 dans des pi\u00e8ces humides et r\u00e9siste au froid extr\u00eame[\/vc_column_text][\/vc_column_inner][\/vc_row_inner][vc_row_inner row_type=\u00a0\u00bbrow\u00a0\u00bb type=\u00a0\u00bbfull_width\u00a0\u00bb text_align=\u00a0\u00bbleft\u00a0\u00bb css_animation=\u00a0\u00bb\u00a0\u00bb el_class=\u00a0\u00bbicon-list\u00a0\u00bb][vc_column_inner width=\u00a0\u00bb1\/3&Prime;][vc_single_image image=\u00a0\u00bb64&Prime; img_size=\u00a0\u00bbfull\u00a0\u00bb alignment=\u00a0\u00bbcenter\u00a0\u00bb qode_css_animation=\u00a0\u00bb\u00a0\u00bb el_class=\u00a0\u00bbicon-home\u00a0\u00bb][vc_column_text el_class=\u00a0\u00bbtext-icon\u00a0\u00bb]Perm\u00e9able la vapeur[\/vc_column_text][vc_column_text el_class=\u00a0\u00bbtext-tech\u00a0\u00bb]assure une r\u00e9gulation naturelle de la vapeur et de la chaleur[\/vc_column_text][\/vc_column_inner][vc_column_inner width=\u00a0\u00bb1\/3&Prime;][vc_single_image image=\u00a0\u00bb63&Prime; img_size=\u00a0\u00bbfull\u00a0\u00bb alignment=\u00a0\u00bbcenter\u00a0\u00bb qode_css_animation=\u00a0\u00bb\u00a0\u00bb el_class=\u00a0\u00bbicon-home\u00a0\u00bb][vc_column_text el_class=\u00a0\u00bbtext-icon\u00a0\u00bb]Pr\u00e9vient la moisissure[\/vc_column_text][vc_column_text el_class=\u00a0\u00bbtext-tech\u00a0\u00bb]convient aux secteurs m\u00e9dicaux et alimentaires[\/vc_column_text][\/vc_column_inner][vc_column_inner width=\u00a0\u00bb1\/3&Prime;][vc_single_image image=\u00a0\u00bb240&Prime; img_size=\u00a0\u00bbfull\u00a0\u00bb alignment=\u00a0\u00bbcenter\u00a0\u00bb qode_css_animation=\u00a0\u00bb\u00a0\u00bb el_class=\u00a0\u00bbicon-home\u00a0\u00bb][vc_column_text el_class=\u00a0\u00bbtext-icon\u00a0\u00bb]Souple[\/vc_column_text][vc_column_text el_class=\u00a0\u00bbtext-tech\u00a0\u00bb]pratique pour former des arcs[\/vc_column_text][\/vc_column_inner][\/vc_row_inner][vc_row_inner row_type=\u00a0\u00bbrow\u00a0\u00bb type=\u00a0\u00bbfull_width\u00a0\u00bb text_align=\u00a0\u00bbleft\u00a0\u00bb css_animation=\u00a0\u00bb\u00a0\u00bb el_class=\u00a0\u00bbicon-list\u00a0\u00bb][vc_column_inner width=\u00a0\u00bb1\/3&Prime;][vc_single_image image=\u00a0\u00bb3300&Prime; img_size=\u00a0\u00bbfull\u00a0\u00bb alignment=\u00a0\u00bbcenter\u00a0\u00bb qode_css_animation=\u00a0\u00bb\u00a0\u00bb el_class=\u00a0\u00bbicon-home\u00a0\u00bb][\/vc_column_inner][vc_column_inner width=\u00a0\u00bb1\/3&Prime;][vc_single_image image=\u00a0\u00bb3296&Prime; img_size=\u00a0\u00bbfull\u00a0\u00bb alignment=\u00a0\u00bbcenter\u00a0\u00bb qode_css_animation=\u00a0\u00bb\u00a0\u00bb el_class=\u00a0\u00bbicon-home\u00a0\u00bb][\/vc_column_inner][\/vc_row_inner][vc_empty_space height=\u00a0\u00bb60px\u00a0\u00bb][\/vc_column][\/vc_row][vc_row css_animation=\u00a0\u00bb\u00a0\u00bb row_type=\u00a0\u00bbrow\u00a0\u00bb use_row_as_full_screen_section=\u00a0\u00bbno\u00a0\u00bb type=\u00a0\u00bbgrid\u00a0\u00bb angled_section=\u00a0\u00bbno\u00a0\u00bb text_align=\u00a0\u00bbleft\u00a0\u00bb background_image_as_pattern=\u00a0\u00bbwithout_pattern\u00a0\u00bb background_color=\u00a0\u00bb#ffffff\u00a0\u00bb z_index=\u00a0\u00bb\u00a0\u00bb el_id=\u00a0\u00bbhome-zone2&Prime;][vc_column][vc_column_text el_class=\u00a0\u00bbtext-home\u00a0\u00bb]<\/p>\n<h1>Applications<\/h1>\n<div id=\"ConnectiveDocSignExtentionInstalled\" data-extension-version=\"1.0.4\"><\/div>\n<div id=\"ConnectiveDocSignExtentionInstalled\" data-extension-version=\"1.0.4\"><\/div>\n<p>[\/vc_column_text][\/vc_column][\/vc_row][vc_row css_animation=\u00a0\u00bb\u00a0\u00bb row_type=\u00a0\u00bbrow\u00a0\u00bb use_row_as_full_screen_section=\u00a0\u00bbno\u00a0\u00bb type=\u00a0\u00bbfull_width\u00a0\u00bb angled_section=\u00a0\u00bbno\u00a0\u00bb text_align=\u00a0\u00bbleft\u00a0\u00bb background_image_as_pattern=\u00a0\u00bbwithout_pattern\u00a0\u00bb background_color=\u00a0\u00bb#ffffff\u00a0\u00bb z_index=\u00a0\u00bb\u00a0\u00bb][vc_column][rev_slider_vc alias=\u00a0\u00bbhome2-fr\u00a0\u00bb][\/vc_column][\/vc_row][vc_row css_animation=\u00a0\u00bb\u00a0\u00bb row_type=\u00a0\u00bbrow\u00a0\u00bb use_row_as_full_screen_section=\u00a0\u00bbno\u00a0\u00bb type=\u00a0\u00bbgrid\u00a0\u00bb angled_section=\u00a0\u00bbno\u00a0\u00bb text_align=\u00a0\u00bbleft\u00a0\u00bb background_image_as_pattern=\u00a0\u00bbwithout_pattern\u00a0\u00bb background_color=\u00a0\u00bb#ffffff\u00a0\u00bb z_index=\u00a0\u00bb\u00a0\u00bb el_class=\u00a0\u00bbdown-produ\u00a0\u00bb][vc_column][vc_column_text el_class=\u00a0\u00bbtext-home\u00a0\u00bb]<\/p>\n<h1>T\u00e9l\u00e9chargements<\/h1>\n<p>[\/vc_column_text][vc_row_inner row_type=\u00a0\u00bbrow\u00a0\u00bb type=\u00a0\u00bbgrid\u00a0\u00bb text_align=\u00a0\u00bbcenter\u00a0\u00bb css_animation=\u00a0\u00bb\u00a0\u00bb][vc_column_inner width=\u00a0\u00bb1\/2&Prime;][vc_column_text el_class=\u00a0\u00bbbutton-prod\u00a0\u00bb]<a href=\"https:\/\/omnex-panels.com\/layout\/uploads\/2020\/07\/Userguide-Omnex-FR.pdf\" target=\"_blank\" rel=\"noopener noreferrer\"><button>Guide d&rsquo;installation<\/button><\/a><\/p>\n<div id=\"ConnectiveDocSignExtentionInstalled\" data-extension-version=\"1.0.4\"><\/div>\n<div id=\"ConnectiveDocSignExtentionInstalled\" data-extension-version=\"1.0.4\"><\/div>\n<p>[\/vc_column_text][\/vc_column_inner][vc_column_inner width=\u00a0\u00bb1\/2&Prime;][vc_column_text el_class=\u00a0\u00bbbutton-prod\u00a0\u00bb]<a href=\"https:\/\/omnex-panels.com\/layout\/uploads\/2021\/05\/Fiche-produit-Omnex-Classic.pdf\" target=\"_blank\" rel=\"noopener noreferrer\"><button>Fiche technique<\/button><\/a>[\/vc_column_text][\/vc_column_inner][\/vc_row_inner][vc_empty_space height=\u00a0\u00bb50px\u00a0\u00bb el_class=\u00a0\u00bbspace-zone1&Prime;][vc_row_inner row_type=\u00a0\u00bbrow\u00a0\u00bb type=\u00a0\u00bbfull_width\u00a0\u00bb text_align=\u00a0\u00bbcenter\u00a0\u00bb css_animation=\u00a0\u00bb\u00a0\u00bb][vc_column_inner][vc_column_text el_class=\u00a0\u00bbbutton-prod\u00a0\u00bb]<\/p>\n<p>La <strong>fiche de s\u00e9curit\u00e9<\/strong> peut \u00eatre demand\u00e9e ici : <a href=\"mailto:info@omnex-panels.com\">info@omnex-panels.com<\/a><\/p>\n<p>[\/vc_column_text][\/vc_column_inner][\/vc_row_inner][vc_empty_space height=\u00a0\u00bb50px\u00a0\u00bb el_class=\u00a0\u00bbspace-zone1&Prime;][\/vc_column][\/vc_row]<\/p>\n","protected":false},"excerpt":{"rendered":"<p>[vc_row css_animation=\u00a0\u00bb\u00a0\u00bb row_type=\u00a0\u00bbrow\u00a0\u00bb use_row_as_full_screen_section=\u00a0\u00bbno\u00a0\u00bb type=\u00a0\u00bbgrid\u00a0\u00bb angled_section=\u00a0\u00bbno\u00a0\u00bb text_align=\u00a0\u00bbleft\u00a0\u00bb background_image_as_pattern=\u00a0\u00bbwithout_pattern\u00a0\u00bb background_color=\u00a0\u00bb#383a35&Prime; el_id=\u00a0\u00bbtech-zone1&Prime; z_index=\u00a0\u00bb\u00a0\u00bb][vc_column width=\u00a0\u00bb1\/2&Prime;][vc_empty_space height=\u00a0\u00bb30px\u00a0\u00bb el_class=\u00a0\u00bbspace-zone1&Prime;][vc_column_text el_class=\u00a0\u00bbtext-home\u00a0\u00bb] Omnex Classic Omnex Classic est un panneau de construction tr\u00e8s l\u00e9ger, polyvalent qui peut \u00eatre utilis\u00e9 comme support pour diff\u00e9rents mat\u00e9riaux de finition comme le pl\u00e2tre, le pl\u00e2tre d\u00e9coratif, pierre&#8230;<\/p>\n","protected":false},"author":4,"featured_media":0,"parent":0,"menu_order":0,"comment_status":"closed","ping_status":"closed","template":"full_width.php","meta":[],"acf":[],"_links":{"self":[{"href":"https:\/\/omnex-panels.com\/fr\/wp-json\/wp\/v2\/pages\/261"}],"collection":[{"href":"https:\/\/omnex-panels.com\/fr\/wp-json\/wp\/v2\/pages"}],"about":[{"href":"https:\/\/omnex-panels.com\/fr\/wp-json\/wp\/v2\/types\/page"}],"author":[{"embeddable":true,"href":"https:\/\/omnex-panels.com\/fr\/wp-json\/wp\/v2\/users\/4"}],"replies":[{"embeddable":true,"href":"https:\/\/omnex-panels.com\/fr\/wp-json\/wp\/v2\/comments?post=261"}],"version-history":[{"count":38,"href":"https:\/\/omnex-panels.com\/fr\/wp-json\/wp\/v2\/pages\/261\/revisions"}],"predecessor-version":[{"id":3402,"href":"https:\/\/omnex-panels.com\/fr\/wp-json\/wp\/v2\/pages\/261\/revisions\/3402"}],"wp:attachment":[{"href":"https:\/\/omnex-panels.com\/fr\/wp-json\/wp\/v2\/media?parent=261"}],"curies":[{"name":"wp","href":"https:\/\/api.w.org\/{rel}","templated":true}]}}